{"id":12413,"date":"2023-09-12T12:29:04","date_gmt":"2023-09-12T12:29:04","guid":{"rendered":"https:\/\/hd-multimedia.com\/?post_type=product&#038;p=12413"},"modified":"2026-03-27T11:39:13","modified_gmt":"2026-03-27T11:39:13","slug":"topping-e30-ii-lite","status":"publish","type":"product","link":"https:\/\/hd-multimedia.com\/en\/trgovina\/topping-e30-ii-lite\/","title":{"rendered":"Topping E30 II Lite"},"content":{"rendered":"<p>E30 II Lite koristi prakti\u010dno napajanje od 5 V DC. To zna\u010di da se mo\u017ee koristiti gotovo bilo gdje i mo\u017ee se spojiti na ra\u010dunalo, punja\u010d za telefon ili powerbank. Ugra\u0111eni za\u0161titni sklop \u0161titi E30 II Lite i prikazat \u0107e poruku o pogre\u0161ci u slu\u010daju pogre\u0161nog napajanja.<\/p>\n<p>Kako bi se rije\u0161io problem \u0161uma koji mo\u017ee uzrokovati napajanje od 5 V, E30 II Lite uklju\u010duje diskretni LNRD (Low Noise Reference Driver) krug. On filtrira \u0161um iz napajanja kako bi audio krugovima osigurao ultra-niski \u0161um, savr\u0161eno stabilan elektri\u010dni signal. Kao rezultat toga, pozadinski \u0161um E30 II Lite je manji od 1,9 \u03bcV.<\/p>\n<p><a href=\"https:\/\/www.toppingaudio.com\/product-item\/e30-ii-lite?tab=specs\" target=\"_blank\" rel=\"noopener\">Detailed specifications!<\/a><\/p>","protected":false},"excerpt":{"rendered":"<p>Topping E30 II Lite DAC je smanjena verzija izvrsnog E30 II, koja sadr\u017ei niz tehni\u010dkih pobolj\u0161anja u odnosu na E30. S AK4493S DAC \u010dipom, XMOS XU208 USB su\u010deljem i optimiziranim napajanjem, Toppingov novitet pru\u017eit \u0107e vam izvrstan DAC po izuzetno pristupa\u010dnoj cijeni. Kad je rije\u010d o povezivosti, E30 II Lite nudi niz priklju\u010daka kao i E30 II, \u0161to ga \u010dini jednostavnim za integraciju u veliku ve\u0107inu audio sustava. Ulazi uklju\u010duju USB-B, Toslink opti\u010dki i koaksijalni. Izlaz je jednostavno stereo RCA.<\/p>\n<p>Topping E30 II Lite je temeljen na istoj arhitekturi kao najnoviji E30 ii, i tako\u0111er ima bogat zvuk s AKM-ovim lijepim tonalitetom. Uvelike pobolj\u0161ava va\u0161e iskustvo slu\u0161anja svojim jasnim dekodiranjem s visokim SNR i niskim izobli\u010denjem!!<\/p>\n<p><a href=\"https:\/\/www.toppingaudio.com\/product-item\/e30-ii-lite\" target=\"_blank\" rel=\"noopener\">Link za dodatne informacije o E30II Lite<\/a><\/p>","protected":false},"featured_media":12417,"template":"","meta":{"site-sidebar-layout":"default","site-content-layout":"default","ast-site-content-layout":"default","site-content-style":"default","site-sidebar-style":"default","ast-global-header-display":"","ast-banner-title-visibility":"","ast-main-header-display":"","ast-hfb-above-header-display":"","ast-hfb-below-header-display":"","ast-hfb-mobile-header-display":"","site-post-title":"","ast-breadcrumbs-content":"","ast-featured-img":"","footer-sml-layout":"","theme-transparent-header-meta":"default","adv-header-id-meta":"","stick-header-meta":"default","header-above-stick-meta":"","header-main-stick-meta":"","header-below-stick-meta":"","astra-migrate-meta-layouts":"set","ast-page-background-enabled":"default","ast-page-background-meta":{"desktop":{"background-color":"","background-image":"","background-repeat":"repeat","background-position":"center center","background-size":"auto","background-attachment":"scroll","background-type":"","background-media":"","overlay-type":"","overlay-color":"","overlay-opacity":"","overlay-gradient":""},"tablet":{"background-color":"","background-image":"","background-repeat":"repeat","background-position":"center center","background-size":"auto","background-attachment":"scroll","background-type":"","background-media":"","overlay-type":"","overlay-color":"","overlay-opacity":"","overlay-gradient":""},"mobile":{"background-color":"","background-image":"","background-repeat":"repeat","background-position":"center center","background-size":"auto","background-attachment":"scroll","background-type":"","background-media":"","overlay-type":"","overlay-color":"","overlay-opacity":"","overlay-gradient":""}},"ast-content-background-meta":{"desktop":{"background-color":"var(--ast-global-color-5)","background-image":"","background-repeat":"repeat","background-position":"center center","background-size":"auto","background-attachment":"scroll","background-type":"","background-media":"","overlay-type":"","overlay-color":"","overlay-opacity":"","overlay-gradient":""},"tablet":{"background-color":"var(--ast-global-color-5)","background-image":"","background-repeat":"repeat","background-position":"center center","background-size":"auto","background-attachment":"scroll","background-type":"","background-media":"","overlay-type":"","overlay-color":"","overlay-opacity":"","overlay-gradient":""},"mobile":{"background-color":"var(--ast-global-color-5)","background-image":"","background-repeat":"repeat","background-position":"center center","background-size":"auto","background-attachment":"scroll","background-type":"","background-media":"","overlay-type":"","overlay-color":"","overlay-opacity":"","overlay-gradient":""}}},"class_list":["post-12413","product","type-product","status-publish","has-post-thumbnail","hentry","product_cat-dac","product_cat-topping","desktop-align-center","tablet-align-center","mobile-align-center","ast-product-gallery-layout-horizontal","ast-magnify-disabled","ast-product-single-variable","ast-product-tabs-layout-horizontal"],"yoast_head":"<!-- This site is optimized with the Yoast SEO plugin v21.4 - https:\/\/yoast.com\/wordpress\/plugins\/seo\/ -->\n<title>Topping E30 II Lite - hd-multimedia<\/title>\n<meta name=\"description\" content=\"Topping E30 II Lite DAC je smanjena verzija izvrsnog E30 II, koja sadr\u017ei niz tehni\u010dkih pobolj\u0161anja u odnosu na E30. S AK4493S DAC \u010dipom, XMOS XU208 USB.\" \/>\n<meta name=\"robots\" content=\"index, follow, max-snippet:-1, max-image-preview:large, max-video-preview:-1\" \/>\n<link rel=\"canonical\" href=\"https:\/\/hd-multimedia.com\/en\/trgovina\/topping-e30-ii-lite\/\" \/>\n<meta property=\"og:locale\" content=\"en_GB\" \/>\n<meta property=\"og:type\" content=\"article\" \/>\n<meta property=\"og:title\" content=\"Topping E30 II Lite - hd-multimedia\" \/>\n<meta property=\"og:description\" content=\"Topping E30 II Lite DAC je smanjena verzija izvrsnog E30 II, koja sadr\u017ei niz tehni\u010dkih pobolj\u0161anja u odnosu na E30. S AK4493S DAC \u010dipom, XMOS XU208 USB.\" \/>\n<meta property=\"og:url\" content=\"https:\/\/hd-multimedia.com\/en\/trgovina\/topping-e30-ii-lite\/\" \/>\n<meta property=\"og:site_name\" content=\"hd-multimedia\" \/>\n<meta property=\"article:modified_time\" content=\"2026-03-27T11:39:13+00:00\" \/>\n<meta property=\"og:image\" content=\"https:\/\/hd-multimedia.com\/hdm_media\/Topping-E30-II-Lite-Black.jpg\" \/>\n\t<meta property=\"og:image:width\" content=\"900\" \/>\n\t<meta property=\"og:image:height\" content=\"900\" \/>\n\t<meta property=\"og:image:type\" content=\"image\/jpeg\" \/>\n<meta name=\"twitter:card\" content=\"summary_large_image\" \/>\n<meta name=\"twitter:label1\" content=\"Estimated reading time\" \/>\n\t<meta name=\"twitter:data1\" content=\"1 minute\" \/>\n<script type=\"application\/ld+json\" class=\"yoast-schema-graph\">{\"@context\":\"https:\/\/schema.org\",\"@graph\":[{\"@type\":\"WebPage\",\"@id\":\"https:\/\/hd-multimedia.com\/trgovina\/topping-e30-ii-lite\/\",\"url\":\"https:\/\/hd-multimedia.com\/trgovina\/topping-e30-ii-lite\/\",\"name\":\"Topping E30 II Lite - hd-multimedia\",\"isPartOf\":{\"@id\":\"https:\/\/hd-multimedia.com\/#website\"},\"datePublished\":\"2023-09-12T12:29:04+00:00\",\"dateModified\":\"2026-03-27T11:39:13+00:00\",\"description\":\"Topping E30 II Lite DAC je smanjena verzija izvrsnog E30 II, koja sadr\u017ei niz tehni\u010dkih pobolj\u0161anja u odnosu na E30. S AK4493S DAC \u010dipom, XMOS XU208 USB.\",\"breadcrumb\":{\"@id\":\"https:\/\/hd-multimedia.com\/trgovina\/topping-e30-ii-lite\/#breadcrumb\"},\"inLanguage\":\"en-GB\",\"potentialAction\":[{\"@type\":\"ReadAction\",\"target\":[\"https:\/\/hd-multimedia.com\/trgovina\/topping-e30-ii-lite\/\"]}]},{\"@type\":\"BreadcrumbList\",\"@id\":\"https:\/\/hd-multimedia.com\/trgovina\/topping-e30-ii-lite\/#breadcrumb\",\"itemListElement\":[{\"@type\":\"ListItem\",\"position\":1,\"name\":\"Po\u010detna stranica\",\"item\":\"https:\/\/hd-multimedia.com\/\"},{\"@type\":\"ListItem\",\"position\":2,\"name\":\"Trgovina\",\"item\":\"https:\/\/hd-multimedia.com\/trgovina\/\"},{\"@type\":\"ListItem\",\"position\":3,\"name\":\"Topping E30 II Lite\"}]},{\"@type\":\"WebSite\",\"@id\":\"https:\/\/hd-multimedia.com\/#website\",\"url\":\"https:\/\/hd-multimedia.com\/\",\"name\":\"hd-multimedia\",\"description\":\"\",\"publisher\":{\"@id\":\"https:\/\/hd-multimedia.com\/#organization\"},\"potentialAction\":[{\"@type\":\"SearchAction\",\"target\":{\"@type\":\"EntryPoint\",\"urlTemplate\":\"https:\/\/hd-multimedia.com\/?s={search_term_string}\"},\"query-input\":\"required name=search_term_string\"}],\"inLanguage\":\"en-GB\"},{\"@type\":\"Organization\",\"@id\":\"https:\/\/hd-multimedia.com\/#organization\",\"name\":\"hd-multimedia\",\"url\":\"https:\/\/hd-multimedia.com\/\",\"logo\":{\"@type\":\"ImageObject\",\"inLanguage\":\"en-GB\",\"@id\":\"https:\/\/hd-multimedia.com\/#\/schema\/logo\/image\/\",\"url\":\"https:\/\/hd-multimedia.com\/hdm_media\/HD-curves-ok-196-56px-alpha-1.png\",\"contentUrl\":\"https:\/\/hd-multimedia.com\/hdm_media\/HD-curves-ok-196-56px-alpha-1.png\",\"width\":196,\"height\":53,\"caption\":\"hd-multimedia\"},\"image\":{\"@id\":\"https:\/\/hd-multimedia.com\/#\/schema\/logo\/image\/\"}}]}<\/script>\n<!-- \/ Yoast SEO plugin. -->","yoast_head_json":{"title":"Topping E30 II Lite - hd-multimedia","description":"Topping E30 II Lite DAC je smanjena verzija izvrsnog E30 II, koja sadr\u017ei niz tehni\u010dkih pobolj\u0161anja u odnosu na E30. S AK4493S DAC \u010dipom, XMOS XU208 USB.","robots":{"index":"index","follow":"follow","max-snippet":"max-snippet:-1","max-image-preview":"max-image-preview:large","max-video-preview":"max-video-preview:-1"},"canonical":"https:\/\/hd-multimedia.com\/en\/trgovina\/topping-e30-ii-lite\/","og_locale":"en_GB","og_type":"article","og_title":"Topping E30 II Lite - hd-multimedia","og_description":"Topping E30 II Lite DAC je smanjena verzija izvrsnog E30 II, koja sadr\u017ei niz tehni\u010dkih pobolj\u0161anja u odnosu na E30. S AK4493S DAC \u010dipom, XMOS XU208 USB.","og_url":"https:\/\/hd-multimedia.com\/en\/trgovina\/topping-e30-ii-lite\/","og_site_name":"hd-multimedia","article_modified_time":"2026-03-27T11:39:13+00:00","og_image":[{"width":900,"height":900,"url":"https:\/\/hd-multimedia.com\/hdm_media\/Topping-E30-II-Lite-Black.jpg","type":"image\/jpeg"}],"twitter_card":"summary_large_image","twitter_misc":{"Estimated reading time":"1 minute"},"schema":{"@context":"https:\/\/schema.org","@graph":[{"@type":"WebPage","@id":"https:\/\/hd-multimedia.com\/trgovina\/topping-e30-ii-lite\/","url":"https:\/\/hd-multimedia.com\/trgovina\/topping-e30-ii-lite\/","name":"Topping E30 II Lite - hd-multimedia","isPartOf":{"@id":"https:\/\/hd-multimedia.com\/#website"},"datePublished":"2023-09-12T12:29:04+00:00","dateModified":"2026-03-27T11:39:13+00:00","description":"Topping E30 II Lite DAC je smanjena verzija izvrsnog E30 II, koja sadr\u017ei niz tehni\u010dkih pobolj\u0161anja u odnosu na E30. S AK4493S DAC \u010dipom, XMOS XU208 USB.","breadcrumb":{"@id":"https:\/\/hd-multimedia.com\/trgovina\/topping-e30-ii-lite\/#breadcrumb"},"inLanguage":"en-GB","potentialAction":[{"@type":"ReadAction","target":["https:\/\/hd-multimedia.com\/trgovina\/topping-e30-ii-lite\/"]}]},{"@type":"BreadcrumbList","@id":"https:\/\/hd-multimedia.com\/trgovina\/topping-e30-ii-lite\/#breadcrumb","itemListElement":[{"@type":"ListItem","position":1,"name":"Po\u010detna stranica","item":"https:\/\/hd-multimedia.com\/"},{"@type":"ListItem","position":2,"name":"Trgovina","item":"https:\/\/hd-multimedia.com\/trgovina\/"},{"@type":"ListItem","position":3,"name":"Topping E30 II Lite"}]},{"@type":"WebSite","@id":"https:\/\/hd-multimedia.com\/#website","url":"https:\/\/hd-multimedia.com\/","name":"hd-multimedia","description":"","publisher":{"@id":"https:\/\/hd-multimedia.com\/#organization"},"potentialAction":[{"@type":"SearchAction","target":{"@type":"EntryPoint","urlTemplate":"https:\/\/hd-multimedia.com\/?s={search_term_string}"},"query-input":"required name=search_term_string"}],"inLanguage":"en-GB"},{"@type":"Organization","@id":"https:\/\/hd-multimedia.com\/#organization","name":"hd-multimedia","url":"https:\/\/hd-multimedia.com\/","logo":{"@type":"ImageObject","inLanguage":"en-GB","@id":"https:\/\/hd-multimedia.com\/#\/schema\/logo\/image\/","url":"https:\/\/hd-multimedia.com\/hdm_media\/HD-curves-ok-196-56px-alpha-1.png","contentUrl":"https:\/\/hd-multimedia.com\/hdm_media\/HD-curves-ok-196-56px-alpha-1.png","width":196,"height":53,"caption":"hd-multimedia"},"image":{"@id":"https:\/\/hd-multimedia.com\/#\/schema\/logo\/image\/"}}]}},"post_mailing_queue_ids":[],"_links":{"self":[{"href":"https:\/\/hd-multimedia.com\/en\/wp-json\/wp\/v2\/product\/12413","targetHints":{"allow":["GET"]}}],"collection":[{"href":"https:\/\/hd-multimedia.com\/en\/wp-json\/wp\/v2\/product"}],"about":[{"href":"https:\/\/hd-multimedia.com\/en\/wp-json\/wp\/v2\/types\/product"}],"version-history":[{"count":3,"href":"https:\/\/hd-multimedia.com\/en\/wp-json\/wp\/v2\/product\/12413\/revisions"}],"predecessor-version":[{"id":19447,"href":"https:\/\/hd-multimedia.com\/en\/wp-json\/wp\/v2\/product\/12413\/revisions\/19447"}],"wp:featuredmedia":[{"embeddable":true,"href":"https:\/\/hd-multimedia.com\/en\/wp-json\/wp\/v2\/media\/12417"}],"wp:attachment":[{"href":"https:\/\/hd-multimedia.com\/en\/wp-json\/wp\/v2\/media?parent=12413"}],"curies":[{"name":"wp","href":"https:\/\/api.w.org\/{rel}","templated":true}]}}