{"id":11592,"date":"2023-06-07T09:41:00","date_gmt":"2023-06-07T09:41:00","guid":{"rendered":"https:\/\/hd-multimedia.com\/?post_type=product&#038;p=11592"},"modified":"2025-04-10T11:21:24","modified_gmt":"2025-04-10T11:21:24","slug":"topping-a70-pro","status":"publish","type":"product","link":"https:\/\/hd-multimedia.com\/en\/trgovina\/topping-a70-pro\/","title":{"rendered":"Topping A70 Pro"},"content":{"rendered":"<p>Topping the A70 Pro is simple and very effective. It integrates a balanced XLR set and a stereo RCA set, but with the possibility of connecting the A70Pro to the Ext90 you can get a total of 4 balanced XLR inputs and 2 RCA inputs. Three connections are available on the output side; balanced 4.4 mm jack output, 6.35 jack output and 4 pin XLR output. There is also an RCA output and an XLR output for the preamplifier function.<\/p>\n<p>The Topping A70 Pro can also be used as a preamplifier. It also has high performance as a preamplifier with an output impedance of 50 Ohms on RCA and 100 Ohms on XLR. This allows the Topping A70 Pro to be connected to many amplifiers.<\/p>\n<p>&nbsp;<\/p>\n<p>Maximum THD+N: &lt;0.00005%<br \/>\nMaximum SNR: 147dB<br \/>\nMaximum dynamic range: 147dB<br \/>\nFrequency response: 20Hz \u2013 40kHz<br \/>\nMaximum output levels: 56Vpp (low gain), 54Vpp (high gain)<br \/>\nActual noise level (A-wt): &lt;0.6uVrms (low gain), &lt;1.8uVrms (high gain)<br \/>\nLowest crosstalk: -133dB<br \/>\nGain: 6dB (low gain), 19.8dB (high gain)<br \/>\nOutput levels:<br \/>\n17,000mW x2 @16\u03a9<br \/>\n12,600mW x2 @32\u03a9<br \/>\n6,000mW x2 @64\u03a9<br \/>\n1.370mW x2 @300\u03a9<br \/>\n670mW x2 @600\u03a9<\/p>","protected":false},"excerpt":{"rendered":"<p>The Topping A70 Pro introduces a reoptimized new circuit architecture, featuring an ultra-low-level input stage with reduced noise and increased input impedance for improved compatibility with a variety of devices. Redesigned gain architecture reduces noise and distortion even at high gain levels. To combat noise, it includes a GND\/LIFT switch that eliminates unwanted noise with a simple change. The addition of Aurora UI with a full color screen and touch buttons provides a new user experience, offering customizable display options.<br \/>\nThe Topping A70 Pro uses relay volume control for precise adjustment and long-term reliability. Acting as both a headphone amplifier and a preamp, it offers high performance and low output impedance for versatile use with different audio setups.<\/p>\n<p><a href=\"https:\/\/www.tpdz.net\/productinfo\/1009982.html\" target=\"_blank\" rel=\"noopener\">Link for additional information on specifications!<\/a><\/p>","protected":false},"featured_media":11593,"template":"","meta":{"site-sidebar-layout":"default","site-content-layout":"default","ast-site-content-layout":"default","site-content-style":"default","site-sidebar-style":"default","ast-global-header-display":"","ast-banner-title-visibility":"","ast-main-header-display":"","ast-hfb-above-header-display":"","ast-hfb-below-header-display":"","ast-hfb-mobile-header-display":"","site-post-title":"","ast-breadcrumbs-content":"","ast-featured-img":"","footer-sml-layout":"","theme-transparent-header-meta":"default","adv-header-id-meta":"","stick-header-meta":"default","header-above-stick-meta":"","header-main-stick-meta":"","header-below-stick-meta":"","astra-migrate-meta-layouts":"set","ast-page-background-enabled":"default","ast-page-background-meta":{"desktop":{"background-color":"","background-image":"","background-repeat":"repeat","background-position":"center center","background-size":"auto","background-attachment":"scroll","background-type":"","background-media":"","overlay-type":"","overlay-color":"","overlay-opacity":"","overlay-gradient":""},"tablet":{"background-color":"","background-image":"","background-repeat":"repeat","background-position":"center center","background-size":"auto","background-attachment":"scroll","background-type":"","background-media":"","overlay-type":"","overlay-color":"","overlay-opacity":"","overlay-gradient":""},"mobile":{"background-color":"","background-image":"","background-repeat":"repeat","background-position":"center center","background-size":"auto","background-attachment":"scroll","background-type":"","background-media":"","overlay-type":"","overlay-color":"","overlay-opacity":"","overlay-gradient":""}},"ast-content-background-meta":{"desktop":{"background-color":"var(--ast-global-color-5)","background-image":"","background-repeat":"repeat","background-position":"center center","background-size":"auto","background-attachment":"scroll","background-type":"","background-media":"","overlay-type":"","overlay-color":"","overlay-opacity":"","overlay-gradient":""},"tablet":{"background-color":"var(--ast-global-color-5)","background-image":"","background-repeat":"repeat","background-position":"center center","background-size":"auto","background-attachment":"scroll","background-type":"","background-media":"","overlay-type":"","overlay-color":"","overlay-opacity":"","overlay-gradient":""},"mobile":{"background-color":"var(--ast-global-color-5)","background-image":"","background-repeat":"repeat","background-position":"center center","background-size":"auto","background-attachment":"scroll","background-type":"","background-media":"","overlay-type":"","overlay-color":"","overlay-opacity":"","overlay-gradient":""}}},"class_list":["post-11592","product","type-product","status-publish","has-post-thumbnail","hentry","product_cat-pojacala-za-slusalice","product_cat-topping","desktop-align-center","tablet-align-center","mobile-align-center","ast-product-gallery-layout-horizontal","ast-magnify-disabled","ast-product-single-variable","ast-product-tabs-layout-horizontal"],"yoast_head":"<!-- This site is optimized with the Yoast SEO plugin v21.4 - https:\/\/yoast.com\/wordpress\/plugins\/seo\/ -->\n<title>Topping A70 Pro - hd-multimedia<\/title>\n<meta name=\"description\" content=\"Topping A70 Pro je potpuno uravnote\u017eeno AMP\/Pre-AM za stolne HiFi slu\u0161alice. Njegov dizajn \u010dini ga idealnim za svakog \u017eeli u\u017eivati u slu\u0161anju slu\u0161alica.\" \/>\n<meta name=\"robots\" content=\"index, follow, max-snippet:-1, max-image-preview:large, max-video-preview:-1\" \/>\n<link rel=\"canonical\" href=\"https:\/\/hd-multimedia.com\/en\/trgovina\/topping-a70-pro\/\" \/>\n<meta property=\"og:locale\" content=\"en_GB\" \/>\n<meta property=\"og:type\" content=\"article\" \/>\n<meta property=\"og:title\" content=\"Topping A70 Pro - hd-multimedia\" \/>\n<meta property=\"og:description\" content=\"Topping A70 Pro je potpuno uravnote\u017eeno AMP\/Pre-AM za stolne HiFi slu\u0161alice. Njegov dizajn \u010dini ga idealnim za svakog \u017eeli u\u017eivati u slu\u0161anju slu\u0161alica.\" \/>\n<meta property=\"og:url\" content=\"https:\/\/hd-multimedia.com\/en\/trgovina\/topping-a70-pro\/\" \/>\n<meta property=\"og:site_name\" content=\"hd-multimedia\" \/>\n<meta property=\"article:modified_time\" content=\"2025-04-10T11:21:24+00:00\" \/>\n<meta property=\"og:image\" content=\"https:\/\/hd-multimedia.com\/hdm_media\/Topping-A70-Pro-side.jpg\" \/>\n\t<meta property=\"og:image:width\" content=\"900\" \/>\n\t<meta property=\"og:image:height\" content=\"900\" \/>\n\t<meta property=\"og:image:type\" content=\"image\/jpeg\" \/>\n<meta name=\"twitter:card\" content=\"summary_large_image\" \/>\n<meta name=\"twitter:label1\" content=\"Estimated reading time\" \/>\n\t<meta name=\"twitter:data1\" content=\"1 minute\" \/>\n<script type=\"application\/ld+json\" class=\"yoast-schema-graph\">{\"@context\":\"https:\/\/schema.org\",\"@graph\":[{\"@type\":\"WebPage\",\"@id\":\"https:\/\/hd-multimedia.com\/trgovina\/topping-a70-pro\/\",\"url\":\"https:\/\/hd-multimedia.com\/trgovina\/topping-a70-pro\/\",\"name\":\"Topping A70 Pro - hd-multimedia\",\"isPartOf\":{\"@id\":\"https:\/\/hd-multimedia.com\/#website\"},\"datePublished\":\"2023-06-07T09:41:00+00:00\",\"dateModified\":\"2025-04-10T11:21:24+00:00\",\"description\":\"Topping A70 Pro je potpuno uravnote\u017eeno AMP\/Pre-AM za stolne HiFi slu\u0161alice. Njegov dizajn \u010dini ga idealnim za svakog \u017eeli u\u017eivati u slu\u0161anju slu\u0161alica.\",\"breadcrumb\":{\"@id\":\"https:\/\/hd-multimedia.com\/trgovina\/topping-a70-pro\/#breadcrumb\"},\"inLanguage\":\"en-GB\",\"potentialAction\":[{\"@type\":\"ReadAction\",\"target\":[\"https:\/\/hd-multimedia.com\/trgovina\/topping-a70-pro\/\"]}]},{\"@type\":\"BreadcrumbList\",\"@id\":\"https:\/\/hd-multimedia.com\/trgovina\/topping-a70-pro\/#breadcrumb\",\"itemListElement\":[{\"@type\":\"ListItem\",\"position\":1,\"name\":\"Po\u010detna stranica\",\"item\":\"https:\/\/hd-multimedia.com\/\"},{\"@type\":\"ListItem\",\"position\":2,\"name\":\"Trgovina\",\"item\":\"https:\/\/hd-multimedia.com\/trgovina\/\"},{\"@type\":\"ListItem\",\"position\":3,\"name\":\"Topping A70 Pro\"}]},{\"@type\":\"WebSite\",\"@id\":\"https:\/\/hd-multimedia.com\/#website\",\"url\":\"https:\/\/hd-multimedia.com\/\",\"name\":\"hd-multimedia\",\"description\":\"\",\"publisher\":{\"@id\":\"https:\/\/hd-multimedia.com\/#organization\"},\"potentialAction\":[{\"@type\":\"SearchAction\",\"target\":{\"@type\":\"EntryPoint\",\"urlTemplate\":\"https:\/\/hd-multimedia.com\/?s={search_term_string}\"},\"query-input\":\"required name=search_term_string\"}],\"inLanguage\":\"en-GB\"},{\"@type\":\"Organization\",\"@id\":\"https:\/\/hd-multimedia.com\/#organization\",\"name\":\"hd-multimedia\",\"url\":\"https:\/\/hd-multimedia.com\/\",\"logo\":{\"@type\":\"ImageObject\",\"inLanguage\":\"en-GB\",\"@id\":\"https:\/\/hd-multimedia.com\/#\/schema\/logo\/image\/\",\"url\":\"https:\/\/hd-multimedia.com\/hdm_media\/HD-curves-ok-196-56px-alpha-1.png\",\"contentUrl\":\"https:\/\/hd-multimedia.com\/hdm_media\/HD-curves-ok-196-56px-alpha-1.png\",\"width\":196,\"height\":53,\"caption\":\"hd-multimedia\"},\"image\":{\"@id\":\"https:\/\/hd-multimedia.com\/#\/schema\/logo\/image\/\"}}]}<\/script>\n<!-- \/ Yoast SEO plugin. -->","yoast_head_json":{"title":"Topping A70 Pro - hd-multimedia","description":"Topping A70 Pro je potpuno uravnote\u017eeno AMP\/Pre-AM za stolne HiFi slu\u0161alice. Njegov dizajn \u010dini ga idealnim za svakog \u017eeli u\u017eivati u slu\u0161anju slu\u0161alica.","robots":{"index":"index","follow":"follow","max-snippet":"max-snippet:-1","max-image-preview":"max-image-preview:large","max-video-preview":"max-video-preview:-1"},"canonical":"https:\/\/hd-multimedia.com\/en\/trgovina\/topping-a70-pro\/","og_locale":"en_GB","og_type":"article","og_title":"Topping A70 Pro - hd-multimedia","og_description":"Topping A70 Pro je potpuno uravnote\u017eeno AMP\/Pre-AM za stolne HiFi slu\u0161alice. Njegov dizajn \u010dini ga idealnim za svakog \u017eeli u\u017eivati u slu\u0161anju slu\u0161alica.","og_url":"https:\/\/hd-multimedia.com\/en\/trgovina\/topping-a70-pro\/","og_site_name":"hd-multimedia","article_modified_time":"2025-04-10T11:21:24+00:00","og_image":[{"width":900,"height":900,"url":"https:\/\/hd-multimedia.com\/hdm_media\/Topping-A70-Pro-side.jpg","type":"image\/jpeg"}],"twitter_card":"summary_large_image","twitter_misc":{"Estimated reading time":"1 minute"},"schema":{"@context":"https:\/\/schema.org","@graph":[{"@type":"WebPage","@id":"https:\/\/hd-multimedia.com\/trgovina\/topping-a70-pro\/","url":"https:\/\/hd-multimedia.com\/trgovina\/topping-a70-pro\/","name":"Topping A70 Pro - hd-multimedia","isPartOf":{"@id":"https:\/\/hd-multimedia.com\/#website"},"datePublished":"2023-06-07T09:41:00+00:00","dateModified":"2025-04-10T11:21:24+00:00","description":"Topping A70 Pro je potpuno uravnote\u017eeno AMP\/Pre-AM za stolne HiFi slu\u0161alice. Njegov dizajn \u010dini ga idealnim za svakog \u017eeli u\u017eivati u slu\u0161anju slu\u0161alica.","breadcrumb":{"@id":"https:\/\/hd-multimedia.com\/trgovina\/topping-a70-pro\/#breadcrumb"},"inLanguage":"en-GB","potentialAction":[{"@type":"ReadAction","target":["https:\/\/hd-multimedia.com\/trgovina\/topping-a70-pro\/"]}]},{"@type":"BreadcrumbList","@id":"https:\/\/hd-multimedia.com\/trgovina\/topping-a70-pro\/#breadcrumb","itemListElement":[{"@type":"ListItem","position":1,"name":"Po\u010detna stranica","item":"https:\/\/hd-multimedia.com\/"},{"@type":"ListItem","position":2,"name":"Trgovina","item":"https:\/\/hd-multimedia.com\/trgovina\/"},{"@type":"ListItem","position":3,"name":"Topping A70 Pro"}]},{"@type":"WebSite","@id":"https:\/\/hd-multimedia.com\/#website","url":"https:\/\/hd-multimedia.com\/","name":"hd-multimedia","description":"","publisher":{"@id":"https:\/\/hd-multimedia.com\/#organization"},"potentialAction":[{"@type":"SearchAction","target":{"@type":"EntryPoint","urlTemplate":"https:\/\/hd-multimedia.com\/?s={search_term_string}"},"query-input":"required name=search_term_string"}],"inLanguage":"en-GB"},{"@type":"Organization","@id":"https:\/\/hd-multimedia.com\/#organization","name":"hd-multimedia","url":"https:\/\/hd-multimedia.com\/","logo":{"@type":"ImageObject","inLanguage":"en-GB","@id":"https:\/\/hd-multimedia.com\/#\/schema\/logo\/image\/","url":"https:\/\/hd-multimedia.com\/hdm_media\/HD-curves-ok-196-56px-alpha-1.png","contentUrl":"https:\/\/hd-multimedia.com\/hdm_media\/HD-curves-ok-196-56px-alpha-1.png","width":196,"height":53,"caption":"hd-multimedia"},"image":{"@id":"https:\/\/hd-multimedia.com\/#\/schema\/logo\/image\/"}}]}},"post_mailing_queue_ids":[],"_links":{"self":[{"href":"https:\/\/hd-multimedia.com\/en\/wp-json\/wp\/v2\/product\/11592","targetHints":{"allow":["GET"]}}],"collection":[{"href":"https:\/\/hd-multimedia.com\/en\/wp-json\/wp\/v2\/product"}],"about":[{"href":"https:\/\/hd-multimedia.com\/en\/wp-json\/wp\/v2\/types\/product"}],"version-history":[{"count":2,"href":"https:\/\/hd-multimedia.com\/en\/wp-json\/wp\/v2\/product\/11592\/revisions"}],"predecessor-version":[{"id":14868,"href":"https:\/\/hd-multimedia.com\/en\/wp-json\/wp\/v2\/product\/11592\/revisions\/14868"}],"wp:featuredmedia":[{"embeddable":true,"href":"https:\/\/hd-multimedia.com\/en\/wp-json\/wp\/v2\/media\/11593"}],"wp:attachment":[{"href":"https:\/\/hd-multimedia.com\/en\/wp-json\/wp\/v2\/media?parent=11592"}],"curies":[{"name":"wp","href":"https:\/\/api.w.org\/{rel}","templated":true}]}}