{"id":11571,"date":"2023-06-06T11:41:11","date_gmt":"2023-06-06T11:41:11","guid":{"rendered":"https:\/\/hd-multimedia.com\/?post_type=product&#038;p=11571"},"modified":"2025-10-31T08:59:41","modified_gmt":"2025-10-31T08:59:41","slug":"topping-mx3s","status":"publish","type":"product","link":"https:\/\/hd-multimedia.com\/en\/trgovina\/topping-mx3s\/","title":{"rendered":"Topping MX3s"},"content":{"rendered":"<p>The MX3s amplifier section uses an Infineon Merus Class D chip that allows it to deliver 2x50W of power into 4\u03a9 with high efficiency greater than the 90%. It also offers a characteristic restitution characterized by beautiful clarity and precision. The MX3s also offers a two-level gain control that allows it to adapt to your listening system. It can be used with small passive boxes such as the Edifier P12.<\/p>\n<p>The Topping MX3s has a Bluetooth receiver that allows you to stream your music from your smartphone or tablet. The chip used supports aptX, aptX HD and aptX Adaptive portable codecs, promoting high-quality wireless audio reproduction.<\/p>\n<p>Topping MX3s has an RCA format subwoofer output and can be used to set up a 2.1 audio system. Using a subwoofer allows you to achieve deep and powerful bass.<\/p>","protected":false},"excerpt":{"rendered":"<p>The Topping MX3s is a small all-rounder that acts as a DAC, 2x50W amplifier and headphone amplifier. It has an integrated AK4377 DAC and Bluetooth receiver. An ideal and versatile model capable of dynamic, precise and faithful reproduction. The Topping MX3s digital inputs feature automatic input signal detection, allowing it to automatically turn on when it receives an audio signal and turn off if no valid signal is received for one minute.<\/p>\n<p><a href=\"https:\/\/www.tpdz.net\/productinfo\/986241.html\" target=\"_blank\" rel=\"noopener\">Link for additional information on specifications!<\/a><\/p>","protected":false},"featured_media":11573,"template":"","meta":{"site-sidebar-layout":"default","site-content-layout":"default","ast-site-content-layout":"default","site-content-style":"default","site-sidebar-style":"default","ast-global-header-display":"","ast-banner-title-visibility":"","ast-main-header-display":"","ast-hfb-above-header-display":"","ast-hfb-below-header-display":"","ast-hfb-mobile-header-display":"","site-post-title":"","ast-breadcrumbs-content":"","ast-featured-img":"","footer-sml-layout":"","theme-transparent-header-meta":"default","adv-header-id-meta":"","stick-header-meta":"default","header-above-stick-meta":"","header-main-stick-meta":"","header-below-stick-meta":"","astra-migrate-meta-layouts":"set","ast-page-background-enabled":"default","ast-page-background-meta":{"desktop":{"background-color":"","background-image":"","background-repeat":"repeat","background-position":"center center","background-size":"auto","background-attachment":"scroll","background-type":"","background-media":"","overlay-type":"","overlay-color":"","overlay-opacity":"","overlay-gradient":""},"tablet":{"background-color":"","background-image":"","background-repeat":"repeat","background-position":"center center","background-size":"auto","background-attachment":"scroll","background-type":"","background-media":"","overlay-type":"","overlay-color":"","overlay-opacity":"","overlay-gradient":""},"mobile":{"background-color":"","background-image":"","background-repeat":"repeat","background-position":"center center","background-size":"auto","background-attachment":"scroll","background-type":"","background-media":"","overlay-type":"","overlay-color":"","overlay-opacity":"","overlay-gradient":""}},"ast-content-background-meta":{"desktop":{"background-color":"var(--ast-global-color-5)","background-image":"","background-repeat":"repeat","background-position":"center center","background-size":"auto","background-attachment":"scroll","background-type":"","background-media":"","overlay-type":"","overlay-color":"","overlay-opacity":"","overlay-gradient":""},"tablet":{"background-color":"var(--ast-global-color-5)","background-image":"","background-repeat":"repeat","background-position":"center center","background-size":"auto","background-attachment":"scroll","background-type":"","background-media":"","overlay-type":"","overlay-color":"","overlay-opacity":"","overlay-gradient":""},"mobile":{"background-color":"var(--ast-global-color-5)","background-image":"","background-repeat":"repeat","background-position":"center center","background-size":"auto","background-attachment":"scroll","background-type":"","background-media":"","overlay-type":"","overlay-color":"","overlay-opacity":"","overlay-gradient":""}}},"class_list":["post-11571","product","type-product","status-publish","has-post-thumbnail","hentry","product_cat-pojacala-za-slusalice","product_cat-integrirana-pojacala","product_cat-topping","product_tag-pokloni-za-bozic","desktop-align-center","tablet-align-center","mobile-align-center","ast-product-gallery-layout-horizontal","ast-magnify-disabled","ast-product-single-variable","ast-product-tabs-layout-horizontal"],"yoast_head":"<!-- This site is optimized with the Yoast SEO plugin v21.4 - https:\/\/yoast.com\/wordpress\/plugins\/seo\/ -->\n<title>Topping MX3s - hd-multimedia<\/title>\n<meta name=\"description\" content=\"Topping MX3S je mali svestrani ure\u0111aj koji djeluje kao DAC, poja\u010dalo od 2x50W i poja\u010dalo za slu\u0161alice. Ima integrirani AK4377 DAC i Bluetooth prijemnik.\" \/>\n<meta name=\"robots\" content=\"index, follow, max-snippet:-1, max-image-preview:large, max-video-preview:-1\" \/>\n<link rel=\"canonical\" href=\"https:\/\/hd-multimedia.com\/en\/trgovina\/topping-mx3s\/\" \/>\n<meta property=\"og:locale\" content=\"en_GB\" \/>\n<meta property=\"og:type\" content=\"article\" \/>\n<meta property=\"og:title\" content=\"Topping MX3s - hd-multimedia\" \/>\n<meta property=\"og:description\" content=\"Topping MX3S je mali svestrani ure\u0111aj koji djeluje kao DAC, poja\u010dalo od 2x50W i poja\u010dalo za slu\u0161alice. Ima integrirani AK4377 DAC i Bluetooth prijemnik.\" \/>\n<meta property=\"og:url\" content=\"https:\/\/hd-multimedia.com\/en\/trgovina\/topping-mx3s\/\" \/>\n<meta property=\"og:site_name\" content=\"hd-multimedia\" \/>\n<meta property=\"article:modified_time\" content=\"2025-10-31T08:59:41+00:00\" \/>\n<meta property=\"og:image\" content=\"https:\/\/hd-multimedia.com\/hdm_media\/Topping-MX3s-Black-side.jpg\" \/>\n\t<meta property=\"og:image:width\" content=\"900\" \/>\n\t<meta property=\"og:image:height\" content=\"900\" \/>\n\t<meta property=\"og:image:type\" content=\"image\/jpeg\" \/>\n<meta name=\"twitter:card\" content=\"summary_large_image\" \/>\n<meta name=\"twitter:label1\" content=\"Estimated reading time\" \/>\n\t<meta name=\"twitter:data1\" content=\"1 minute\" \/>\n<script type=\"application\/ld+json\" class=\"yoast-schema-graph\">{\"@context\":\"https:\/\/schema.org\",\"@graph\":[{\"@type\":\"WebPage\",\"@id\":\"https:\/\/hd-multimedia.com\/trgovina\/topping-mx3s\/\",\"url\":\"https:\/\/hd-multimedia.com\/trgovina\/topping-mx3s\/\",\"name\":\"Topping MX3s - hd-multimedia\",\"isPartOf\":{\"@id\":\"https:\/\/hd-multimedia.com\/#website\"},\"datePublished\":\"2023-06-06T11:41:11+00:00\",\"dateModified\":\"2025-10-31T08:59:41+00:00\",\"description\":\"Topping MX3S je mali svestrani ure\u0111aj koji djeluje kao DAC, poja\u010dalo od 2x50W i poja\u010dalo za slu\u0161alice. Ima integrirani AK4377 DAC i Bluetooth prijemnik.\",\"breadcrumb\":{\"@id\":\"https:\/\/hd-multimedia.com\/trgovina\/topping-mx3s\/#breadcrumb\"},\"inLanguage\":\"en-GB\",\"potentialAction\":[{\"@type\":\"ReadAction\",\"target\":[\"https:\/\/hd-multimedia.com\/trgovina\/topping-mx3s\/\"]}]},{\"@type\":\"BreadcrumbList\",\"@id\":\"https:\/\/hd-multimedia.com\/trgovina\/topping-mx3s\/#breadcrumb\",\"itemListElement\":[{\"@type\":\"ListItem\",\"position\":1,\"name\":\"Po\u010detna stranica\",\"item\":\"https:\/\/hd-multimedia.com\/\"},{\"@type\":\"ListItem\",\"position\":2,\"name\":\"Trgovina\",\"item\":\"https:\/\/hd-multimedia.com\/trgovina\/\"},{\"@type\":\"ListItem\",\"position\":3,\"name\":\"Topping MX3s\"}]},{\"@type\":\"WebSite\",\"@id\":\"https:\/\/hd-multimedia.com\/#website\",\"url\":\"https:\/\/hd-multimedia.com\/\",\"name\":\"hd-multimedia\",\"description\":\"\",\"publisher\":{\"@id\":\"https:\/\/hd-multimedia.com\/#organization\"},\"potentialAction\":[{\"@type\":\"SearchAction\",\"target\":{\"@type\":\"EntryPoint\",\"urlTemplate\":\"https:\/\/hd-multimedia.com\/?s={search_term_string}\"},\"query-input\":\"required name=search_term_string\"}],\"inLanguage\":\"en-GB\"},{\"@type\":\"Organization\",\"@id\":\"https:\/\/hd-multimedia.com\/#organization\",\"name\":\"hd-multimedia\",\"url\":\"https:\/\/hd-multimedia.com\/\",\"logo\":{\"@type\":\"ImageObject\",\"inLanguage\":\"en-GB\",\"@id\":\"https:\/\/hd-multimedia.com\/#\/schema\/logo\/image\/\",\"url\":\"https:\/\/hd-multimedia.com\/hdm_media\/HD-curves-ok-196-56px-alpha-1.png\",\"contentUrl\":\"https:\/\/hd-multimedia.com\/hdm_media\/HD-curves-ok-196-56px-alpha-1.png\",\"width\":196,\"height\":53,\"caption\":\"hd-multimedia\"},\"image\":{\"@id\":\"https:\/\/hd-multimedia.com\/#\/schema\/logo\/image\/\"}}]}<\/script>\n<!-- \/ Yoast SEO plugin. -->","yoast_head_json":{"title":"Topping MX3s - hd-multimedia","description":"Topping MX3S je mali svestrani ure\u0111aj koji djeluje kao DAC, poja\u010dalo od 2x50W i poja\u010dalo za slu\u0161alice. Ima integrirani AK4377 DAC i Bluetooth prijemnik.","robots":{"index":"index","follow":"follow","max-snippet":"max-snippet:-1","max-image-preview":"max-image-preview:large","max-video-preview":"max-video-preview:-1"},"canonical":"https:\/\/hd-multimedia.com\/en\/trgovina\/topping-mx3s\/","og_locale":"en_GB","og_type":"article","og_title":"Topping MX3s - hd-multimedia","og_description":"Topping MX3S je mali svestrani ure\u0111aj koji djeluje kao DAC, poja\u010dalo od 2x50W i poja\u010dalo za slu\u0161alice. Ima integrirani AK4377 DAC i Bluetooth prijemnik.","og_url":"https:\/\/hd-multimedia.com\/en\/trgovina\/topping-mx3s\/","og_site_name":"hd-multimedia","article_modified_time":"2025-10-31T08:59:41+00:00","og_image":[{"width":900,"height":900,"url":"https:\/\/hd-multimedia.com\/hdm_media\/Topping-MX3s-Black-side.jpg","type":"image\/jpeg"}],"twitter_card":"summary_large_image","twitter_misc":{"Estimated reading time":"1 minute"},"schema":{"@context":"https:\/\/schema.org","@graph":[{"@type":"WebPage","@id":"https:\/\/hd-multimedia.com\/trgovina\/topping-mx3s\/","url":"https:\/\/hd-multimedia.com\/trgovina\/topping-mx3s\/","name":"Topping MX3s - hd-multimedia","isPartOf":{"@id":"https:\/\/hd-multimedia.com\/#website"},"datePublished":"2023-06-06T11:41:11+00:00","dateModified":"2025-10-31T08:59:41+00:00","description":"Topping MX3S je mali svestrani ure\u0111aj koji djeluje kao DAC, poja\u010dalo od 2x50W i poja\u010dalo za slu\u0161alice. Ima integrirani AK4377 DAC i Bluetooth prijemnik.","breadcrumb":{"@id":"https:\/\/hd-multimedia.com\/trgovina\/topping-mx3s\/#breadcrumb"},"inLanguage":"en-GB","potentialAction":[{"@type":"ReadAction","target":["https:\/\/hd-multimedia.com\/trgovina\/topping-mx3s\/"]}]},{"@type":"BreadcrumbList","@id":"https:\/\/hd-multimedia.com\/trgovina\/topping-mx3s\/#breadcrumb","itemListElement":[{"@type":"ListItem","position":1,"name":"Po\u010detna stranica","item":"https:\/\/hd-multimedia.com\/"},{"@type":"ListItem","position":2,"name":"Trgovina","item":"https:\/\/hd-multimedia.com\/trgovina\/"},{"@type":"ListItem","position":3,"name":"Topping MX3s"}]},{"@type":"WebSite","@id":"https:\/\/hd-multimedia.com\/#website","url":"https:\/\/hd-multimedia.com\/","name":"hd-multimedia","description":"","publisher":{"@id":"https:\/\/hd-multimedia.com\/#organization"},"potentialAction":[{"@type":"SearchAction","target":{"@type":"EntryPoint","urlTemplate":"https:\/\/hd-multimedia.com\/?s={search_term_string}"},"query-input":"required name=search_term_string"}],"inLanguage":"en-GB"},{"@type":"Organization","@id":"https:\/\/hd-multimedia.com\/#organization","name":"hd-multimedia","url":"https:\/\/hd-multimedia.com\/","logo":{"@type":"ImageObject","inLanguage":"en-GB","@id":"https:\/\/hd-multimedia.com\/#\/schema\/logo\/image\/","url":"https:\/\/hd-multimedia.com\/hdm_media\/HD-curves-ok-196-56px-alpha-1.png","contentUrl":"https:\/\/hd-multimedia.com\/hdm_media\/HD-curves-ok-196-56px-alpha-1.png","width":196,"height":53,"caption":"hd-multimedia"},"image":{"@id":"https:\/\/hd-multimedia.com\/#\/schema\/logo\/image\/"}}]}},"post_mailing_queue_ids":[],"_links":{"self":[{"href":"https:\/\/hd-multimedia.com\/en\/wp-json\/wp\/v2\/product\/11571","targetHints":{"allow":["GET"]}}],"collection":[{"href":"https:\/\/hd-multimedia.com\/en\/wp-json\/wp\/v2\/product"}],"about":[{"href":"https:\/\/hd-multimedia.com\/en\/wp-json\/wp\/v2\/types\/product"}],"version-history":[{"count":4,"href":"https:\/\/hd-multimedia.com\/en\/wp-json\/wp\/v2\/product\/11571\/revisions"}],"predecessor-version":[{"id":11583,"href":"https:\/\/hd-multimedia.com\/en\/wp-json\/wp\/v2\/product\/11571\/revisions\/11583"}],"wp:featuredmedia":[{"embeddable":true,"href":"https:\/\/hd-multimedia.com\/en\/wp-json\/wp\/v2\/media\/11573"}],"wp:attachment":[{"href":"https:\/\/hd-multimedia.com\/en\/wp-json\/wp\/v2\/media?parent=11571"}],"curies":[{"name":"wp","href":"https:\/\/api.w.org\/{rel}","templated":true}]}}