{"id":10454,"date":"2023-03-10T10:15:00","date_gmt":"2023-03-10T10:15:00","guid":{"rendered":"https:\/\/hd-multimedia.com\/?post_type=product&#038;p=10454"},"modified":"2026-02-28T12:30:51","modified_gmt":"2026-02-28T12:30:51","slug":"elac-debut-connex-dcb41","status":"publish","type":"product","link":"https:\/\/hd-multimedia.com\/en\/trgovina\/elac-debut-connex-dcb41\/","title":{"rendered":"Elac Debut ConneX DCB41(pair)"},"content":{"rendered":"<p>Flexible connectivity options! Connect to almost anything with a wide range of input options including: HDMI ARC, USB Audio (PC\/Mac), Bluetooth (aptX), Digital\/Optical and Analog\/Phono.<br \/>\nThe Elac Debut Connex speakers feature two built-in high-quality 50-watt Class D amplifiers built directly into the speaker and acoustically matched with ConneX drivers, and are designed for cool and efficient operation.<\/p>\n<p>The Elac Debut ConneX features Elac&#039;s own XBass Enhancer, providing better overall bass extension and output (can be turned off). For better low-frequency extension and reduced ventilation noise, the DCB41&#039;s bass reflex port is rearward-facing, in an \u201cS\u201d configuration.<\/p>\n<p>These sound boxes do not need additional equipment or an amplifier and in the box come all the necessary cables to connect them to the source as desired.<\/p>\n<p><a href=\"https:\/\/www.elac.com\/series\/connex\/connex-dcb41-powered-speakers\/\" target=\"_blank\" rel=\"noopener\">You can find other information at this link.<\/a><\/p>","protected":false},"excerpt":{"rendered":"<p>The Elac Debut ConneX DCB41 speakers redefine how easy it can be to deliver a premium audio experience for movies and music. With a wide range of inputs (HDMI ARC, Analog\/Phono, Optical, USB and Bluetooth) and matched with optimally designed drivers and amplifiers, the DCB41 delivers a truly exceptional audio experience. Stream your favorite music or podcasts from your phone, tablet or computer using Bluetooth. To ensure the best possible quality, the DCB41 features aptX technology that delivers true CD-quality sound from compatible phones.<\/p>\n<p>The price refers to a pair (2 speakers)<\/p>\n<p><a href=\"https:\/\/www.elac.com\/series\/connex\/connex-dcb41-powered-speakers\/\" target=\"_blank\" rel=\"noopener\">You can find other information at this link.<\/a><\/p>","protected":false},"featured_media":10463,"template":"","meta":{"site-sidebar-layout":"default","site-content-layout":"default","ast-site-content-layout":"default","site-content-style":"default","site-sidebar-style":"default","ast-global-header-display":"","ast-banner-title-visibility":"","ast-main-header-display":"","ast-hfb-above-header-display":"","ast-hfb-below-header-display":"","ast-hfb-mobile-header-display":"","site-post-title":"","ast-breadcrumbs-content":"","ast-featured-img":"","footer-sml-layout":"","theme-transparent-header-meta":"default","adv-header-id-meta":"","stick-header-meta":"default","header-above-stick-meta":"","header-main-stick-meta":"","header-below-stick-meta":"","astra-migrate-meta-layouts":"set","ast-page-background-enabled":"default","ast-page-background-meta":{"desktop":{"background-color":"","background-image":"","background-repeat":"repeat","background-position":"center center","background-size":"auto","background-attachment":"scroll","background-type":"","background-media":"","overlay-type":"","overlay-color":"","overlay-opacity":"","overlay-gradient":""},"tablet":{"background-color":"","background-image":"","background-repeat":"repeat","background-position":"center center","background-size":"auto","background-attachment":"scroll","background-type":"","background-media":"","overlay-type":"","overlay-color":"","overlay-opacity":"","overlay-gradient":""},"mobile":{"background-color":"","background-image":"","background-repeat":"repeat","background-position":"center center","background-size":"auto","background-attachment":"scroll","background-type":"","background-media":"","overlay-type":"","overlay-color":"","overlay-opacity":"","overlay-gradient":""}},"ast-content-background-meta":{"desktop":{"background-color":"var(--ast-global-color-5)","background-image":"","background-repeat":"repeat","background-position":"center center","background-size":"auto","background-attachment":"scroll","background-type":"","background-media":"","overlay-type":"","overlay-color":"","overlay-opacity":"","overlay-gradient":""},"tablet":{"background-color":"var(--ast-global-color-5)","background-image":"","background-repeat":"repeat","background-position":"center center","background-size":"auto","background-attachment":"scroll","background-type":"","background-media":"","overlay-type":"","overlay-color":"","overlay-opacity":"","overlay-gradient":""},"mobile":{"background-color":"var(--ast-global-color-5)","background-image":"","background-repeat":"repeat","background-position":"center center","background-size":"auto","background-attachment":"scroll","background-type":"","background-media":"","overlay-type":"","overlay-color":"","overlay-opacity":"","overlay-gradient":""}}},"class_list":["post-10454","product","type-product","status-publish","has-post-thumbnail","hentry","product_cat-aktivne-zvucne-kutije","product_cat-elac","desktop-align-center","tablet-align-center","mobile-align-center","ast-product-gallery-layout-horizontal","ast-magnify-disabled","ast-product-single-variable","ast-product-tabs-layout-horizontal"],"yoast_head":"<!-- This site is optimized with the Yoast SEO plugin v21.4 - https:\/\/yoast.com\/wordpress\/plugins\/seo\/ -->\n<title>Elac Debut ConneX DCB41(par) - hd-multimedia<\/title>\n<meta name=\"description\" content=\"Elac Debut ConneX DCB41: aktivni zvu\u010dnici koje definiraju koliko jednostavno mo\u017ee biti pru\u017eanje vrhunskog audio iskustva za filmove i glazbu.\" \/>\n<meta name=\"robots\" content=\"index, follow, max-snippet:-1, max-image-preview:large, max-video-preview:-1\" \/>\n<link rel=\"canonical\" href=\"https:\/\/hd-multimedia.com\/en\/trgovina\/elac-debut-connex-dcb41\/\" \/>\n<meta property=\"og:locale\" content=\"en_GB\" \/>\n<meta property=\"og:type\" content=\"article\" \/>\n<meta property=\"og:title\" content=\"Elac Debut ConneX DCB41(par) - hd-multimedia\" \/>\n<meta property=\"og:description\" content=\"Elac Debut ConneX DCB41: aktivni zvu\u010dnici koje definiraju koliko jednostavno mo\u017ee biti pru\u017eanje vrhunskog audio iskustva za filmove i glazbu.\" \/>\n<meta property=\"og:url\" content=\"https:\/\/hd-multimedia.com\/en\/trgovina\/elac-debut-connex-dcb41\/\" \/>\n<meta property=\"og:site_name\" content=\"hd-multimedia\" \/>\n<meta property=\"article:modified_time\" content=\"2026-02-28T12:30:51+00:00\" \/>\n<meta property=\"og:image\" content=\"https:\/\/hd-multimedia.com\/hdm_media\/Elac-Debut-ConneX-DCB41-Walnut.jpg\" \/>\n\t<meta property=\"og:image:width\" content=\"1080\" \/>\n\t<meta property=\"og:image:height\" content=\"1080\" \/>\n\t<meta property=\"og:image:type\" content=\"image\/jpeg\" \/>\n<meta name=\"twitter:card\" content=\"summary_large_image\" \/>\n<meta name=\"twitter:label1\" content=\"Estimated reading time\" \/>\n\t<meta name=\"twitter:data1\" content=\"1 minute\" \/>\n<script type=\"application\/ld+json\" class=\"yoast-schema-graph\">{\"@context\":\"https:\/\/schema.org\",\"@graph\":[{\"@type\":\"WebPage\",\"@id\":\"https:\/\/hd-multimedia.com\/trgovina\/elac-debut-connex-dcb41\/\",\"url\":\"https:\/\/hd-multimedia.com\/trgovina\/elac-debut-connex-dcb41\/\",\"name\":\"Elac Debut ConneX DCB41(par) - hd-multimedia\",\"isPartOf\":{\"@id\":\"https:\/\/hd-multimedia.com\/#website\"},\"datePublished\":\"2023-03-10T10:15:00+00:00\",\"dateModified\":\"2026-02-28T12:30:51+00:00\",\"description\":\"Elac Debut ConneX DCB41: aktivni zvu\u010dnici koje definiraju koliko jednostavno mo\u017ee biti pru\u017eanje vrhunskog audio iskustva za filmove i glazbu.\",\"breadcrumb\":{\"@id\":\"https:\/\/hd-multimedia.com\/trgovina\/elac-debut-connex-dcb41\/#breadcrumb\"},\"inLanguage\":\"en-GB\",\"potentialAction\":[{\"@type\":\"ReadAction\",\"target\":[\"https:\/\/hd-multimedia.com\/trgovina\/elac-debut-connex-dcb41\/\"]}]},{\"@type\":\"BreadcrumbList\",\"@id\":\"https:\/\/hd-multimedia.com\/trgovina\/elac-debut-connex-dcb41\/#breadcrumb\",\"itemListElement\":[{\"@type\":\"ListItem\",\"position\":1,\"name\":\"Po\u010detna stranica\",\"item\":\"https:\/\/hd-multimedia.com\/\"},{\"@type\":\"ListItem\",\"position\":2,\"name\":\"Trgovina\",\"item\":\"https:\/\/hd-multimedia.com\/trgovina\/\"},{\"@type\":\"ListItem\",\"position\":3,\"name\":\"Elac Debut ConneX DCB41(par)\"}]},{\"@type\":\"WebSite\",\"@id\":\"https:\/\/hd-multimedia.com\/#website\",\"url\":\"https:\/\/hd-multimedia.com\/\",\"name\":\"hd-multimedia\",\"description\":\"\",\"publisher\":{\"@id\":\"https:\/\/hd-multimedia.com\/#organization\"},\"potentialAction\":[{\"@type\":\"SearchAction\",\"target\":{\"@type\":\"EntryPoint\",\"urlTemplate\":\"https:\/\/hd-multimedia.com\/?s={search_term_string}\"},\"query-input\":\"required name=search_term_string\"}],\"inLanguage\":\"en-GB\"},{\"@type\":\"Organization\",\"@id\":\"https:\/\/hd-multimedia.com\/#organization\",\"name\":\"hd-multimedia\",\"url\":\"https:\/\/hd-multimedia.com\/\",\"logo\":{\"@type\":\"ImageObject\",\"inLanguage\":\"en-GB\",\"@id\":\"https:\/\/hd-multimedia.com\/#\/schema\/logo\/image\/\",\"url\":\"https:\/\/hd-multimedia.com\/hdm_media\/HD-curves-ok-196-56px-alpha-1.png\",\"contentUrl\":\"https:\/\/hd-multimedia.com\/hdm_media\/HD-curves-ok-196-56px-alpha-1.png\",\"width\":196,\"height\":53,\"caption\":\"hd-multimedia\"},\"image\":{\"@id\":\"https:\/\/hd-multimedia.com\/#\/schema\/logo\/image\/\"}}]}<\/script>\n<!-- \/ Yoast SEO plugin. -->","yoast_head_json":{"title":"Elac Debut ConneX DCB41(par) - hd-multimedia","description":"Elac Debut ConneX DCB41: aktivni zvu\u010dnici koje definiraju koliko jednostavno mo\u017ee biti pru\u017eanje vrhunskog audio iskustva za filmove i glazbu.","robots":{"index":"index","follow":"follow","max-snippet":"max-snippet:-1","max-image-preview":"max-image-preview:large","max-video-preview":"max-video-preview:-1"},"canonical":"https:\/\/hd-multimedia.com\/en\/trgovina\/elac-debut-connex-dcb41\/","og_locale":"en_GB","og_type":"article","og_title":"Elac Debut ConneX DCB41(par) - hd-multimedia","og_description":"Elac Debut ConneX DCB41: aktivni zvu\u010dnici koje definiraju koliko jednostavno mo\u017ee biti pru\u017eanje vrhunskog audio iskustva za filmove i glazbu.","og_url":"https:\/\/hd-multimedia.com\/en\/trgovina\/elac-debut-connex-dcb41\/","og_site_name":"hd-multimedia","article_modified_time":"2026-02-28T12:30:51+00:00","og_image":[{"width":1080,"height":1080,"url":"https:\/\/hd-multimedia.com\/hdm_media\/Elac-Debut-ConneX-DCB41-Walnut.jpg","type":"image\/jpeg"}],"twitter_card":"summary_large_image","twitter_misc":{"Estimated reading time":"1 minute"},"schema":{"@context":"https:\/\/schema.org","@graph":[{"@type":"WebPage","@id":"https:\/\/hd-multimedia.com\/trgovina\/elac-debut-connex-dcb41\/","url":"https:\/\/hd-multimedia.com\/trgovina\/elac-debut-connex-dcb41\/","name":"Elac Debut ConneX DCB41(par) - hd-multimedia","isPartOf":{"@id":"https:\/\/hd-multimedia.com\/#website"},"datePublished":"2023-03-10T10:15:00+00:00","dateModified":"2026-02-28T12:30:51+00:00","description":"Elac Debut ConneX DCB41: aktivni zvu\u010dnici koje definiraju koliko jednostavno mo\u017ee biti pru\u017eanje vrhunskog audio iskustva za filmove i glazbu.","breadcrumb":{"@id":"https:\/\/hd-multimedia.com\/trgovina\/elac-debut-connex-dcb41\/#breadcrumb"},"inLanguage":"en-GB","potentialAction":[{"@type":"ReadAction","target":["https:\/\/hd-multimedia.com\/trgovina\/elac-debut-connex-dcb41\/"]}]},{"@type":"BreadcrumbList","@id":"https:\/\/hd-multimedia.com\/trgovina\/elac-debut-connex-dcb41\/#breadcrumb","itemListElement":[{"@type":"ListItem","position":1,"name":"Po\u010detna stranica","item":"https:\/\/hd-multimedia.com\/"},{"@type":"ListItem","position":2,"name":"Trgovina","item":"https:\/\/hd-multimedia.com\/trgovina\/"},{"@type":"ListItem","position":3,"name":"Elac Debut ConneX DCB41(par)"}]},{"@type":"WebSite","@id":"https:\/\/hd-multimedia.com\/#website","url":"https:\/\/hd-multimedia.com\/","name":"hd-multimedia","description":"","publisher":{"@id":"https:\/\/hd-multimedia.com\/#organization"},"potentialAction":[{"@type":"SearchAction","target":{"@type":"EntryPoint","urlTemplate":"https:\/\/hd-multimedia.com\/?s={search_term_string}"},"query-input":"required name=search_term_string"}],"inLanguage":"en-GB"},{"@type":"Organization","@id":"https:\/\/hd-multimedia.com\/#organization","name":"hd-multimedia","url":"https:\/\/hd-multimedia.com\/","logo":{"@type":"ImageObject","inLanguage":"en-GB","@id":"https:\/\/hd-multimedia.com\/#\/schema\/logo\/image\/","url":"https:\/\/hd-multimedia.com\/hdm_media\/HD-curves-ok-196-56px-alpha-1.png","contentUrl":"https:\/\/hd-multimedia.com\/hdm_media\/HD-curves-ok-196-56px-alpha-1.png","width":196,"height":53,"caption":"hd-multimedia"},"image":{"@id":"https:\/\/hd-multimedia.com\/#\/schema\/logo\/image\/"}}]}},"post_mailing_queue_ids":[],"_links":{"self":[{"href":"https:\/\/hd-multimedia.com\/en\/wp-json\/wp\/v2\/product\/10454","targetHints":{"allow":["GET"]}}],"collection":[{"href":"https:\/\/hd-multimedia.com\/en\/wp-json\/wp\/v2\/product"}],"about":[{"href":"https:\/\/hd-multimedia.com\/en\/wp-json\/wp\/v2\/types\/product"}],"version-history":[{"count":6,"href":"https:\/\/hd-multimedia.com\/en\/wp-json\/wp\/v2\/product\/10454\/revisions"}],"predecessor-version":[{"id":18343,"href":"https:\/\/hd-multimedia.com\/en\/wp-json\/wp\/v2\/product\/10454\/revisions\/18343"}],"wp:featuredmedia":[{"embeddable":true,"href":"https:\/\/hd-multimedia.com\/en\/wp-json\/wp\/v2\/media\/10463"}],"wp:attachment":[{"href":"https:\/\/hd-multimedia.com\/en\/wp-json\/wp\/v2\/media?parent=10454"}],"curies":[{"name":"wp","href":"https:\/\/api.w.org\/{rel}","templated":true}]}}