{"id":7273,"date":"2021-12-06T12:43:18","date_gmt":"2021-12-06T12:43:18","guid":{"rendered":"https:\/\/hd-multimedia.com\/?page_id=7273"},"modified":"2021-12-06T13:41:20","modified_gmt":"2021-12-06T13:41:20","slug":"gaminig-slusalice-g33bt","status":"publish","type":"page","link":"https:\/\/hd-multimedia.com\/en\/gaminig-slusalice-g33bt\/","title":{"rendered":"Gaminig-headphones-G33BT"},"content":{"rendered":"<div data-elementor-type=\"wp-page\" data-elementor-id=\"7273\" class=\"elementor elementor-7273\" data-elementor-post-type=\"page\">\n\t\t\t\t\t\t<section class=\"elementor-section elementor-top-section elementor-element elementor-element-0a6437c elementor-section-boxed elementor-section-height-default elementor-section-height-default\" data-id=\"0a6437c\" data-element_type=\"section\">\n\t\t\t\t\t\t<div class=\"elementor-container elementor-column-gap-default\">\n\t\t\t\t\t<div class=\"elementor-column elementor-col-100 elementor-top-column elementor-element elementor-element-22d4c9f\" data-id=\"22d4c9f\" data-element_type=\"column\">\n\t\t\t<div class=\"elementor-widget-wrap elementor-element-populated\">\n\t\t\t\t\t\t<div class=\"elementor-element elementor-element-dad5a7e elementor-widget elementor-widget-image\" data-id=\"dad5a7e\" data-element_type=\"widget\" data-widget_type=\"image.default\">\n\t\t\t\t<div class=\"elementor-widget-container\">\n\t\t\t\t\t\t\t\t\t\t\t\t\t\t\t<img fetchpriority=\"high\" decoding=\"async\" width=\"790\" height=\"2501\" src=\"https:\/\/hd-multimedia.com\/hdm_media\/1.gif\" class=\"attachment-full size-full wp-image-7279\" alt=\"\" \/>\t\t\t\t\t\t\t\t\t\t\t\t\t\t\t<\/div>\n\t\t\t\t<\/div>\n\t\t\t\t\t<\/div>\n\t\t<\/div>\n\t\t\t\t\t<\/div>\n\t\t<\/section>\n\t\t\t\t<section class=\"elementor-section elementor-top-section elementor-element elementor-element-f36f51d elementor-section-boxed elementor-section-height-default elementor-section-height-default\" data-id=\"f36f51d\" data-element_type=\"section\">\n\t\t\t\t\t\t<div class=\"elementor-container elementor-column-gap-default\">\n\t\t\t\t\t<div class=\"elementor-column elementor-col-100 elementor-top-column elementor-element elementor-element-2db9daf\" data-id=\"2db9daf\" data-element_type=\"column\">\n\t\t\t<div class=\"elementor-widget-wrap elementor-element-populated\">\n\t\t\t\t\t\t<div class=\"elementor-element elementor-element-762ca35 elementor-widget elementor-widget-image\" data-id=\"762ca35\" data-element_type=\"widget\" data-widget_type=\"image.default\">\n\t\t\t\t<div class=\"elementor-widget-container\">\n\t\t\t\t\t\t\t\t\t\t\t\t\t\t\t<img decoding=\"async\" width=\"790\" height=\"1526\" src=\"https:\/\/hd-multimedia.com\/hdm_media\/2.gif\" class=\"attachment-full size-full wp-image-7282\" alt=\"\" \/>\t\t\t\t\t\t\t\t\t\t\t\t\t\t\t<\/div>\n\t\t\t\t<\/div>\n\t\t\t\t\t<\/div>\n\t\t<\/div>\n\t\t\t\t\t<\/div>\n\t\t<\/section>\n\t\t\t\t<section class=\"elementor-section elementor-top-section elementor-element elementor-element-e6009a3 elementor-section-boxed elementor-section-height-default elementor-section-height-default\" data-id=\"e6009a3\" data-element_type=\"section\">\n\t\t\t\t\t\t<div class=\"elementor-container elementor-column-gap-default\">\n\t\t\t\t\t<div class=\"elementor-column elementor-col-100 elementor-top-column elementor-element elementor-element-ba2224e\" data-id=\"ba2224e\" data-element_type=\"column\">\n\t\t\t<div class=\"elementor-widget-wrap elementor-element-populated\">\n\t\t\t\t\t\t<div class=\"elementor-element elementor-element-6860f06 elementor-widget elementor-widget-image\" data-id=\"6860f06\" data-element_type=\"widget\" data-widget_type=\"image.default\">\n\t\t\t\t<div class=\"elementor-widget-container\">\n\t\t\t\t\t\t\t\t\t\t\t\t\t\t\t<img decoding=\"async\" width=\"790\" height=\"1861\" src=\"https:\/\/hd-multimedia.com\/hdm_media\/3.gif\" class=\"attachment-full size-full wp-image-7283\" alt=\"\" \/>\t\t\t\t\t\t\t\t\t\t\t\t\t\t\t<\/div>\n\t\t\t\t<\/div>\n\t\t\t\t\t<\/div>\n\t\t<\/div>\n\t\t\t\t\t<\/div>\n\t\t<\/section>\n\t\t\t\t<section class=\"elementor-section elementor-top-section elementor-element elementor-element-74db9d5 elementor-section-boxed elementor-section-height-default elementor-section-height-default\" data-id=\"74db9d5\" data-element_type=\"section\">\n\t\t\t\t\t\t<div class=\"elementor-container elementor-column-gap-default\">\n\t\t\t\t\t<div class=\"elementor-column elementor-col-100 elementor-top-column elementor-element elementor-element-d71da12\" data-id=\"d71da12\" data-element_type=\"column\">\n\t\t\t<div class=\"elementor-widget-wrap elementor-element-populated\">\n\t\t\t\t\t\t<div class=\"elementor-element elementor-element-4560492 elementor-widget elementor-widget-image\" data-id=\"4560492\" data-element_type=\"widget\" data-widget_type=\"image.default\">\n\t\t\t\t<div class=\"elementor-widget-container\">\n\t\t\t\t\t\t\t\t\t\t\t\t\t\t\t<img loading=\"lazy\" decoding=\"async\" width=\"790\" height=\"1974\" src=\"https:\/\/hd-multimedia.com\/hdm_media\/4.gif\" class=\"attachment-full size-full wp-image-7284\" alt=\"\" \/>\t\t\t\t\t\t\t\t\t\t\t\t\t\t\t<\/div>\n\t\t\t\t<\/div>\n\t\t\t\t\t<\/div>\n\t\t<\/div>\n\t\t\t\t\t<\/div>\n\t\t<\/section>\n\t\t\t\t<section class=\"elementor-section elementor-top-section elementor-element elementor-element-8c93f64 elementor-section-boxed elementor-section-height-default elementor-section-height-default\" data-id=\"8c93f64\" data-element_type=\"section\">\n\t\t\t\t\t\t<div class=\"elementor-container elementor-column-gap-default\">\n\t\t\t\t\t<div class=\"elementor-column elementor-col-100 elementor-top-column elementor-element elementor-element-ad590dd\" data-id=\"ad590dd\" data-element_type=\"column\">\n\t\t\t<div class=\"elementor-widget-wrap elementor-element-populated\">\n\t\t\t\t\t\t<div class=\"elementor-element elementor-element-6f5d029 elementor-widget elementor-widget-image\" data-id=\"6f5d029\" data-element_type=\"widget\" data-widget_type=\"image.default\">\n\t\t\t\t<div class=\"elementor-widget-container\">\n\t\t\t\t\t\t\t\t\t\t\t\t\t\t\t<img loading=\"lazy\" decoding=\"async\" width=\"790\" height=\"1618\" src=\"https:\/\/hd-multimedia.com\/hdm_media\/5.gif\" class=\"attachment-full size-full wp-image-7285\" alt=\"\" \/>\t\t\t\t\t\t\t\t\t\t\t\t\t\t\t<\/div>\n\t\t\t\t<\/div>\n\t\t\t\t\t<\/div>\n\t\t<\/div>\n\t\t\t\t\t<\/div>\n\t\t<\/section>\n\t\t\t\t<section class=\"elementor-section elementor-top-section elementor-element elementor-element-0c7bda3 elementor-section-boxed elementor-section-height-default elementor-section-height-default\" data-id=\"0c7bda3\" data-element_type=\"section\">\n\t\t\t\t\t\t<div class=\"elementor-container elementor-column-gap-default\">\n\t\t\t\t\t<div class=\"elementor-column elementor-col-100 elementor-top-column elementor-element elementor-element-28edbe7\" data-id=\"28edbe7\" data-element_type=\"column\">\n\t\t\t<div class=\"elementor-widget-wrap elementor-element-populated\">\n\t\t\t\t\t\t<div class=\"elementor-element elementor-element-a9c21d1 elementor-widget elementor-widget-image\" data-id=\"a9c21d1\" data-element_type=\"widget\" data-widget_type=\"image.default\">\n\t\t\t\t<div class=\"elementor-widget-container\">\n\t\t\t\t\t\t\t\t\t\t\t\t\t\t\t<img loading=\"lazy\" decoding=\"async\" width=\"790\" height=\"2161\" src=\"https:\/\/hd-multimedia.com\/hdm_media\/6.gif\" class=\"attachment-full size-full wp-image-7286\" alt=\"\" \/>\t\t\t\t\t\t\t\t\t\t\t\t\t\t\t<\/div>\n\t\t\t\t<\/div>\n\t\t\t\t\t<\/div>\n\t\t<\/div>\n\t\t\t\t\t<\/div>\n\t\t<\/section>\n\t\t\t\t<section class=\"elementor-section elementor-top-section elementor-element elementor-element-d0a91d5 elementor-section-boxed elementor-section-height-default elementor-section-height-default\" data-id=\"d0a91d5\" data-element_type=\"section\">\n\t\t\t\t\t\t<div class=\"elementor-container elementor-column-gap-default\">\n\t\t\t\t\t<div class=\"elementor-column elementor-col-100 elementor-top-column elementor-element elementor-element-bbc3960\" data-id=\"bbc3960\" data-element_type=\"column\">\n\t\t\t<div class=\"elementor-widget-wrap elementor-element-populated\">\n\t\t\t\t\t\t<div class=\"elementor-element elementor-element-9a0d19e elementor-widget elementor-widget-image\" data-id=\"9a0d19e\" data-element_type=\"widget\" data-widget_type=\"image.default\">\n\t\t\t\t<div class=\"elementor-widget-container\">\n\t\t\t\t\t\t\t\t\t\t\t\t\t\t\t<img loading=\"lazy\" decoding=\"async\" width=\"790\" height=\"1497\" src=\"https:\/\/hd-multimedia.com\/hdm_media\/7.gif\" class=\"attachment-full size-full wp-image-7287\" alt=\"\" \/>\t\t\t\t\t\t\t\t\t\t\t\t\t\t\t<\/div>\n\t\t\t\t<\/div>\n\t\t\t\t\t<\/div>\n\t\t<\/div>\n\t\t\t\t\t<\/div>\n\t\t<\/section>\n\t\t\t\t<section class=\"elementor-section elementor-top-section elementor-element elementor-element-c01e9e7 elementor-section-boxed elementor-section-height-default elementor-section-height-default\" data-id=\"c01e9e7\" data-element_type=\"section\">\n\t\t\t\t\t\t<div class=\"elementor-container elementor-column-gap-default\">\n\t\t\t\t\t<div class=\"elementor-column elementor-col-100 elementor-top-column elementor-element elementor-element-cb9aeec\" data-id=\"cb9aeec\" data-element_type=\"column\">\n\t\t\t<div class=\"elementor-widget-wrap elementor-element-populated\">\n\t\t\t\t\t\t<div class=\"elementor-element elementor-element-7244d59 elementor-widget elementor-widget-image\" data-id=\"7244d59\" data-element_type=\"widget\" data-widget_type=\"image.default\">\n\t\t\t\t<div class=\"elementor-widget-container\">\n\t\t\t\t\t\t\t\t\t\t\t\t\t\t\t<img loading=\"lazy\" decoding=\"async\" width=\"790\" height=\"1544\" src=\"https:\/\/hd-multimedia.com\/hdm_media\/8.gif\" class=\"attachment-full size-full wp-image-7280\" alt=\"\" \/>\t\t\t\t\t\t\t\t\t\t\t\t\t\t\t<\/div>\n\t\t\t\t<\/div>\n\t\t\t\t\t<\/div>\n\t\t<\/div>\n\t\t\t\t\t<\/div>\n\t\t<\/section>\n\t\t\t\t<section class=\"elementor-section elementor-top-section elementor-element elementor-element-ef3bf77 elementor-section-boxed elementor-section-height-default elementor-section-height-default\" data-id=\"ef3bf77\" data-element_type=\"section\">\n\t\t\t\t\t\t<div class=\"elementor-container elementor-column-gap-default\">\n\t\t\t\t\t<div class=\"elementor-column elementor-col-100 elementor-top-column elementor-element elementor-element-79ec29e\" data-id=\"79ec29e\" data-element_type=\"column\">\n\t\t\t<div class=\"elementor-widget-wrap elementor-element-populated\">\n\t\t\t\t\t\t<div class=\"elementor-element elementor-element-4b23cdb elementor-widget elementor-widget-image\" data-id=\"4b23cdb\" data-element_type=\"widget\" data-widget_type=\"image.default\">\n\t\t\t\t<div class=\"elementor-widget-container\">\n\t\t\t\t\t\t\t\t\t\t\t\t\t\t\t<img loading=\"lazy\" decoding=\"async\" width=\"790\" height=\"2297\" src=\"https:\/\/hd-multimedia.com\/hdm_media\/9.gif\" class=\"attachment-full size-full wp-image-7281\" alt=\"\" \/>\t\t\t\t\t\t\t\t\t\t\t\t\t\t\t<\/div>\n\t\t\t\t<\/div>\n\t\t\t\t\t<\/div>\n\t\t<\/div>\n\t\t\t\t\t<\/div>\n\t\t<\/section>\n\t\t\t\t<section class=\"elementor-section elementor-top-section elementor-element elementor-element-56db4dd elementor-section-boxed elementor-section-height-default elementor-section-height-default\" data-id=\"56db4dd\" data-element_type=\"section\">\n\t\t\t\t\t\t<div class=\"elementor-container elementor-column-gap-default\">\n\t\t\t\t\t<div class=\"elementor-column elementor-col-100 elementor-top-column elementor-element elementor-element-422dfbd\" data-id=\"422dfbd\" data-element_type=\"column\">\n\t\t\t<div class=\"elementor-widget-wrap elementor-element-populated\">\n\t\t\t\t\t\t<div class=\"elementor-element elementor-element-cb6195b elementor-widget elementor-widget-heading\" data-id=\"cb6195b\" data-element_type=\"widget\" data-widget_type=\"heading.default\">\n\t\t\t\t<div class=\"elementor-widget-container\">\n\t\t\t\t\t<h1 class=\"elementor-heading-title elementor-size-default\">WEBSITE<\/h1>\t\t\t\t<\/div>\n\t\t\t\t<\/div>\n\t\t\t\t\t<\/div>\n\t\t<\/div>\n\t\t\t\t\t<\/div>\n\t\t<\/section>\n\t\t\t\t<section class=\"elementor-section elementor-top-section elementor-element elementor-element-fec4224 elementor-section-boxed elementor-section-height-default elementor-section-height-default\" data-id=\"fec4224\" data-element_type=\"section\">\n\t\t\t\t\t\t<div class=\"elementor-container elementor-column-gap-default\">\n\t\t\t\t\t<div class=\"elementor-column elementor-col-100 elementor-top-column elementor-element elementor-element-3de1cbc\" data-id=\"3de1cbc\" data-element_type=\"column\">\n\t\t\t<div class=\"elementor-widget-wrap elementor-element-populated\">\n\t\t\t\t\t\t<div class=\"elementor-element elementor-element-0564cb8 elementor-widget elementor-widget-wc-elements\" data-id=\"0564cb8\" data-element_type=\"widget\" data-widget_type=\"wc-elements.default\">\n\t\t\t\t<div class=\"elementor-widget-container\">\n\t\t\t\t\t<div class=\"woocommerce\">\t\t\t<div class=\"single-product\" data-product-page-preselected-id=\"0\">\n\t\t\t\t<div id=\"product-6610\" class=\"ast-article-single ast-woo-product-no-review desktop-align-center tablet-align-center mobile-align-center ast-product-gallery-layout-horizontal ast-magnify-disabled ast-product-single-variable ast-product-tabs-layout-horizontal product type-product post-6610 status-publish first instock product_cat-gaming_slu product_cat-bluetooth-slusalice product_cat-edifier product_tag-gaming has-post-thumbnail taxable shipping-taxable purchasable product-type-variable\">\n\n\t\n\t<div class=\"summary entry-summary\">\n\t\t<h1 class=\"product_title entry-title\">Edifier G33BT<\/h1><p class=\"price\"><span class=\"woocommerce-Price-amount amount\"><bdi><span class=\"woocommerce-Price-currencySymbol\">\u20ac<\/span>&nbsp;59.00<\/bdi><\/span><\/p>\n<div class=\"woocommerce-product-details__short-description\">\n\t<p>The Edifier G33BT gaming headset delivers an advanced gaming experience with a host of useful features. With a battery life of up to 48 hours on a single charge, it allows for long hours of uninterrupted use. Thanks to the intuitive touch control, you can easily adjust settings \u2013 change charging ports, control volume, answer calls and turn on RGB lights with a single touch. Equipped with a 40mm NdFeB driver and PET diaphragm for precise sound with rich bass, it allows you to choose between three frequency bands for an optimal audio experience. The low latency of only 60ms, along with PixArt technology and Bluetooth V5.0 compatibility for iOS and Android, ensures that sound and gameplay are in sync without lag. For added visual effect, the headset offers eight customizable RGB lighting modes, including constant, pulsating and gradient light, making it the perfect choice for a premium gaming experience.<\/p>\n<\/div>\n<div class=\"product_meta\">\n\n\t\n\t\n\t\t<span class=\"sku_wrapper\">SKU: <span class=\"sku\">ED_G33BT<\/span><\/span>\n\n\t\n\t<span class=\"posted_in\">Categories: <a href=\"https:\/\/hd-multimedia.com\/en\/kat_p\/slusalice\/gaming_slu\/\" rel=\"tag\">Gaming headphones<\/a>, <a href=\"https:\/\/hd-multimedia.com\/en\/kat_p\/slusalice\/bluetooth-slusalice\/\" rel=\"tag\">Bluetooth headphones<\/a>, <a href=\"https:\/\/hd-multimedia.com\/en\/kat_p\/proizvodaci\/edifier\/\" rel=\"tag\">Edifier<\/a><\/span>\n\t<span class=\"tagged_as\">Tag: <a href=\"https:\/\/hd-multimedia.com\/en\/tag_p\/gaming\/\" rel=\"tag\">gaming<\/a><\/span>\n\t\n<\/div>\n\t<\/div>\n\n\t<div id=\"pphWrapper\" class=\"pph-wrapper\" data-product-id=\"\" style=\"--pph-chart--background-color:rgba(255,255,255,0);--pph-chart--max-width:40%;\"><span class=\"pph-chart-title\">Lowest price in the last 30 days<\/span><\/div><\/div>\n\n\t\t\t<\/div>\n\t\t\t<\/div>\t\t\t\t<\/div>\n\t\t\t\t<\/div>\n\t\t\t\t\t<\/div>\n\t\t<\/div>\n\t\t\t\t\t<\/div>\n\t\t<\/section>\n\t\t\t\t<\/div>","protected":false},"excerpt":{"rendered":"<p>WEBSITE<\/p>","protected":false},"author":1,"featured_media":0,"parent":0,"menu_order":0,"comment_status":"closed","ping_status":"closed","template":"","meta":{"site-sidebar-layout":"no-sidebar","site-content-layout":"page-builder","ast-site-content-layout":"","site-content-style":"default","site-sidebar-style":"default","ast-global-header-display":"","ast-banner-title-visibility":"","ast-main-header-display":"","ast-hfb-above-header-display":"","ast-hfb-below-header-display":"","ast-hfb-mobile-header-display":"","site-post-title":"disabled","ast-breadcrumbs-content":"","ast-featured-img":"disabled","footer-sml-layout":"","theme-transparent-header-meta":"default","adv-header-id-meta":"","stick-header-meta":"default","header-above-stick-meta":"","header-main-stick-meta":"","header-below-stick-meta":"","astra-migrate-meta-layouts":"default","ast-page-background-enabled":"default","ast-page-background-meta":{"desktop":{"background-color":"","background-image":"","background-repeat":"repeat","background-position":"center center","background-size":"auto","background-attachment":"scroll","background-type":"","background-media":"","overlay-type":"","overlay-color":"","overlay-opacity":"","overlay-gradient":""},"tablet":{"background-color":"","background-image":"","background-repeat":"repeat","background-position":"center center","background-size":"auto","background-attachment":"scroll","background-type":"","background-media":"","overlay-type":"","overlay-color":"","overlay-opacity":"","overlay-gradient":""},"mobile":{"background-color":"","background-image":"","background-repeat":"repeat","background-position":"center center","background-size":"auto","background-attachment":"scroll","background-type":"","background-media":"","overlay-type":"","overlay-color":"","overlay-opacity":"","overlay-gradient":""}},"ast-content-background-meta":{"desktop":{"background-color":"var(--ast-global-color-5)","background-image":"","background-repeat":"repeat","background-position":"center center","background-size":"auto","background-attachment":"scroll","background-type":"","background-media":"","overlay-type":"","overlay-color":"","overlay-opacity":"","overlay-gradient":""},"tablet":{"background-color":"var(--ast-global-color-5)","background-image":"","background-repeat":"repeat","background-position":"center center","background-size":"auto","background-attachment":"scroll","background-type":"","background-media":"","overlay-type":"","overlay-color":"","overlay-opacity":"","overlay-gradient":""},"mobile":{"background-color":"var(--ast-global-color-5)","background-image":"","background-repeat":"repeat","background-position":"center center","background-size":"auto","background-attachment":"scroll","background-type":"","background-media":"","overlay-type":"","overlay-color":"","overlay-opacity":"","overlay-gradient":""}},"footnotes":""},"class_list":["post-7273","page","type-page","status-publish","hentry","desktop-align-center","tablet-align-center","mobile-align-center","ast-product-gallery-layout-horizontal","ast-magnify-disabled","ast-product-single-variable","ast-product-tabs-layout-horizontal"],"yoast_head":"<!-- This site is optimized with the Yoast SEO plugin v21.4 - https:\/\/yoast.com\/wordpress\/plugins\/seo\/ -->\n<title>Gaminig-slu\u0161alice-G33BT - hd-multimedia<\/title>\n<meta name=\"description\" content=\"gaming bluetooth slu\u0161alice - Edifier G33BT - mala latencija - 48 sati rada bez punjenja - LED efekti - muzi\u010dki na\u010din rada\" \/>\n<meta name=\"robots\" content=\"index, follow, max-snippet:-1, max-image-preview:large, max-video-preview:-1\" \/>\n<link rel=\"canonical\" href=\"https:\/\/hd-multimedia.com\/en\/gaminig-slusalice-g33bt\/\" \/>\n<meta property=\"og:locale\" content=\"en_GB\" \/>\n<meta property=\"og:type\" content=\"article\" \/>\n<meta property=\"og:title\" content=\"Gaminig-slu\u0161alice-G33BT - hd-multimedia\" \/>\n<meta property=\"og:description\" content=\"gaming bluetooth slu\u0161alice - Edifier G33BT - mala latencija - 48 sati rada bez punjenja - LED efekti - muzi\u010dki na\u010din rada\" \/>\n<meta property=\"og:url\" content=\"https:\/\/hd-multimedia.com\/en\/gaminig-slusalice-g33bt\/\" \/>\n<meta property=\"og:site_name\" content=\"hd-multimedia\" \/>\n<meta property=\"article:modified_time\" content=\"2021-12-06T13:41:20+00:00\" \/>\n<meta property=\"og:image\" content=\"https:\/\/hd-multimedia.com\/hdm_media\/1.gif\" \/>\n<meta name=\"twitter:card\" content=\"summary_large_image\" \/>\n<meta name=\"twitter:label1\" content=\"Estimated reading time\" \/>\n\t<meta name=\"twitter:data1\" content=\"5 minutes\" \/>\n<script type=\"application\/ld+json\" class=\"yoast-schema-graph\">{\"@context\":\"https:\/\/schema.org\",\"@graph\":[{\"@type\":\"WebPage\",\"@id\":\"https:\/\/hd-multimedia.com\/gaminig-slusalice-g33bt\/\",\"url\":\"https:\/\/hd-multimedia.com\/gaminig-slusalice-g33bt\/\",\"name\":\"Gaminig-slu\u0161alice-G33BT - hd-multimedia\",\"isPartOf\":{\"@id\":\"https:\/\/hd-multimedia.com\/#website\"},\"datePublished\":\"2021-12-06T12:43:18+00:00\",\"dateModified\":\"2021-12-06T13:41:20+00:00\",\"description\":\"gaming bluetooth slu\u0161alice - Edifier G33BT - mala latencija - 48 sati rada bez punjenja - LED efekti - muzi\u010dki na\u010din rada\",\"breadcrumb\":{\"@id\":\"https:\/\/hd-multimedia.com\/gaminig-slusalice-g33bt\/#breadcrumb\"},\"inLanguage\":\"en-GB\",\"potentialAction\":[{\"@type\":\"ReadAction\",\"target\":[\"https:\/\/hd-multimedia.com\/gaminig-slusalice-g33bt\/\"]}]},{\"@type\":\"BreadcrumbList\",\"@id\":\"https:\/\/hd-multimedia.com\/gaminig-slusalice-g33bt\/#breadcrumb\",\"itemListElement\":[{\"@type\":\"ListItem\",\"position\":1,\"name\":\"Po\u010detna stranica\",\"item\":\"https:\/\/hd-multimedia.com\/\"},{\"@type\":\"ListItem\",\"position\":2,\"name\":\"Gaminig-slu\u0161alice-G33BT\"}]},{\"@type\":\"WebSite\",\"@id\":\"https:\/\/hd-multimedia.com\/#website\",\"url\":\"https:\/\/hd-multimedia.com\/\",\"name\":\"hd-multimedia\",\"description\":\"\",\"publisher\":{\"@id\":\"https:\/\/hd-multimedia.com\/#organization\"},\"potentialAction\":[{\"@type\":\"SearchAction\",\"target\":{\"@type\":\"EntryPoint\",\"urlTemplate\":\"https:\/\/hd-multimedia.com\/?s={search_term_string}\"},\"query-input\":\"required name=search_term_string\"}],\"inLanguage\":\"en-GB\"},{\"@type\":\"Organization\",\"@id\":\"https:\/\/hd-multimedia.com\/#organization\",\"name\":\"hd-multimedia\",\"url\":\"https:\/\/hd-multimedia.com\/\",\"logo\":{\"@type\":\"ImageObject\",\"inLanguage\":\"en-GB\",\"@id\":\"https:\/\/hd-multimedia.com\/#\/schema\/logo\/image\/\",\"url\":\"https:\/\/hd-multimedia.com\/hdm_media\/HD-curves-ok-196-56px-alpha-1.png\",\"contentUrl\":\"https:\/\/hd-multimedia.com\/hdm_media\/HD-curves-ok-196-56px-alpha-1.png\",\"width\":196,\"height\":53,\"caption\":\"hd-multimedia\"},\"image\":{\"@id\":\"https:\/\/hd-multimedia.com\/#\/schema\/logo\/image\/\"}}]}<\/script>\n<!-- \/ Yoast SEO plugin. -->","yoast_head_json":{"title":"Gaminig-slu\u0161alice-G33BT - hd-multimedia","description":"gaming bluetooth slu\u0161alice - Edifier G33BT - mala latencija - 48 sati rada bez punjenja - LED efekti - muzi\u010dki na\u010din rada","robots":{"index":"index","follow":"follow","max-snippet":"max-snippet:-1","max-image-preview":"max-image-preview:large","max-video-preview":"max-video-preview:-1"},"canonical":"https:\/\/hd-multimedia.com\/en\/gaminig-slusalice-g33bt\/","og_locale":"en_GB","og_type":"article","og_title":"Gaminig-slu\u0161alice-G33BT - hd-multimedia","og_description":"gaming bluetooth slu\u0161alice - Edifier G33BT - mala latencija - 48 sati rada bez punjenja - LED efekti - muzi\u010dki na\u010din rada","og_url":"https:\/\/hd-multimedia.com\/en\/gaminig-slusalice-g33bt\/","og_site_name":"hd-multimedia","article_modified_time":"2021-12-06T13:41:20+00:00","og_image":[{"url":"https:\/\/hd-multimedia.com\/hdm_media\/1.gif"}],"twitter_card":"summary_large_image","twitter_misc":{"Estimated reading time":"5 minutes"},"schema":{"@context":"https:\/\/schema.org","@graph":[{"@type":"WebPage","@id":"https:\/\/hd-multimedia.com\/gaminig-slusalice-g33bt\/","url":"https:\/\/hd-multimedia.com\/gaminig-slusalice-g33bt\/","name":"Gaminig-slu\u0161alice-G33BT - hd-multimedia","isPartOf":{"@id":"https:\/\/hd-multimedia.com\/#website"},"datePublished":"2021-12-06T12:43:18+00:00","dateModified":"2021-12-06T13:41:20+00:00","description":"gaming bluetooth slu\u0161alice - Edifier G33BT - mala latencija - 48 sati rada bez punjenja - LED efekti - muzi\u010dki na\u010din rada","breadcrumb":{"@id":"https:\/\/hd-multimedia.com\/gaminig-slusalice-g33bt\/#breadcrumb"},"inLanguage":"en-GB","potentialAction":[{"@type":"ReadAction","target":["https:\/\/hd-multimedia.com\/gaminig-slusalice-g33bt\/"]}]},{"@type":"BreadcrumbList","@id":"https:\/\/hd-multimedia.com\/gaminig-slusalice-g33bt\/#breadcrumb","itemListElement":[{"@type":"ListItem","position":1,"name":"Po\u010detna stranica","item":"https:\/\/hd-multimedia.com\/"},{"@type":"ListItem","position":2,"name":"Gaminig-slu\u0161alice-G33BT"}]},{"@type":"WebSite","@id":"https:\/\/hd-multimedia.com\/#website","url":"https:\/\/hd-multimedia.com\/","name":"hd-multimedia","description":"","publisher":{"@id":"https:\/\/hd-multimedia.com\/#organization"},"potentialAction":[{"@type":"SearchAction","target":{"@type":"EntryPoint","urlTemplate":"https:\/\/hd-multimedia.com\/?s={search_term_string}"},"query-input":"required name=search_term_string"}],"inLanguage":"en-GB"},{"@type":"Organization","@id":"https:\/\/hd-multimedia.com\/#organization","name":"hd-multimedia","url":"https:\/\/hd-multimedia.com\/","logo":{"@type":"ImageObject","inLanguage":"en-GB","@id":"https:\/\/hd-multimedia.com\/#\/schema\/logo\/image\/","url":"https:\/\/hd-multimedia.com\/hdm_media\/HD-curves-ok-196-56px-alpha-1.png","contentUrl":"https:\/\/hd-multimedia.com\/hdm_media\/HD-curves-ok-196-56px-alpha-1.png","width":196,"height":53,"caption":"hd-multimedia"},"image":{"@id":"https:\/\/hd-multimedia.com\/#\/schema\/logo\/image\/"}}]}},"post_mailing_queue_ids":[],"_links":{"self":[{"href":"https:\/\/hd-multimedia.com\/en\/wp-json\/wp\/v2\/pages\/7273","targetHints":{"allow":["GET"]}}],"collection":[{"href":"https:\/\/hd-multimedia.com\/en\/wp-json\/wp\/v2\/pages"}],"about":[{"href":"https:\/\/hd-multimedia.com\/en\/wp-json\/wp\/v2\/types\/page"}],"author":[{"embeddable":true,"href":"https:\/\/hd-multimedia.com\/en\/wp-json\/wp\/v2\/users\/1"}],"replies":[{"embeddable":true,"href":"https:\/\/hd-multimedia.com\/en\/wp-json\/wp\/v2\/comments?post=7273"}],"version-history":[{"count":11,"href":"https:\/\/hd-multimedia.com\/en\/wp-json\/wp\/v2\/pages\/7273\/revisions"}],"predecessor-version":[{"id":7296,"href":"https:\/\/hd-multimedia.com\/en\/wp-json\/wp\/v2\/pages\/7273\/revisions\/7296"}],"wp:attachment":[{"href":"https:\/\/hd-multimedia.com\/en\/wp-json\/wp\/v2\/media?parent=7273"}],"curies":[{"name":"wp","href":"https:\/\/api.w.org\/{rel}","templated":true}]}}