{"id":5979,"date":"2022-02-08T14:02:03","date_gmt":"2022-02-08T14:02:03","guid":{"rendered":"https:\/\/hd-multimedia.com\/?page_id=5979"},"modified":"2023-01-02T11:50:53","modified_gmt":"2023-01-02T11:50:53","slug":"dostava-i-preuzimanje-robe","status":"publish","type":"page","link":"https:\/\/hd-multimedia.com\/en\/dostava-i-preuzimanje-robe\/","title":{"rendered":"Delivery and collection of goods"},"content":{"rendered":"<h5 class=\"wp-block-heading\"><strong>Delivery terms<\/strong><\/h5>\r\n<p>We would like to point out right away that all the goods you can choose from in our web shop come from our own warehouse (stock). Delivery depends on the method of collection and if you collect from our address yourself, delivery within 24 hours is also possible. There are some exceptions when the goods are not available and must be ordered directly from the manufacturer. Such exceptions are clearly stated directly when purchasing such an item.<\/p>\r\n\r\n\r\n\r\n<p>Delivery of goods to the customer&#039;s address in Croatia is free for purchases over \u20ac149.00. Free delivery is possible to an address in the Republic of Croatia and the delivery time is up to 7 working days. For orders less than the specified amount, we charge a fixed delivery fee of \u20ac5.00. Expedited delivery to Croatia (3 working days) and delivery to Slovenia is charged at \u20ac9.00.\u00a0<\/p>\r\n\r\n\r\n\r\n<p>With prior telephone or email agreement, the buyer can pick up the goods themselves at our address: Svetice 23, Zagreb or Strossmayerov trg 5, Zagreb.<\/p>\r\n\r\n\r\n\r\n<p>The buyer is obliged to immediately check the outer box for any damage upon receipt of the goods and immediately report them to the delivery person, and if he concludes that the goods were damaged in transport, to refuse to accept the shipment from the delivery person.<\/p>\r\n\r\n\r\n\r\n<p>Delivery is made to the entrance of the residential building to which the shipment is addressed. The delivery person is not obliged to carry the goods inside the building or to the floor on which the customer is located.<br \/>The goods are insured against losses during delivery. When taking over the goods, the buyer is obliged to sign the record that he has taken over the goods, which is a confirmation of the takeover of the goods by the buyer.<\/p>\r\n\r\n\r\n\r\n<p>We deliver goods via delivery services:<\/p>\r\n\r\n\r\n\r\n<ul class=\"wp-block-list\">\r\n<li>GLS Croatia \u2013\u00a0<a href=\"https:\/\/gls-group.eu\/HR\/hr\/gls-croatia\">https:\/\/gls-group.eu\/HR\/hr\/gls-croatia<\/a><\/li>\r\n<li>DPD Croatia \u2013 <a href=\"https:\/\/www.dpd.com\/hr\/hr\/\">https:\/\/www.dpd.com\/hr\/hr\/<\/a><\/li>\r\n<li>Croatian Post \u2013 EMS delivery<\/li>\r\n<\/ul>","protected":false},"excerpt":{"rendered":"<p>Uvjeti dostave Odmah \u017eelimo napomenuti da svu robu koju mo\u017eete izabrati u na\u0161em web shopu dolazi s na\u0161eg vlastitog skladi\u0161ta (lagera). Isporuka je zavisna o na\u010dinu preuzimanja i ukoliko sami preuzimate na na\u0161oj adresi mogu\u0107a je i isporuka u roku od 24 sata. Postoje i neke iznimke kada roba nije dostupna i mora se naru\u010diti [&hellip;]<\/p>","protected":false},"author":1,"featured_media":0,"parent":0,"menu_order":0,"comment_status":"closed","ping_status":"closed","template":"","meta":{"site-sidebar-layout":"default","site-content-layout":"content-boxed-container","ast-site-content-layout":"","site-content-style":"default","site-sidebar-style":"default","ast-global-header-display":"","ast-banner-title-visibility":"","ast-main-header-display":"","ast-hfb-above-header-display":"","ast-hfb-below-header-display":"","ast-hfb-mobile-header-display":"","site-post-title":"","ast-breadcrumbs-content":"","ast-featured-img":"","footer-sml-layout":"","theme-transparent-header-meta":"default","adv-header-id-meta":"","stick-header-meta":"default","header-above-stick-meta":"","header-main-stick-meta":"","header-below-stick-meta":"","astra-migrate-meta-layouts":"default","ast-page-background-enabled":"default","ast-page-background-meta":{"desktop":{"background-color":"","background-image":"","background-repeat":"repeat","background-position":"center center","background-size":"auto","background-attachment":"scroll","background-type":"","background-media":"","overlay-type":"","overlay-color":"","overlay-opacity":"","overlay-gradient":""},"tablet":{"background-color":"","background-image":"","background-repeat":"repeat","background-position":"center center","background-size":"auto","background-attachment":"scroll","background-type":"","background-media":"","overlay-type":"","overlay-color":"","overlay-opacity":"","overlay-gradient":""},"mobile":{"background-color":"","background-image":"","background-repeat":"repeat","background-position":"center center","background-size":"auto","background-attachment":"scroll","background-type":"","background-media":"","overlay-type":"","overlay-color":"","overlay-opacity":"","overlay-gradient":""}},"ast-content-background-meta":{"desktop":{"background-color":"var(--ast-global-color-5)","background-image":"","background-repeat":"repeat","background-position":"center center","background-size":"auto","background-attachment":"scroll","background-type":"","background-media":"","overlay-type":"","overlay-color":"","overlay-opacity":"","overlay-gradient":""},"tablet":{"background-color":"var(--ast-global-color-5)","background-image":"","background-repeat":"repeat","background-position":"center center","background-size":"auto","background-attachment":"scroll","background-type":"","background-media":"","overlay-type":"","overlay-color":"","overlay-opacity":"","overlay-gradient":""},"mobile":{"background-color":"var(--ast-global-color-5)","background-image":"","background-repeat":"repeat","background-position":"center center","background-size":"auto","background-attachment":"scroll","background-type":"","background-media":"","overlay-type":"","overlay-color":"","overlay-opacity":"","overlay-gradient":""}},"footnotes":""},"class_list":["post-5979","page","type-page","status-publish","hentry"],"yoast_head":"<!-- This site is optimized with the Yoast SEO plugin v21.4 - https:\/\/yoast.com\/wordpress\/plugins\/seo\/ -->\n<title>Dostava i preuzimanje robe - hd-multimedia<\/title>\n<meta name=\"robots\" content=\"index, follow, max-snippet:-1, max-image-preview:large, max-video-preview:-1\" \/>\n<link rel=\"canonical\" href=\"https:\/\/hd-multimedia.com\/en\/dostava-i-preuzimanje-robe\/\" \/>\n<meta property=\"og:locale\" content=\"en_GB\" \/>\n<meta property=\"og:type\" content=\"article\" \/>\n<meta property=\"og:title\" content=\"Dostava i preuzimanje robe - hd-multimedia\" \/>\n<meta property=\"og:description\" content=\"Uvjeti dostave Odmah \u017eelimo napomenuti da svu robu koju mo\u017eete izabrati u na\u0161em web shopu dolazi s na\u0161eg vlastitog skladi\u0161ta (lagera). Isporuka je zavisna o na\u010dinu preuzimanja i ukoliko sami preuzimate na na\u0161oj adresi mogu\u0107a je i isporuka u roku od 24 sata. Postoje i neke iznimke kada roba nije dostupna i mora se naru\u010diti [&hellip;]\" \/>\n<meta property=\"og:url\" content=\"https:\/\/hd-multimedia.com\/en\/dostava-i-preuzimanje-robe\/\" \/>\n<meta property=\"og:site_name\" content=\"hd-multimedia\" \/>\n<meta property=\"article:modified_time\" content=\"2023-01-02T11:50:53+00:00\" \/>\n<meta name=\"twitter:card\" content=\"summary_large_image\" \/>\n<meta name=\"twitter:label1\" content=\"Estimated reading time\" \/>\n\t<meta name=\"twitter:data1\" content=\"2 minutes\" \/>\n<script type=\"application\/ld+json\" class=\"yoast-schema-graph\">{\"@context\":\"https:\/\/schema.org\",\"@graph\":[{\"@type\":\"WebPage\",\"@id\":\"https:\/\/hd-multimedia.com\/dostava-i-preuzimanje-robe\/\",\"url\":\"https:\/\/hd-multimedia.com\/dostava-i-preuzimanje-robe\/\",\"name\":\"Dostava i preuzimanje robe - hd-multimedia\",\"isPartOf\":{\"@id\":\"https:\/\/hd-multimedia.com\/#website\"},\"datePublished\":\"2022-02-08T14:02:03+00:00\",\"dateModified\":\"2023-01-02T11:50:53+00:00\",\"breadcrumb\":{\"@id\":\"https:\/\/hd-multimedia.com\/dostava-i-preuzimanje-robe\/#breadcrumb\"},\"inLanguage\":\"en-GB\",\"potentialAction\":[{\"@type\":\"ReadAction\",\"target\":[\"https:\/\/hd-multimedia.com\/dostava-i-preuzimanje-robe\/\"]}]},{\"@type\":\"BreadcrumbList\",\"@id\":\"https:\/\/hd-multimedia.com\/dostava-i-preuzimanje-robe\/#breadcrumb\",\"itemListElement\":[{\"@type\":\"ListItem\",\"position\":1,\"name\":\"Po\u010detna stranica\",\"item\":\"https:\/\/hd-multimedia.com\/\"},{\"@type\":\"ListItem\",\"position\":2,\"name\":\"Dostava i preuzimanje robe\"}]},{\"@type\":\"WebSite\",\"@id\":\"https:\/\/hd-multimedia.com\/#website\",\"url\":\"https:\/\/hd-multimedia.com\/\",\"name\":\"hd-multimedia\",\"description\":\"\",\"publisher\":{\"@id\":\"https:\/\/hd-multimedia.com\/#organization\"},\"potentialAction\":[{\"@type\":\"SearchAction\",\"target\":{\"@type\":\"EntryPoint\",\"urlTemplate\":\"https:\/\/hd-multimedia.com\/?s={search_term_string}\"},\"query-input\":\"required name=search_term_string\"}],\"inLanguage\":\"en-GB\"},{\"@type\":\"Organization\",\"@id\":\"https:\/\/hd-multimedia.com\/#organization\",\"name\":\"hd-multimedia\",\"url\":\"https:\/\/hd-multimedia.com\/\",\"logo\":{\"@type\":\"ImageObject\",\"inLanguage\":\"en-GB\",\"@id\":\"https:\/\/hd-multimedia.com\/#\/schema\/logo\/image\/\",\"url\":\"https:\/\/hd-multimedia.com\/hdm_media\/HD-curves-ok-196-56px-alpha-1.png\",\"contentUrl\":\"https:\/\/hd-multimedia.com\/hdm_media\/HD-curves-ok-196-56px-alpha-1.png\",\"width\":196,\"height\":53,\"caption\":\"hd-multimedia\"},\"image\":{\"@id\":\"https:\/\/hd-multimedia.com\/#\/schema\/logo\/image\/\"}}]}<\/script>\n<!-- \/ Yoast SEO plugin. -->","yoast_head_json":{"title":"Dostava i preuzimanje robe - hd-multimedia","robots":{"index":"index","follow":"follow","max-snippet":"max-snippet:-1","max-image-preview":"max-image-preview:large","max-video-preview":"max-video-preview:-1"},"canonical":"https:\/\/hd-multimedia.com\/en\/dostava-i-preuzimanje-robe\/","og_locale":"en_GB","og_type":"article","og_title":"Dostava i preuzimanje robe - hd-multimedia","og_description":"Uvjeti dostave Odmah \u017eelimo napomenuti da svu robu koju mo\u017eete izabrati u na\u0161em web shopu dolazi s na\u0161eg vlastitog skladi\u0161ta (lagera). Isporuka je zavisna o na\u010dinu preuzimanja i ukoliko sami preuzimate na na\u0161oj adresi mogu\u0107a je i isporuka u roku od 24 sata. Postoje i neke iznimke kada roba nije dostupna i mora se naru\u010diti [&hellip;]","og_url":"https:\/\/hd-multimedia.com\/en\/dostava-i-preuzimanje-robe\/","og_site_name":"hd-multimedia","article_modified_time":"2023-01-02T11:50:53+00:00","twitter_card":"summary_large_image","twitter_misc":{"Estimated reading time":"2 minutes"},"schema":{"@context":"https:\/\/schema.org","@graph":[{"@type":"WebPage","@id":"https:\/\/hd-multimedia.com\/dostava-i-preuzimanje-robe\/","url":"https:\/\/hd-multimedia.com\/dostava-i-preuzimanje-robe\/","name":"Dostava i preuzimanje robe - hd-multimedia","isPartOf":{"@id":"https:\/\/hd-multimedia.com\/#website"},"datePublished":"2022-02-08T14:02:03+00:00","dateModified":"2023-01-02T11:50:53+00:00","breadcrumb":{"@id":"https:\/\/hd-multimedia.com\/dostava-i-preuzimanje-robe\/#breadcrumb"},"inLanguage":"en-GB","potentialAction":[{"@type":"ReadAction","target":["https:\/\/hd-multimedia.com\/dostava-i-preuzimanje-robe\/"]}]},{"@type":"BreadcrumbList","@id":"https:\/\/hd-multimedia.com\/dostava-i-preuzimanje-robe\/#breadcrumb","itemListElement":[{"@type":"ListItem","position":1,"name":"Po\u010detna stranica","item":"https:\/\/hd-multimedia.com\/"},{"@type":"ListItem","position":2,"name":"Dostava i preuzimanje robe"}]},{"@type":"WebSite","@id":"https:\/\/hd-multimedia.com\/#website","url":"https:\/\/hd-multimedia.com\/","name":"hd-multimedia","description":"","publisher":{"@id":"https:\/\/hd-multimedia.com\/#organization"},"potentialAction":[{"@type":"SearchAction","target":{"@type":"EntryPoint","urlTemplate":"https:\/\/hd-multimedia.com\/?s={search_term_string}"},"query-input":"required name=search_term_string"}],"inLanguage":"en-GB"},{"@type":"Organization","@id":"https:\/\/hd-multimedia.com\/#organization","name":"hd-multimedia","url":"https:\/\/hd-multimedia.com\/","logo":{"@type":"ImageObject","inLanguage":"en-GB","@id":"https:\/\/hd-multimedia.com\/#\/schema\/logo\/image\/","url":"https:\/\/hd-multimedia.com\/hdm_media\/HD-curves-ok-196-56px-alpha-1.png","contentUrl":"https:\/\/hd-multimedia.com\/hdm_media\/HD-curves-ok-196-56px-alpha-1.png","width":196,"height":53,"caption":"hd-multimedia"},"image":{"@id":"https:\/\/hd-multimedia.com\/#\/schema\/logo\/image\/"}}]}},"post_mailing_queue_ids":[],"_links":{"self":[{"href":"https:\/\/hd-multimedia.com\/en\/wp-json\/wp\/v2\/pages\/5979","targetHints":{"allow":["GET"]}}],"collection":[{"href":"https:\/\/hd-multimedia.com\/en\/wp-json\/wp\/v2\/pages"}],"about":[{"href":"https:\/\/hd-multimedia.com\/en\/wp-json\/wp\/v2\/types\/page"}],"author":[{"embeddable":true,"href":"https:\/\/hd-multimedia.com\/en\/wp-json\/wp\/v2\/users\/1"}],"replies":[{"embeddable":true,"href":"https:\/\/hd-multimedia.com\/en\/wp-json\/wp\/v2\/comments?post=5979"}],"version-history":[{"count":7,"href":"https:\/\/hd-multimedia.com\/en\/wp-json\/wp\/v2\/pages\/5979\/revisions"}],"predecessor-version":[{"id":10052,"href":"https:\/\/hd-multimedia.com\/en\/wp-json\/wp\/v2\/pages\/5979\/revisions\/10052"}],"wp:attachment":[{"href":"https:\/\/hd-multimedia.com\/en\/wp-json\/wp\/v2\/media?parent=5979"}],"curies":[{"name":"wp","href":"https:\/\/api.w.org\/{rel}","templated":true}]}}