{"id":5975,"date":"2022-02-08T15:08:17","date_gmt":"2022-02-08T15:08:17","guid":{"rendered":"https:\/\/hd-multimedia.com\/?page_id=5975"},"modified":"2024-01-16T09:41:42","modified_gmt":"2024-01-16T09:41:42","slug":"jamstveni-uvjeti","status":"publish","type":"page","link":"https:\/\/hd-multimedia.com\/en\/jamstveni-uvjeti\/","title":{"rendered":"Warranty conditions"},"content":{"rendered":"<h5 class=\"wp-block-heading\"><strong>Warranty for new products \u2013 24 months<\/strong><\/h5>\r\n\r\n\r\n\r\n<p>The warranty for all new (factory-packaged) products lasts 24 months from the date of invoice (purchase). The warranty may be shortened for some types of products and types of sales, but this must be specifically emphasized when negotiating the purchase.\u00a0 \u00a0<\/p>\r\n<h5>The warranty for OTP C100 and other tokens with a built-in non-rechargeable battery is 24 months from the date of invoice.<\/h5>\r\n<p>&nbsp;<\/p>\r\n<h5>Warranty on devices with a built-in battery (rechargeable) \u2013 12 months, or conditionally 24 months.<\/h5>\r\n<ul>\r\n<li>The warranty for \u201cwireless headphones\u201d is 12 months (includes TWS wireless headphones, all battery-powered Bluetooth headphones). Both types of headphones have non-replaceable batteries, so the warranty on the device is 12 months in total, as well as on the built-in batteries. The warranty for the original purchase will not be extended from the basic one if you received a replacement device within the warranty period.<\/li>\r\n<li>The warranty for other devices that contain batteries is conditional. Conditional means that the warranty for the battery is 12 months, and for the rest of the device is 24 months. If the battery stops working after 12 months of use, we are ready to replace it free of charge (if possible). If the battery has failed after 12 months + 1 day, we can replace the battery at the customer&#039;s expense.\u00a0<\/li>\r\n<\/ul>\r\n<p><strong>Warranty statement.<\/strong><\/p>\r\n<p>HD-INFO doo guarantees the quality and flawless operation of the product, if the buyer\/user adheres to the enclosed instructions for use and general rules for the use of technical devices.<br \/>Nevertheless, it may happen that the product does not work properly. In such a case, we undertake to repair at our own expense all faults and technical defects that occur on the product during the warranty period under normal use and compliance with the technical instructions, and under the following conditions:<\/p>\r\n<ul>\r\n<li>The buyer must deliver the defective product packed in the original or suitable packaging with complete accessories and a brief description of the defect to the point of sale (Svetice 23, 10000 Zagreb, 2nd floor)<\/li>\r\n<li>The buyer must present a receipt for the purchase of the product proving that the product was purchased from us (HD-info doo)<\/li>\r\n<li>The warranty does not affect other rights that belong to the buyer under other legal grounds.<\/li>\r\n<\/ul>\r\n<p>THE WARRANTY DOES NOT INCLUDE:<\/p>\r\n<ul>\r\n<li>software that comes complete with the product (only some products have associated software)<\/li>\r\n<li>malfunctions caused by improper handling<\/li>\r\n<li>malfunctions caused by wear and tear of the device or its parts<\/li>\r\n<li>failures caused by the influence of an environment unsuitable for the operation of the device<\/li>\r\n<li>defects caused by natural disaster or force majeure (fire, flood, earthquake,...)<\/li>\r\n<li>mechanical damage or malfunctions caused by mechanical damage, falls, etc.<\/li>\r\n<\/ul>\r\n<p>THE WARRANTY TERMINATES IN THE EVENT OF:<\/p>\r\n<ul>\r\n<li>extensions, alterations or connections without the written consent of HD-INFO doo<\/li>\r\n<li>if the product has been repaired or opened by unauthorized persons<\/li>\r\n<li>using products for purposes for which they were not intended,<\/li>\r\n<\/ul>\r\n<p>OTHER WARRANTY TERMS<br \/>During the warranty period, defects may only be repaired by an authorized service center. The warranty period begins on the date of delivery, which is indicated on the invoice and warranty statement. The costs and risk of delivery to the service center are borne by the buyer. In the event that the buyer sends a product for service that is correct, i.e. that works in accordance with the technical description and instructions for use, the buyer will be charged for the inspection and testing of the product. We replace defective goods only when our service center confirms their defect.<br \/>If the repair takes longer than 10 days, the warranty is extended by the duration of the repair. In the event that the defect within the warranty period is not repaired within 45 days of receiving the product for service, and the product is not sent to the supplier for repair, HD-INFO doo undertakes to replace it with another one or to refund the buyer an amount equal to the current market value of such or a similar\/better product.<br \/>HD-INFO doo guarantees that service and replacement parts for the product will be available for a period of 5 years.<\/p>\r\n\r\n\r\n\r\n<h5 class=\"wp-block-heading\"><strong>Authorized service within the warranty period.<\/strong><\/h5>\r\n\r\n\r\n\r\n<p>The service is provided by the company HD-INFO doo.\u00a0<\/p>\r\n\r\n\r\n\r\n<p>Contact: HD-INFO doo, Svetice 23, HR-10000 Zagreb. tel. 01\/2333-686.<\/p>","protected":false},"excerpt":{"rendered":"<p>Jamstvo za nove proizvode \u2013 24 mjeseca Jamstvo za sve nove (tvorni\u010dki zapakirane) proizvode traju 24 mjeseci od datuma ra\u010duna (kupovine). Jamstvo mo\u017ee biti skra\u0107eno za neke vrste proizvoda i vrste prodaja\u00a0no to mora biti posebno nagla\u0161eno prilikom ugovaranja kupnje.\u00a0 \u00a0 Jamstvo za OTP C100 i ostale tokene s ugra\u0111enom nepunjivom baterijom je 24 mjeseca [&hellip;]<\/p>","protected":false},"author":1,"featured_media":0,"parent":0,"menu_order":0,"comment_status":"closed","ping_status":"closed","template":"","meta":{"site-sidebar-layout":"default","site-content-layout":"content-boxed-container","ast-site-content-layout":"normal-width-container","site-content-style":"boxed","site-sidebar-style":"unboxed","ast-global-header-display":"","ast-banner-title-visibility":"","ast-main-header-display":"","ast-hfb-above-header-display":"","ast-hfb-below-header-display":"","ast-hfb-mobile-header-display":"","site-post-title":"","ast-breadcrumbs-content":"","ast-featured-img":"","footer-sml-layout":"","theme-transparent-header-meta":"default","adv-header-id-meta":"","stick-header-meta":"default","header-above-stick-meta":"","header-main-stick-meta":"","header-below-stick-meta":"","astra-migrate-meta-layouts":"set","ast-page-background-enabled":"default","ast-page-background-meta":{"desktop":{"background-color":"","background-image":"","background-repeat":"repeat","background-position":"center center","background-size":"auto","background-attachment":"scroll","background-type":"","background-media":"","overlay-type":"","overlay-color":"","overlay-opacity":"","overlay-gradient":""},"tablet":{"background-color":"","background-image":"","background-repeat":"repeat","background-position":"center center","background-size":"auto","background-attachment":"scroll","background-type":"","background-media":"","overlay-type":"","overlay-color":"","overlay-opacity":"","overlay-gradient":""},"mobile":{"background-color":"","background-image":"","background-repeat":"repeat","background-position":"center center","background-size":"auto","background-attachment":"scroll","background-type":"","background-media":"","overlay-type":"","overlay-color":"","overlay-opacity":"","overlay-gradient":""}},"ast-content-background-meta":{"desktop":{"background-color":"var(--ast-global-color-5)","background-image":"","background-repeat":"repeat","background-position":"center center","background-size":"auto","background-attachment":"scroll","background-type":"","background-media":"","overlay-type":"","overlay-color":"","overlay-opacity":"","overlay-gradient":""},"tablet":{"background-color":"var(--ast-global-color-5)","background-image":"","background-repeat":"repeat","background-position":"center center","background-size":"auto","background-attachment":"scroll","background-type":"","background-media":"","overlay-type":"","overlay-color":"","overlay-opacity":"","overlay-gradient":""},"mobile":{"background-color":"var(--ast-global-color-5)","background-image":"","background-repeat":"repeat","background-position":"center center","background-size":"auto","background-attachment":"scroll","background-type":"","background-media":"","overlay-type":"","overlay-color":"","overlay-opacity":"","overlay-gradient":""}},"footnotes":""},"class_list":["post-5975","page","type-page","status-publish","hentry"],"yoast_head":"<!-- This site is optimized with the Yoast SEO plugin v21.4 - https:\/\/yoast.com\/wordpress\/plugins\/seo\/ -->\n<title>Jamstveni uvjeti - hd-multimedia<\/title>\n<meta name=\"robots\" content=\"index, follow, max-snippet:-1, max-image-preview:large, max-video-preview:-1\" \/>\n<link rel=\"canonical\" href=\"https:\/\/hd-multimedia.com\/en\/jamstveni-uvjeti\/\" \/>\n<meta property=\"og:locale\" content=\"en_GB\" \/>\n<meta property=\"og:type\" content=\"article\" \/>\n<meta property=\"og:title\" content=\"Jamstveni uvjeti - hd-multimedia\" \/>\n<meta property=\"og:description\" content=\"Jamstvo za nove proizvode \u2013 24 mjeseca Jamstvo za sve nove (tvorni\u010dki zapakirane) proizvode traju 24 mjeseci od datuma ra\u010duna (kupovine). Jamstvo mo\u017ee biti skra\u0107eno za neke vrste proizvoda i vrste prodaja\u00a0no to mora biti posebno nagla\u0161eno prilikom ugovaranja kupnje.\u00a0 \u00a0 Jamstvo za OTP C100 i ostale tokene s ugra\u0111enom nepunjivom baterijom je 24 mjeseca [&hellip;]\" \/>\n<meta property=\"og:url\" content=\"https:\/\/hd-multimedia.com\/en\/jamstveni-uvjeti\/\" \/>\n<meta property=\"og:site_name\" content=\"hd-multimedia\" \/>\n<meta property=\"article:modified_time\" content=\"2024-01-16T09:41:42+00:00\" \/>\n<meta name=\"twitter:card\" content=\"summary_large_image\" \/>\n<meta name=\"twitter:label1\" content=\"Estimated reading time\" \/>\n\t<meta name=\"twitter:data1\" content=\"4 minutes\" \/>\n<script type=\"application\/ld+json\" class=\"yoast-schema-graph\">{\"@context\":\"https:\/\/schema.org\",\"@graph\":[{\"@type\":\"WebPage\",\"@id\":\"https:\/\/hd-multimedia.com\/jamstveni-uvjeti\/\",\"url\":\"https:\/\/hd-multimedia.com\/jamstveni-uvjeti\/\",\"name\":\"Jamstveni uvjeti - hd-multimedia\",\"isPartOf\":{\"@id\":\"https:\/\/hd-multimedia.com\/#website\"},\"datePublished\":\"2022-02-08T15:08:17+00:00\",\"dateModified\":\"2024-01-16T09:41:42+00:00\",\"breadcrumb\":{\"@id\":\"https:\/\/hd-multimedia.com\/jamstveni-uvjeti\/#breadcrumb\"},\"inLanguage\":\"en-GB\",\"potentialAction\":[{\"@type\":\"ReadAction\",\"target\":[\"https:\/\/hd-multimedia.com\/jamstveni-uvjeti\/\"]}]},{\"@type\":\"BreadcrumbList\",\"@id\":\"https:\/\/hd-multimedia.com\/jamstveni-uvjeti\/#breadcrumb\",\"itemListElement\":[{\"@type\":\"ListItem\",\"position\":1,\"name\":\"Po\u010detna stranica\",\"item\":\"https:\/\/hd-multimedia.com\/\"},{\"@type\":\"ListItem\",\"position\":2,\"name\":\"Jamstveni uvjeti\"}]},{\"@type\":\"WebSite\",\"@id\":\"https:\/\/hd-multimedia.com\/#website\",\"url\":\"https:\/\/hd-multimedia.com\/\",\"name\":\"hd-multimedia\",\"description\":\"\",\"publisher\":{\"@id\":\"https:\/\/hd-multimedia.com\/#organization\"},\"potentialAction\":[{\"@type\":\"SearchAction\",\"target\":{\"@type\":\"EntryPoint\",\"urlTemplate\":\"https:\/\/hd-multimedia.com\/?s={search_term_string}\"},\"query-input\":\"required name=search_term_string\"}],\"inLanguage\":\"en-GB\"},{\"@type\":\"Organization\",\"@id\":\"https:\/\/hd-multimedia.com\/#organization\",\"name\":\"hd-multimedia\",\"url\":\"https:\/\/hd-multimedia.com\/\",\"logo\":{\"@type\":\"ImageObject\",\"inLanguage\":\"en-GB\",\"@id\":\"https:\/\/hd-multimedia.com\/#\/schema\/logo\/image\/\",\"url\":\"https:\/\/hd-multimedia.com\/hdm_media\/HD-curves-ok-196-56px-alpha-1.png\",\"contentUrl\":\"https:\/\/hd-multimedia.com\/hdm_media\/HD-curves-ok-196-56px-alpha-1.png\",\"width\":196,\"height\":53,\"caption\":\"hd-multimedia\"},\"image\":{\"@id\":\"https:\/\/hd-multimedia.com\/#\/schema\/logo\/image\/\"}}]}<\/script>\n<!-- \/ Yoast SEO plugin. -->","yoast_head_json":{"title":"Jamstveni uvjeti - hd-multimedia","robots":{"index":"index","follow":"follow","max-snippet":"max-snippet:-1","max-image-preview":"max-image-preview:large","max-video-preview":"max-video-preview:-1"},"canonical":"https:\/\/hd-multimedia.com\/en\/jamstveni-uvjeti\/","og_locale":"en_GB","og_type":"article","og_title":"Jamstveni uvjeti - hd-multimedia","og_description":"Jamstvo za nove proizvode \u2013 24 mjeseca Jamstvo za sve nove (tvorni\u010dki zapakirane) proizvode traju 24 mjeseci od datuma ra\u010duna (kupovine). Jamstvo mo\u017ee biti skra\u0107eno za neke vrste proizvoda i vrste prodaja\u00a0no to mora biti posebno nagla\u0161eno prilikom ugovaranja kupnje.\u00a0 \u00a0 Jamstvo za OTP C100 i ostale tokene s ugra\u0111enom nepunjivom baterijom je 24 mjeseca [&hellip;]","og_url":"https:\/\/hd-multimedia.com\/en\/jamstveni-uvjeti\/","og_site_name":"hd-multimedia","article_modified_time":"2024-01-16T09:41:42+00:00","twitter_card":"summary_large_image","twitter_misc":{"Estimated reading time":"4 minutes"},"schema":{"@context":"https:\/\/schema.org","@graph":[{"@type":"WebPage","@id":"https:\/\/hd-multimedia.com\/jamstveni-uvjeti\/","url":"https:\/\/hd-multimedia.com\/jamstveni-uvjeti\/","name":"Jamstveni uvjeti - hd-multimedia","isPartOf":{"@id":"https:\/\/hd-multimedia.com\/#website"},"datePublished":"2022-02-08T15:08:17+00:00","dateModified":"2024-01-16T09:41:42+00:00","breadcrumb":{"@id":"https:\/\/hd-multimedia.com\/jamstveni-uvjeti\/#breadcrumb"},"inLanguage":"en-GB","potentialAction":[{"@type":"ReadAction","target":["https:\/\/hd-multimedia.com\/jamstveni-uvjeti\/"]}]},{"@type":"BreadcrumbList","@id":"https:\/\/hd-multimedia.com\/jamstveni-uvjeti\/#breadcrumb","itemListElement":[{"@type":"ListItem","position":1,"name":"Po\u010detna stranica","item":"https:\/\/hd-multimedia.com\/"},{"@type":"ListItem","position":2,"name":"Jamstveni uvjeti"}]},{"@type":"WebSite","@id":"https:\/\/hd-multimedia.com\/#website","url":"https:\/\/hd-multimedia.com\/","name":"hd-multimedia","description":"","publisher":{"@id":"https:\/\/hd-multimedia.com\/#organization"},"potentialAction":[{"@type":"SearchAction","target":{"@type":"EntryPoint","urlTemplate":"https:\/\/hd-multimedia.com\/?s={search_term_string}"},"query-input":"required name=search_term_string"}],"inLanguage":"en-GB"},{"@type":"Organization","@id":"https:\/\/hd-multimedia.com\/#organization","name":"hd-multimedia","url":"https:\/\/hd-multimedia.com\/","logo":{"@type":"ImageObject","inLanguage":"en-GB","@id":"https:\/\/hd-multimedia.com\/#\/schema\/logo\/image\/","url":"https:\/\/hd-multimedia.com\/hdm_media\/HD-curves-ok-196-56px-alpha-1.png","contentUrl":"https:\/\/hd-multimedia.com\/hdm_media\/HD-curves-ok-196-56px-alpha-1.png","width":196,"height":53,"caption":"hd-multimedia"},"image":{"@id":"https:\/\/hd-multimedia.com\/#\/schema\/logo\/image\/"}}]}},"post_mailing_queue_ids":[],"_links":{"self":[{"href":"https:\/\/hd-multimedia.com\/en\/wp-json\/wp\/v2\/pages\/5975","targetHints":{"allow":["GET"]}}],"collection":[{"href":"https:\/\/hd-multimedia.com\/en\/wp-json\/wp\/v2\/pages"}],"about":[{"href":"https:\/\/hd-multimedia.com\/en\/wp-json\/wp\/v2\/types\/page"}],"author":[{"embeddable":true,"href":"https:\/\/hd-multimedia.com\/en\/wp-json\/wp\/v2\/users\/1"}],"replies":[{"embeddable":true,"href":"https:\/\/hd-multimedia.com\/en\/wp-json\/wp\/v2\/comments?post=5975"}],"version-history":[{"count":14,"href":"https:\/\/hd-multimedia.com\/en\/wp-json\/wp\/v2\/pages\/5975\/revisions"}],"predecessor-version":[{"id":14032,"href":"https:\/\/hd-multimedia.com\/en\/wp-json\/wp\/v2\/pages\/5975\/revisions\/14032"}],"wp:attachment":[{"href":"https:\/\/hd-multimedia.com\/en\/wp-json\/wp\/v2\/media?parent=5975"}],"curies":[{"name":"wp","href":"https:\/\/api.w.org\/{rel}","templated":true}]}}