{"id":21,"date":"2019-07-17T13:25:39","date_gmt":"2019-07-17T13:25:39","guid":{"rendered":"http:\/\/hd-multimedia.com\/?page_id=21"},"modified":"2023-11-02T15:16:40","modified_gmt":"2023-11-02T15:16:40","slug":"cookie-policy-hr","status":"publish","type":"page","link":"https:\/\/hd-multimedia.com\/en\/cookie-policy-hr\/","title":{"rendered":"cookie policy HR"},"content":{"rendered":"<div data-elementor-type=\"wp-page\" data-elementor-id=\"21\" class=\"elementor elementor-21\" data-elementor-post-type=\"page\">\n\t\t\t\t<div class=\"elementor-element elementor-element-7e15f54c e-flex e-con-boxed e-con e-parent\" data-id=\"7e15f54c\" data-element_type=\"container\">\n\t\t\t\t\t<div class=\"e-con-inner\">\n\t\t\t\t<div class=\"elementor-element elementor-element-6c61bf23 elementor-widget elementor-widget-text-editor\" data-id=\"6c61bf23\" data-element_type=\"widget\" data-widget_type=\"text-editor.default\">\n\t\t\t\t<div class=\"elementor-widget-container\">\n\t\t\t\t\t\t\t\t\t\n<h2 class=\"wp-block-heading\">Cookie policy <\/h2>\n\n\n\n<h4 class=\"wp-block-heading\"><strong>What are cookies?<\/strong> <\/h4>\n\n\n\n<p>This site uses cookies. Cookies are small files that are automatically downloaded to your computer from our websites, which are intended to provide a better and more efficient viewing of content and to link transactions. This page describes what information we collect, how we use it and why we sometimes need to store it on your computer. Through these pages, we also want to inform you how you can disable the storage of cookies on your computer, but we also want to warn you that this may interfere with or prevent the correct experience and printing of our websites on your Internet browser.<br>For general information about cookies, see the Wikipedia article on HTTP cookies. <\/p>\n\n\n\n<h4 class=\"wp-block-heading\"><strong>How we use cookies<\/strong> <\/h4>\n\n\n\n<p>We use cookies for various reasons, which will be listed below. Unfortunately, in most cases there are no standard options for disabling cookies without completely disabling their functionality. Therefore, we recommend that you keep cookies enabled, especially when they are used to provide a service. <\/p>\n\n\n\n<h4 class=\"wp-block-heading\"><strong>Disabling cookies<\/strong> <\/h4>\n\n\n\n<p>You can prevent cookies from being placed on your computer by adjusting your browser settings (see your browser&#039;s instructions on how to do this). Please note that disabling cookies will affect the functionality of this and many other websites you visit. Disabling cookies may also result in dysfunction (not displaying parts or all of) websites.<\/p>\n\n\n\n<h4 class=\"wp-block-heading\"><strong>Types of cookies we use on this site<\/strong> <\/h4>\n\n\n\n<h5 class=\"wp-block-heading\">Order processing and related cookies<\/h5>\n\n\n\n<p>This website offers e-commerce or payment services, and some cookies are necessary when your order is being processed.<\/p>\n\n\n\n<h5 class=\"wp-block-heading\">Browser settings and cookies associated with them\u00a0<\/h5>\n\n\n\n<p>To provide a better browsing experience on our websites, we use cookies to remember your settings and choices and browsing states on our websites. We read these settings from the cookies when you return to our sites, so that your new browsing experience builds on your previous experience.<\/p>\n\n\n\n<h4 class=\"wp-block-heading\"><strong>Third-party cookies<\/strong> <\/h4>\n\n\n\n<p>In some special cases, we also use cookies provided by third parties. The following section contains details about third-party cookies, which may be downloaded directly or indirectly on this website. <\/p>\n\n\n\n<ul class=\"wp-block-list\"><li>Cookies that serve to analyze events are used to track, measure the use and evaluate the quality of these sites by visitors, which further allows for improvement and the creation of new interesting content. These cookies can, for example, enable tracking, how long you spend on a website or page, and also help us provide better service and information.<\/li><li>We use the Google Analytics service to measure traffic. If you want to prevent this service from storing cookies for you, you can disable it at the following link:\u00a0<a rel=\"noreferrer noopener\" href=\"https:\/\/tools.google.com\/dlpage\/gaoptout\" target=\"_blank\">https:\/\/tools.google.com\/dlpage\/gaoptout<\/a><\/li><li>Social networks. Users can log in and register using their own Facebook accounts. Also, sharing articles on social networks sets cookies for the user.<\/li><\/ul>\n\n\n\n<h4 class=\"wp-block-heading\"><strong>Additional information<\/strong><\/h4>\n\n\n\n<p>There are currently several websites that allow you to opt out of cookies for various services. You can find out more at the following links: <\/p>\n\n\n\n<ul class=\"wp-block-list\"><li><a rel=\"noreferrer noopener\" href=\"http:\/\/www.allaboutcookies.org\/\" target=\"_blank\">http:\/\/www.allaboutcookies.org\/<\/a>\u00a0<\/li><li><a rel=\"noreferrer noopener\" href=\"http:\/\/www.youronlinechoices.eu\/\" target=\"_blank\">http:\/\/www.youronlinechoices.eu\/<\/a>\u00a0<\/li><li><a rel=\"noreferrer noopener\" href=\"http:\/\/www.networkadvertising.org\/\" target=\"_blank\">http:\/\/www.networkadvertising.org\/<\/a><\/li><\/ul>\n\n\n\n<p>If you need additional information from us about the use of cookies, please feel free to contact us via any of the communication methods suggested on these pages. <\/p>\n\t\t\t\t\t\t\t\t<\/div>\n\t\t\t\t<\/div>\n\t\t\t\t\t<\/div>\n\t\t\t\t<\/div>\n\t\t\t\t<\/div>","protected":false},"excerpt":{"rendered":"<p>Politika kola\u010di\u0107a \u0160to su kola\u010di\u0107i Ova stranica koristi kola\u010di\u0107e (eng. cookies). Kola\u010di\u0107i su malene datoteke koje se automatski preuzimaju na va\u0161e ra\u010dunalo sa na\u0161ih Internet stranica, kojima je cilj bolji i efikasniji pregled sadr\u017eaja i povezivanje transakcija. Ova stranica opisuje koje informacije prikupljamo, kako ih upotrebljavamo i za\u0161to ih ponekad trebamo pohraniti na va\u0161em ra\u010dunalu. [&hellip;]<\/p>","protected":false},"author":1,"featured_media":0,"parent":0,"menu_order":0,"comment_status":"closed","ping_status":"closed","template":"","meta":{"site-sidebar-layout":"default","site-content-layout":"default","ast-site-content-layout":"","site-content-style":"default","site-sidebar-style":"default","ast-global-header-display":"","ast-banner-title-visibility":"","ast-main-header-display":"","ast-hfb-above-header-display":"","ast-hfb-below-header-display":"","ast-hfb-mobile-header-display":"","site-post-title":"","ast-breadcrumbs-content":"","ast-featured-img":"","footer-sml-layout":"","theme-transparent-header-meta":"enabled","adv-header-id-meta":"","stick-header-meta":"default","header-above-stick-meta":"","header-main-stick-meta":"","header-below-stick-meta":"","astra-migrate-meta-layouts":"default","ast-page-background-enabled":"default","ast-page-background-meta":{"desktop":{"background-color":"","background-image":"","background-repeat":"repeat","background-position":"center center","background-size":"auto","background-attachment":"scroll","background-type":"","background-media":"","overlay-type":"","overlay-color":"","overlay-opacity":"","overlay-gradient":""},"tablet":{"background-color":"","background-image":"","background-repeat":"repeat","background-position":"center center","background-size":"auto","background-attachment":"scroll","background-type":"","background-media":"","overlay-type":"","overlay-color":"","overlay-opacity":"","overlay-gradient":""},"mobile":{"background-color":"","background-image":"","background-repeat":"repeat","background-position":"center center","background-size":"auto","background-attachment":"scroll","background-type":"","background-media":"","overlay-type":"","overlay-color":"","overlay-opacity":"","overlay-gradient":""}},"ast-content-background-meta":{"desktop":{"background-color":"var(--ast-global-color-5)","background-image":"","background-repeat":"repeat","background-position":"center center","background-size":"auto","background-attachment":"scroll","background-type":"","background-media":"","overlay-type":"","overlay-color":"","overlay-opacity":"","overlay-gradient":""},"tablet":{"background-color":"var(--ast-global-color-5)","background-image":"","background-repeat":"repeat","background-position":"center center","background-size":"auto","background-attachment":"scroll","background-type":"","background-media":"","overlay-type":"","overlay-color":"","overlay-opacity":"","overlay-gradient":""},"mobile":{"background-color":"var(--ast-global-color-5)","background-image":"","background-repeat":"repeat","background-position":"center center","background-size":"auto","background-attachment":"scroll","background-type":"","background-media":"","overlay-type":"","overlay-color":"","overlay-opacity":"","overlay-gradient":""}},"footnotes":""},"class_list":["post-21","page","type-page","status-publish","hentry"],"yoast_head":"<!-- This site is optimized with the Yoast SEO plugin v21.4 - https:\/\/yoast.com\/wordpress\/plugins\/seo\/ -->\n<title>cookie policy HR - hd-multimedia<\/title>\n<meta name=\"description\" content=\"\u0160to su kola\u010di\u0107i. Ova stranica koristi kola\u010di\u0107e (eng. cookies). Kola\u010di\u0107i su malene datoteke koje se automatski preuzimaju na va\u0161e ra\u010dunalo sa na\u0161ih Internet stranica, kojima je cilj bolji i efikasniji pregled sadr\u017eaja i povezivanje transakcija.\" \/>\n<meta name=\"robots\" content=\"index, follow, max-snippet:-1, max-image-preview:large, max-video-preview:-1\" \/>\n<link rel=\"canonical\" href=\"https:\/\/hd-multimedia.com\/en\/cookie-policy-hr\/\" \/>\n<meta property=\"og:locale\" content=\"en_GB\" \/>\n<meta property=\"og:type\" content=\"article\" \/>\n<meta property=\"og:title\" content=\"cookie policy HR - hd-multimedia\" \/>\n<meta property=\"og:description\" content=\"\u0160to su kola\u010di\u0107i. Ova stranica koristi kola\u010di\u0107e (eng. cookies). Kola\u010di\u0107i su malene datoteke koje se automatski preuzimaju na va\u0161e ra\u010dunalo sa na\u0161ih Internet stranica, kojima je cilj bolji i efikasniji pregled sadr\u017eaja i povezivanje transakcija.\" \/>\n<meta property=\"og:url\" content=\"https:\/\/hd-multimedia.com\/en\/cookie-policy-hr\/\" \/>\n<meta property=\"og:site_name\" content=\"hd-multimedia\" \/>\n<meta property=\"article:modified_time\" content=\"2023-11-02T15:16:40+00:00\" \/>\n<meta name=\"twitter:card\" content=\"summary_large_image\" \/>\n<meta name=\"twitter:label1\" content=\"Estimated reading time\" \/>\n\t<meta name=\"twitter:data1\" content=\"3 minutes\" \/>\n<script type=\"application\/ld+json\" class=\"yoast-schema-graph\">{\"@context\":\"https:\/\/schema.org\",\"@graph\":[{\"@type\":\"WebPage\",\"@id\":\"https:\/\/hd-multimedia.com\/cookie-policy-hr\/\",\"url\":\"https:\/\/hd-multimedia.com\/cookie-policy-hr\/\",\"name\":\"cookie policy HR - hd-multimedia\",\"isPartOf\":{\"@id\":\"https:\/\/hd-multimedia.com\/#website\"},\"datePublished\":\"2019-07-17T13:25:39+00:00\",\"dateModified\":\"2023-11-02T15:16:40+00:00\",\"description\":\"\u0160to su kola\u010di\u0107i. Ova stranica koristi kola\u010di\u0107e (eng. cookies). Kola\u010di\u0107i su malene datoteke koje se automatski preuzimaju na va\u0161e ra\u010dunalo sa na\u0161ih Internet stranica, kojima je cilj bolji i efikasniji pregled sadr\u017eaja i povezivanje transakcija.\",\"breadcrumb\":{\"@id\":\"https:\/\/hd-multimedia.com\/cookie-policy-hr\/#breadcrumb\"},\"inLanguage\":\"en-GB\",\"potentialAction\":[{\"@type\":\"ReadAction\",\"target\":[\"https:\/\/hd-multimedia.com\/cookie-policy-hr\/\"]}]},{\"@type\":\"BreadcrumbList\",\"@id\":\"https:\/\/hd-multimedia.com\/cookie-policy-hr\/#breadcrumb\",\"itemListElement\":[{\"@type\":\"ListItem\",\"position\":1,\"name\":\"Po\u010detna stranica\",\"item\":\"https:\/\/hd-multimedia.com\/\"},{\"@type\":\"ListItem\",\"position\":2,\"name\":\"cookie policy HR\"}]},{\"@type\":\"WebSite\",\"@id\":\"https:\/\/hd-multimedia.com\/#website\",\"url\":\"https:\/\/hd-multimedia.com\/\",\"name\":\"hd-multimedia\",\"description\":\"\",\"publisher\":{\"@id\":\"https:\/\/hd-multimedia.com\/#organization\"},\"potentialAction\":[{\"@type\":\"SearchAction\",\"target\":{\"@type\":\"EntryPoint\",\"urlTemplate\":\"https:\/\/hd-multimedia.com\/?s={search_term_string}\"},\"query-input\":\"required name=search_term_string\"}],\"inLanguage\":\"en-GB\"},{\"@type\":\"Organization\",\"@id\":\"https:\/\/hd-multimedia.com\/#organization\",\"name\":\"hd-multimedia\",\"url\":\"https:\/\/hd-multimedia.com\/\",\"logo\":{\"@type\":\"ImageObject\",\"inLanguage\":\"en-GB\",\"@id\":\"https:\/\/hd-multimedia.com\/#\/schema\/logo\/image\/\",\"url\":\"https:\/\/hd-multimedia.com\/hdm_media\/HD-curves-ok-196-56px-alpha-1.png\",\"contentUrl\":\"https:\/\/hd-multimedia.com\/hdm_media\/HD-curves-ok-196-56px-alpha-1.png\",\"width\":196,\"height\":53,\"caption\":\"hd-multimedia\"},\"image\":{\"@id\":\"https:\/\/hd-multimedia.com\/#\/schema\/logo\/image\/\"}}]}<\/script>\n<!-- \/ Yoast SEO plugin. -->","yoast_head_json":{"title":"cookie policy HR - hd-multimedia","description":"\u0160to su kola\u010di\u0107i. Ova stranica koristi kola\u010di\u0107e (eng. cookies). Kola\u010di\u0107i su malene datoteke koje se automatski preuzimaju na va\u0161e ra\u010dunalo sa na\u0161ih Internet stranica, kojima je cilj bolji i efikasniji pregled sadr\u017eaja i povezivanje transakcija.","robots":{"index":"index","follow":"follow","max-snippet":"max-snippet:-1","max-image-preview":"max-image-preview:large","max-video-preview":"max-video-preview:-1"},"canonical":"https:\/\/hd-multimedia.com\/en\/cookie-policy-hr\/","og_locale":"en_GB","og_type":"article","og_title":"cookie policy HR - hd-multimedia","og_description":"\u0160to su kola\u010di\u0107i. Ova stranica koristi kola\u010di\u0107e (eng. cookies). Kola\u010di\u0107i su malene datoteke koje se automatski preuzimaju na va\u0161e ra\u010dunalo sa na\u0161ih Internet stranica, kojima je cilj bolji i efikasniji pregled sadr\u017eaja i povezivanje transakcija.","og_url":"https:\/\/hd-multimedia.com\/en\/cookie-policy-hr\/","og_site_name":"hd-multimedia","article_modified_time":"2023-11-02T15:16:40+00:00","twitter_card":"summary_large_image","twitter_misc":{"Estimated reading time":"3 minutes"},"schema":{"@context":"https:\/\/schema.org","@graph":[{"@type":"WebPage","@id":"https:\/\/hd-multimedia.com\/cookie-policy-hr\/","url":"https:\/\/hd-multimedia.com\/cookie-policy-hr\/","name":"cookie policy HR - hd-multimedia","isPartOf":{"@id":"https:\/\/hd-multimedia.com\/#website"},"datePublished":"2019-07-17T13:25:39+00:00","dateModified":"2023-11-02T15:16:40+00:00","description":"\u0160to su kola\u010di\u0107i. Ova stranica koristi kola\u010di\u0107e (eng. cookies). Kola\u010di\u0107i su malene datoteke koje se automatski preuzimaju na va\u0161e ra\u010dunalo sa na\u0161ih Internet stranica, kojima je cilj bolji i efikasniji pregled sadr\u017eaja i povezivanje transakcija.","breadcrumb":{"@id":"https:\/\/hd-multimedia.com\/cookie-policy-hr\/#breadcrumb"},"inLanguage":"en-GB","potentialAction":[{"@type":"ReadAction","target":["https:\/\/hd-multimedia.com\/cookie-policy-hr\/"]}]},{"@type":"BreadcrumbList","@id":"https:\/\/hd-multimedia.com\/cookie-policy-hr\/#breadcrumb","itemListElement":[{"@type":"ListItem","position":1,"name":"Po\u010detna stranica","item":"https:\/\/hd-multimedia.com\/"},{"@type":"ListItem","position":2,"name":"cookie policy HR"}]},{"@type":"WebSite","@id":"https:\/\/hd-multimedia.com\/#website","url":"https:\/\/hd-multimedia.com\/","name":"hd-multimedia","description":"","publisher":{"@id":"https:\/\/hd-multimedia.com\/#organization"},"potentialAction":[{"@type":"SearchAction","target":{"@type":"EntryPoint","urlTemplate":"https:\/\/hd-multimedia.com\/?s={search_term_string}"},"query-input":"required name=search_term_string"}],"inLanguage":"en-GB"},{"@type":"Organization","@id":"https:\/\/hd-multimedia.com\/#organization","name":"hd-multimedia","url":"https:\/\/hd-multimedia.com\/","logo":{"@type":"ImageObject","inLanguage":"en-GB","@id":"https:\/\/hd-multimedia.com\/#\/schema\/logo\/image\/","url":"https:\/\/hd-multimedia.com\/hdm_media\/HD-curves-ok-196-56px-alpha-1.png","contentUrl":"https:\/\/hd-multimedia.com\/hdm_media\/HD-curves-ok-196-56px-alpha-1.png","width":196,"height":53,"caption":"hd-multimedia"},"image":{"@id":"https:\/\/hd-multimedia.com\/#\/schema\/logo\/image\/"}}]}},"post_mailing_queue_ids":[],"_links":{"self":[{"href":"https:\/\/hd-multimedia.com\/en\/wp-json\/wp\/v2\/pages\/21","targetHints":{"allow":["GET"]}}],"collection":[{"href":"https:\/\/hd-multimedia.com\/en\/wp-json\/wp\/v2\/pages"}],"about":[{"href":"https:\/\/hd-multimedia.com\/en\/wp-json\/wp\/v2\/types\/page"}],"author":[{"embeddable":true,"href":"https:\/\/hd-multimedia.com\/en\/wp-json\/wp\/v2\/users\/1"}],"replies":[{"embeddable":true,"href":"https:\/\/hd-multimedia.com\/en\/wp-json\/wp\/v2\/comments?post=21"}],"version-history":[{"count":5,"href":"https:\/\/hd-multimedia.com\/en\/wp-json\/wp\/v2\/pages\/21\/revisions"}],"predecessor-version":[{"id":12935,"href":"https:\/\/hd-multimedia.com\/en\/wp-json\/wp\/v2\/pages\/21\/revisions\/12935"}],"wp:attachment":[{"href":"https:\/\/hd-multimedia.com\/en\/wp-json\/wp\/v2\/media?parent=21"}],"curies":[{"name":"wp","href":"https:\/\/api.w.org\/{rel}","templated":true}]}}