{"id":15,"date":"2019-07-17T13:25:39","date_gmt":"2019-07-17T13:25:39","guid":{"rendered":"http:\/\/hd-multimedia.com\/?page_id=15"},"modified":"2019-07-17T13:25:39","modified_gmt":"2019-07-17T13:25:39","slug":"privacy-policy-hr","status":"publish","type":"page","link":"https:\/\/hd-multimedia.com\/en\/privacy-policy-hr\/","title":{"rendered":"privacy policy HR"},"content":{"rendered":"<h2 class=\"wp-block-heading\"><strong>Personal data privacy \u2013 hd-multimedia.com\u00a0\u00a0<\/strong>  <\/h2>\n\n\n\n<p>This Privacy Policy describes how your personal information is collected, used, and shared when you visit or make a purchase from the \u201chd-multimedia\u201d web store (\u201cWebsite\u201d) owned by HD-INFO doo. <\/p>\n\n\n\n<h4 class=\"wp-block-heading\">PERSONAL DATA WE COLLECT <\/h4>\n\n\n\n<p>When you visit a website, certain information about your device is automatically collected, including information about your web browser, IP address, time zone, and cookies installed on your device. In addition, as you browse our websites, we collect information about the individual pages or products you view, which websites or search terms referred you to our websites, and information about how you interact with our websites. We refer to this automatically collected information as \u201cDevice Data.\u201d<br>We collect &quot;Device Data&quot; using the following technologies: <\/p>\n\n\n\n<ul class=\"wp-block-list\"><li>\u201cCookies\u201d are data files that are placed on your device or computer and often include an anonymous unique identifier. For more information about cookies and how to disable cookies, visit&nbsp;<a href=\"http:\/\/www.allaboutcookies.org\/\">http:\/\/www.allaboutcookies.org<\/a>.<\/li><li>\u201cTracking logs\u201d are used to track events on the website and collect data \u2013 including your IP address, browser type, Internet Service Provider, referring pages, date and time stamps.<\/li><li>\u201cWeb beacons\u201d, \u201ctags\u201d and \u201cpixels\u201d are electronic files used to record information about how you browse \u201cWebsites\u201d.<\/li><\/ul>\n\n\n\n<p>In addition, when you choose to shop through this &quot;Website&quot;, we collect your personal data that we use to fulfill your order. Personal information includes your name, billing address, shipping address, payment method, email address, and phone number. We call this data &quot;Order Data&quot;.<br>We would also like to point out that we do not collect or store sensitive data such as credit card numbers and additional information required for online payments through our website. When paying by credit or debit card, our website will safely redirect you to the website of our online payment service provider PayWay (owned by Hrvatski Telekom dd \u2013 see more about PayWay security below). PayWay&#039;s role is to collect all additional payment information directly from you, initiate a payment request, execute the payment transaction, and notify us whether the payment was successful or not.<br>When we refer to \u201cPersonal Data\u201d here, we consider personal data to include both \u201cDevice Data\u201d and \u201cOrder Data\u201d. <\/p>\n\n\n\n<h4 class=\"wp-block-heading\">HOW DO WE USE YOUR PERSONAL DATA? <\/h4>\n\n\n\n<p>We collect \u201cOrder Information\u201d generally to fulfill your orders placed on the Websites (including processing payment information, arranging shipping, and issuing invoices and\/or order confirmations). In addition, we use the collected \u201cOrder Information\u201d to: <\/p>\n\n\n\n<ul class=\"wp-block-list\"><li>To communicate with you;<\/li><li>To monitor orders, in order to possibly eliminate potential risks or fraud;<\/li><li>When it is in accordance with your consent, we send you additional information related to our products or services.<\/li><\/ul>\n\n\n\n<p>We use the &quot;device data&quot; we collect in order to 1) detect potential risks and fraud (via IP address), 2) as well as to optimize and improve the functions of our websites (for example, by analyzing how our users browse and interact through our websites, in order to succeed in our sales and advertising campaigns). <\/p>\n\n\n\n<h4 class=\"wp-block-heading\">SHARING YOUR PERSONAL DATA <\/h4>\n\n\n\n<p>We share your personal data with third parties to a limited extent, exclusively for the purpose of achieving better communication with clients and for the purpose of fulfilling orders. Below are the instances when we share data: <\/p>\n\n\n\n<ul class=\"wp-block-list\"><li>Google Analytics, which allows us to better understand how our users use the website. You can read how Google uses your personal data here:&nbsp;<a href=\"https:\/\/www.google.com\/intl\/en\/policies\/privacy\/\">https:\/\/www.google.com\/intl\/en\/policies\/privacy\/<\/a>You can read how to opt out of Google Analytics here:&nbsp;<a href=\"https:\/\/tools.google.com\/dlpage\/gaoptout\">https:\/\/tools.google.com\/dlpage\/gaoptout<\/a>.<\/li><li>With the PayWay service of Hrvatski Telekom \u2013 we securely share &quot;Order Data&quot; when you choose to pay online via the PayWay payment system. PayWay and Hrvatski Telekom protect your personal data in accordance with the policy, which you can consult here:&nbsp;<a href=\"https:\/\/www.hrvatskitelekom.hr\/webresources\/pdf\/Politika%20za%C5%A1tite%20privatnosti.pdf\">https:\/\/www.hrvatskitelekom.hr\/webresources\/pdf\/Politika%20za%C5%A1tite%20privatnosti.pdf<\/a><\/li><li>Sometimes we have to share your personal data with third parties in order to comply with applicable laws and regulations. For example this is done if it is necessary to comply with a court order, a search warrant or a legally determined search or request that will protect our rights.<\/li><\/ul>\n\n\n\n<h4 class=\"wp-block-heading\">SHARING IN ADVERTISING <\/h4>\n\n\n\n<p>As noted earlier, personal information may also be used to provide targeted advertisements or marketing communications that we believe may be of interest to you. For more information on how targeted advertising works, you can visit the Network Advertising Initiative (\u201cNAI\u201d) information page at\u00a0<a href=\"http:\/\/www.networkadvertising.org\/understanding-online-advertising\/how-does-it-work\">http:\/\/www.networkadvertising.org\/understanding-online-advertising\/how-does-it-work<\/a>. <\/p>\n\n\n\n<p>If you do not want to be part of targeted advertising, you can also opt out at:<br>FACEBOOK \u2013\u00a0<a href=\"https:\/\/www.facebook.com\/settings\/?tab=ads\">https:\/\/www.facebook.com\/settings\/?tab=ads<\/a><br>INSTAGRAM \u2013\u00a0<a href=\"https:\/\/help.instagram.com\/615366948510230\">https:\/\/help.instagram.com\/615366948510230<\/a><br>GOOGLE \u2013\u00a0<a href=\"https:\/\/www.google.com\/settings\/ads\/anonymous\">https:\/\/www.google.com\/settings\/ads\/anonymous<\/a><\/p>\n\n\n\n<p><\/p>\n\n\n\n<p>Additionally, you can opt out of some of these services by visiting the digital advertising opt-out portal at:\u00a0<a href=\"http:\/\/optout.aboutads.info\/\">http:\/\/optout.aboutads.info\/<\/a>. <\/p>\n\n\n\n<h4 class=\"wp-block-heading\">DO NOT FOLLOW <\/h4>\n\n\n\n<p>Note: The &quot;Do Not Track&quot; signal, if set and coming from your browser, does not change the behavior of our websites or the method and scope of data collection. <\/p>\n\n\n\n<h4 class=\"wp-block-heading\">YOUR RIGHTS <\/h4>\n\n\n\n<p>If you are a resident of the European Union, we will provide you with access to your personal information \u2013 generated in our interactions with you \u2013 upon your request. You are also free to request that your personal information be corrected, updated or deleted from our database. If you would like to exercise these rights, please contact us using the email or written contact details provided below.<br>If you are a resident of the European Union, your personal data (&quot;Order Data&quot;) is used exclusively for the purpose of realizing the concluded contracts (for example, if you place an order through the site) and for the purpose of achieving the legitimate business interests that we have stated in this policy. Note: in special cases due to interaction with targeted advertising services such as Google, Facebook and Instagram, some of your personal data may be indirectly transferred outside of Europe, including Canada and the United States. <\/p>\n\n\n\n<h4 class=\"wp-block-heading\">DATA RETENTION <\/h4>\n\n\n\n<p>When you place an order for goods through these websites, we will keep your &quot;Order Data&quot; in our records, unless you have requested its deletion after placing your order. <\/p>\n\n\n\n<h4 class=\"wp-block-heading\">MINORS <\/h4>\n\n\n\n<p>Ordering and purchasing on this site is not intended for persons under the age of 16. <\/p>\n\n\n\n<h4 class=\"wp-block-heading\">CHANGES <\/h4>\n\n\n\n<p>We reserve the right to change this privacy policy from time to time to reflect our changes and for operational, legal and regulatory reasons. <\/p>\n\n\n\n<h4 class=\"wp-block-heading\">CONTACT US <\/h4>\n\n\n\n<p>For more information about our privacy policy, if you have additional questions or would like to file a complaint, please contact us by e-mail at the address: hdm at hdinfo.hr or by mail, using the following address:<br>HD-INFO doo, Svetice 23, HR-10000 Zagreb, Croatia <\/p>","protected":false},"excerpt":{"rendered":"<p>Privatnost osobnih podataka \u2013 hd-multimedia.com\u00a0\u00a0 Ova Pravila o privatnosti opisuju kako se va\u0161i osobni podaci prikupljaju, koriste i dijele kada posjetite ili kupite web trgovinu \u201chd-multimedia\u201d (\u201cWeb stranice\u201d) u vlasni\u0161tvu tvrtke HD-INFO d.o.o.. OSOBNE PODATKE KOJE PRIKUPLJAMO Kada posjetite web stranicu, automatski se prikupljaju odre\u0111eni podaci o va\u0161em ure\u0111aju, uklju\u010duju\u0107i informacije o va\u0161em web pregledniku, [&hellip;]<\/p>","protected":false},"author":1,"featured_media":0,"parent":0,"menu_order":0,"comment_status":"closed","ping_status":"closed","template":"","meta":{"site-sidebar-layout":"default","site-content-layout":"default","ast-site-content-layout":"","site-content-style":"default","site-sidebar-style":"default","ast-global-header-display":"","ast-banner-title-visibility":"","ast-main-header-display":"","ast-hfb-above-header-display":"","ast-hfb-below-header-display":"","ast-hfb-mobile-header-display":"","site-post-title":"","ast-breadcrumbs-content":"","ast-featured-img":"","footer-sml-layout":"","theme-transparent-header-meta":"default","adv-header-id-meta":"","stick-header-meta":"default","header-above-stick-meta":"","header-main-stick-meta":"","header-below-stick-meta":"","astra-migrate-meta-layouts":"default","ast-page-background-enabled":"default","ast-page-background-meta":{"desktop":{"background-color":"","background-image":"","background-repeat":"repeat","background-position":"center center","background-size":"auto","background-attachment":"scroll","background-type":"","background-media":"","overlay-type":"","overlay-color":"","overlay-opacity":"","overlay-gradient":""},"tablet":{"background-color":"","background-image":"","background-repeat":"repeat","background-position":"center center","background-size":"auto","background-attachment":"scroll","background-type":"","background-media":"","overlay-type":"","overlay-color":"","overlay-opacity":"","overlay-gradient":""},"mobile":{"background-color":"","background-image":"","background-repeat":"repeat","background-position":"center center","background-size":"auto","background-attachment":"scroll","background-type":"","background-media":"","overlay-type":"","overlay-color":"","overlay-opacity":"","overlay-gradient":""}},"ast-content-background-meta":{"desktop":{"background-color":"var(--ast-global-color-5)","background-image":"","background-repeat":"repeat","background-position":"center center","background-size":"auto","background-attachment":"scroll","background-type":"","background-media":"","overlay-type":"","overlay-color":"","overlay-opacity":"","overlay-gradient":""},"tablet":{"background-color":"var(--ast-global-color-5)","background-image":"","background-repeat":"repeat","background-position":"center center","background-size":"auto","background-attachment":"scroll","background-type":"","background-media":"","overlay-type":"","overlay-color":"","overlay-opacity":"","overlay-gradient":""},"mobile":{"background-color":"var(--ast-global-color-5)","background-image":"","background-repeat":"repeat","background-position":"center center","background-size":"auto","background-attachment":"scroll","background-type":"","background-media":"","overlay-type":"","overlay-color":"","overlay-opacity":"","overlay-gradient":""}},"footnotes":""},"class_list":["post-15","page","type-page","status-publish","hentry"],"yoast_head":"<!-- This site is optimized with the Yoast SEO plugin v21.4 - https:\/\/yoast.com\/wordpress\/plugins\/seo\/ -->\n<title>privacy policy HR - hd-multimedia<\/title>\n<meta name=\"robots\" content=\"index, follow, max-snippet:-1, max-image-preview:large, max-video-preview:-1\" \/>\n<link rel=\"canonical\" href=\"https:\/\/hd-multimedia.com\/en\/privacy-policy-hr\/\" \/>\n<meta property=\"og:locale\" content=\"en_GB\" \/>\n<meta property=\"og:type\" content=\"article\" \/>\n<meta property=\"og:title\" content=\"privacy policy HR - hd-multimedia\" \/>\n<meta property=\"og:description\" content=\"Privatnost osobnih podataka \u2013 hd-multimedia.com\u00a0\u00a0 Ova Pravila o privatnosti opisuju kako se va\u0161i osobni podaci prikupljaju, koriste i dijele kada posjetite ili kupite web trgovinu \u201chd-multimedia\u201d (\u201cWeb stranice\u201d) u vlasni\u0161tvu tvrtke HD-INFO d.o.o.. OSOBNE PODATKE KOJE PRIKUPLJAMO Kada posjetite web stranicu, automatski se prikupljaju odre\u0111eni podaci o va\u0161em ure\u0111aju, uklju\u010duju\u0107i informacije o va\u0161em web pregledniku, [&hellip;]\" \/>\n<meta property=\"og:url\" content=\"https:\/\/hd-multimedia.com\/en\/privacy-policy-hr\/\" \/>\n<meta property=\"og:site_name\" content=\"hd-multimedia\" \/>\n<meta name=\"twitter:card\" content=\"summary_large_image\" \/>\n<meta name=\"twitter:label1\" content=\"Estimated reading time\" \/>\n\t<meta name=\"twitter:data1\" content=\"6 minutes\" \/>\n<script type=\"application\/ld+json\" class=\"yoast-schema-graph\">{\"@context\":\"https:\/\/schema.org\",\"@graph\":[{\"@type\":\"WebPage\",\"@id\":\"https:\/\/hd-multimedia.com\/privacy-policy-hr\/\",\"url\":\"https:\/\/hd-multimedia.com\/privacy-policy-hr\/\",\"name\":\"privacy policy HR - hd-multimedia\",\"isPartOf\":{\"@id\":\"https:\/\/hd-multimedia.com\/#website\"},\"datePublished\":\"2019-07-17T13:25:39+00:00\",\"dateModified\":\"2019-07-17T13:25:39+00:00\",\"breadcrumb\":{\"@id\":\"https:\/\/hd-multimedia.com\/privacy-policy-hr\/#breadcrumb\"},\"inLanguage\":\"en-GB\",\"potentialAction\":[{\"@type\":\"ReadAction\",\"target\":[\"https:\/\/hd-multimedia.com\/privacy-policy-hr\/\"]}]},{\"@type\":\"BreadcrumbList\",\"@id\":\"https:\/\/hd-multimedia.com\/privacy-policy-hr\/#breadcrumb\",\"itemListElement\":[{\"@type\":\"ListItem\",\"position\":1,\"name\":\"Po\u010detna stranica\",\"item\":\"https:\/\/hd-multimedia.com\/\"},{\"@type\":\"ListItem\",\"position\":2,\"name\":\"privacy policy HR\"}]},{\"@type\":\"WebSite\",\"@id\":\"https:\/\/hd-multimedia.com\/#website\",\"url\":\"https:\/\/hd-multimedia.com\/\",\"name\":\"hd-multimedia\",\"description\":\"\",\"publisher\":{\"@id\":\"https:\/\/hd-multimedia.com\/#organization\"},\"potentialAction\":[{\"@type\":\"SearchAction\",\"target\":{\"@type\":\"EntryPoint\",\"urlTemplate\":\"https:\/\/hd-multimedia.com\/?s={search_term_string}\"},\"query-input\":\"required name=search_term_string\"}],\"inLanguage\":\"en-GB\"},{\"@type\":\"Organization\",\"@id\":\"https:\/\/hd-multimedia.com\/#organization\",\"name\":\"hd-multimedia\",\"url\":\"https:\/\/hd-multimedia.com\/\",\"logo\":{\"@type\":\"ImageObject\",\"inLanguage\":\"en-GB\",\"@id\":\"https:\/\/hd-multimedia.com\/#\/schema\/logo\/image\/\",\"url\":\"https:\/\/hd-multimedia.com\/hdm_media\/HD-curves-ok-196-56px-alpha-1.png\",\"contentUrl\":\"https:\/\/hd-multimedia.com\/hdm_media\/HD-curves-ok-196-56px-alpha-1.png\",\"width\":196,\"height\":53,\"caption\":\"hd-multimedia\"},\"image\":{\"@id\":\"https:\/\/hd-multimedia.com\/#\/schema\/logo\/image\/\"}}]}<\/script>\n<!-- \/ Yoast SEO plugin. -->","yoast_head_json":{"title":"privacy policy HR - hd-multimedia","robots":{"index":"index","follow":"follow","max-snippet":"max-snippet:-1","max-image-preview":"max-image-preview:large","max-video-preview":"max-video-preview:-1"},"canonical":"https:\/\/hd-multimedia.com\/en\/privacy-policy-hr\/","og_locale":"en_GB","og_type":"article","og_title":"privacy policy HR - hd-multimedia","og_description":"Privatnost osobnih podataka \u2013 hd-multimedia.com\u00a0\u00a0 Ova Pravila o privatnosti opisuju kako se va\u0161i osobni podaci prikupljaju, koriste i dijele kada posjetite ili kupite web trgovinu \u201chd-multimedia\u201d (\u201cWeb stranice\u201d) u vlasni\u0161tvu tvrtke HD-INFO d.o.o.. OSOBNE PODATKE KOJE PRIKUPLJAMO Kada posjetite web stranicu, automatski se prikupljaju odre\u0111eni podaci o va\u0161em ure\u0111aju, uklju\u010duju\u0107i informacije o va\u0161em web pregledniku, [&hellip;]","og_url":"https:\/\/hd-multimedia.com\/en\/privacy-policy-hr\/","og_site_name":"hd-multimedia","twitter_card":"summary_large_image","twitter_misc":{"Estimated reading time":"6 minutes"},"schema":{"@context":"https:\/\/schema.org","@graph":[{"@type":"WebPage","@id":"https:\/\/hd-multimedia.com\/privacy-policy-hr\/","url":"https:\/\/hd-multimedia.com\/privacy-policy-hr\/","name":"privacy policy HR - hd-multimedia","isPartOf":{"@id":"https:\/\/hd-multimedia.com\/#website"},"datePublished":"2019-07-17T13:25:39+00:00","dateModified":"2019-07-17T13:25:39+00:00","breadcrumb":{"@id":"https:\/\/hd-multimedia.com\/privacy-policy-hr\/#breadcrumb"},"inLanguage":"en-GB","potentialAction":[{"@type":"ReadAction","target":["https:\/\/hd-multimedia.com\/privacy-policy-hr\/"]}]},{"@type":"BreadcrumbList","@id":"https:\/\/hd-multimedia.com\/privacy-policy-hr\/#breadcrumb","itemListElement":[{"@type":"ListItem","position":1,"name":"Po\u010detna stranica","item":"https:\/\/hd-multimedia.com\/"},{"@type":"ListItem","position":2,"name":"privacy policy HR"}]},{"@type":"WebSite","@id":"https:\/\/hd-multimedia.com\/#website","url":"https:\/\/hd-multimedia.com\/","name":"hd-multimedia","description":"","publisher":{"@id":"https:\/\/hd-multimedia.com\/#organization"},"potentialAction":[{"@type":"SearchAction","target":{"@type":"EntryPoint","urlTemplate":"https:\/\/hd-multimedia.com\/?s={search_term_string}"},"query-input":"required name=search_term_string"}],"inLanguage":"en-GB"},{"@type":"Organization","@id":"https:\/\/hd-multimedia.com\/#organization","name":"hd-multimedia","url":"https:\/\/hd-multimedia.com\/","logo":{"@type":"ImageObject","inLanguage":"en-GB","@id":"https:\/\/hd-multimedia.com\/#\/schema\/logo\/image\/","url":"https:\/\/hd-multimedia.com\/hdm_media\/HD-curves-ok-196-56px-alpha-1.png","contentUrl":"https:\/\/hd-multimedia.com\/hdm_media\/HD-curves-ok-196-56px-alpha-1.png","width":196,"height":53,"caption":"hd-multimedia"},"image":{"@id":"https:\/\/hd-multimedia.com\/#\/schema\/logo\/image\/"}}]}},"post_mailing_queue_ids":[],"_links":{"self":[{"href":"https:\/\/hd-multimedia.com\/en\/wp-json\/wp\/v2\/pages\/15","targetHints":{"allow":["GET"]}}],"collection":[{"href":"https:\/\/hd-multimedia.com\/en\/wp-json\/wp\/v2\/pages"}],"about":[{"href":"https:\/\/hd-multimedia.com\/en\/wp-json\/wp\/v2\/types\/page"}],"author":[{"embeddable":true,"href":"https:\/\/hd-multimedia.com\/en\/wp-json\/wp\/v2\/users\/1"}],"replies":[{"embeddable":true,"href":"https:\/\/hd-multimedia.com\/en\/wp-json\/wp\/v2\/comments?post=15"}],"version-history":[{"count":3,"href":"https:\/\/hd-multimedia.com\/en\/wp-json\/wp\/v2\/pages\/15\/revisions"}],"predecessor-version":[{"id":20,"href":"https:\/\/hd-multimedia.com\/en\/wp-json\/wp\/v2\/pages\/15\/revisions\/20"}],"wp:attachment":[{"href":"https:\/\/hd-multimedia.com\/en\/wp-json\/wp\/v2\/media?parent=15"}],"curies":[{"name":"wp","href":"https:\/\/api.w.org\/{rel}","templated":true}]}}