{"id":11498,"date":"2023-05-26T14:25:09","date_gmt":"2023-05-26T14:25:09","guid":{"rendered":"https:\/\/hd-multimedia.com\/?page_id=11498"},"modified":"2023-05-26T14:43:06","modified_gmt":"2023-05-26T14:43:06","slug":"msb-technology","status":"publish","type":"page","link":"https:\/\/hd-multimedia.com\/en\/msb-technology\/","title":{"rendered":"MSB technology"},"content":{"rendered":"<div data-elementor-type=\"wp-page\" data-elementor-id=\"11498\" class=\"elementor elementor-11498\" data-elementor-post-type=\"page\">\n\t\t\t\t<div class=\"elementor-element elementor-element-9c5b069 e-flex e-con-boxed e-con e-parent\" data-id=\"9c5b069\" data-element_type=\"container\">\n\t\t\t\t\t<div class=\"e-con-inner\">\n\t\t\t\t<div class=\"elementor-element elementor-element-7d2f263 elementor--h-position-center elementor--v-position-middle elementor-arrows-position-inside elementor-pagination-position-inside elementor-widget elementor-widget-slides\" data-id=\"7d2f263\" data-element_type=\"widget\" data-settings=\"{&quot;navigation&quot;:&quot;both&quot;,&quot;autoplay&quot;:&quot;yes&quot;,&quot;pause_on_hover&quot;:&quot;yes&quot;,&quot;pause_on_interaction&quot;:&quot;yes&quot;,&quot;autoplay_speed&quot;:5000,&quot;infinite&quot;:&quot;yes&quot;,&quot;transition&quot;:&quot;slide&quot;,&quot;transition_speed&quot;:500}\" data-widget_type=\"slides.default\">\n\t\t\t\t<div class=\"elementor-widget-container\">\n\t\t\t\t\t\t\t\t\t<div class=\"elementor-swiper\">\n\t\t\t\t\t<div class=\"elementor-slides-wrapper elementor-main-swiper swiper\" role=\"region\" aria-roledescription=\"carousel\" aria-label=\"Diapozitivi\" dir=\"ltr\" data-animation=\"fadeInUp\" data-no-translation-aria-label=\"\">\n\t\t\t\t<div class=\"swiper-wrapper elementor-slides\">\n\t\t\t\t\t\t\t\t\t\t<div class=\"elementor-repeater-item-7c5c25c swiper-slide\" role=\"group\" aria-roledescription=\"slide\"><div class=\"swiper-slide-bg\" role=\"img\"><\/div><div class=\"swiper-slide-inner\" ><div class=\"swiper-slide-contents\"><\/div><\/div><\/div><div class=\"elementor-repeater-item-74839c2 swiper-slide\" role=\"group\" aria-roledescription=\"slide\"><div class=\"swiper-slide-bg\" role=\"img\"><\/div><div class=\"swiper-slide-inner\" ><div class=\"swiper-slide-contents\"><\/div><\/div><\/div><div class=\"elementor-repeater-item-419800d swiper-slide\" role=\"group\" aria-roledescription=\"slide\"><div class=\"swiper-slide-bg\" role=\"img\"><\/div><div class=\"swiper-slide-inner\" ><div class=\"swiper-slide-contents\"><\/div><\/div><\/div><div class=\"elementor-repeater-item-444c925 swiper-slide\" role=\"group\" aria-roledescription=\"slide\"><div class=\"swiper-slide-bg\" role=\"img\"><\/div><div class=\"swiper-slide-inner\" ><div class=\"swiper-slide-contents\"><\/div><\/div><\/div><div class=\"elementor-repeater-item-a23b3e8 swiper-slide\" role=\"group\" aria-roledescription=\"slide\"><div class=\"swiper-slide-bg\" role=\"img\"><\/div><div class=\"swiper-slide-inner\" ><div class=\"swiper-slide-contents\"><\/div><\/div><\/div>\t\t\t\t<\/div>\n\t\t\t\t\t\t\t\t\t\t\t\t\t\t\t<div class=\"elementor-swiper-button elementor-swiper-button-prev\" role=\"button\" tabindex=\"0\" aria-label=\"Prej\u0161nji diapozitiv\" data-no-translation-aria-label=\"\">\n\t\t\t\t\t\t\t<i aria-hidden=\"true\" class=\"eicon-chevron-left\"><\/i>\t\t\t\t\t\t<\/div>\n\t\t\t\t\t\t<div class=\"elementor-swiper-button elementor-swiper-button-next\" role=\"button\" tabindex=\"0\" aria-label=\"Naslednji diapozitiv\" data-no-translation-aria-label=\"\">\n\t\t\t\t\t\t\t<i aria-hidden=\"true\" class=\"eicon-chevron-right\"><\/i>\t\t\t\t\t\t<\/div>\n\t\t\t\t\t\t\t\t\t\t\t\t\t\t\t\t<div class=\"swiper-pagination\"><\/div>\n\t\t\t\t\t\t\t\t\t\t\t\t<\/div>\n\t\t\t\t<\/div>\n\t\t\t\t\t\t\t\t<\/div>\n\t\t\t\t<\/div>\n\t\t\t\t\t<\/div>\n\t\t\t\t<\/div>\n\t\t<div class=\"elementor-element elementor-element-41f8416 e-flex e-con-boxed e-con e-parent\" data-id=\"41f8416\" data-element_type=\"container\">\n\t\t\t\t\t<div class=\"e-con-inner\">\n\t\t<div class=\"elementor-element elementor-element-22286eb e-con-full e-flex e-con e-parent\" data-id=\"22286eb\" data-element_type=\"container\">\n\t\t\t\t<div class=\"elementor-element elementor-element-86acff5 elementor-widget elementor-widget-image\" data-id=\"86acff5\" data-element_type=\"widget\" data-widget_type=\"image.default\">\n\t\t\t\t<div class=\"elementor-widget-container\">\n\t\t\t\t\t\t\t\t\t\t\t\t\t\t\t<img decoding=\"async\" width=\"150\" height=\"150\" src=\"https:\/\/hd-multimedia.com\/hdm_media\/msb-tech-150x150.png\" class=\"attachment-thumbnail size-thumbnail wp-image-1220\" alt=\"\" srcset=\"https:\/\/hd-multimedia.com\/hdm_media\/msb-tech-150x150.png 150w, https:\/\/hd-multimedia.com\/hdm_media\/msb-tech-300x300.png 300w, https:\/\/hd-multimedia.com\/hdm_media\/msb-tech.png 600w, https:\/\/hd-multimedia.com\/hdm_media\/msb-tech-100x100.png 100w\" sizes=\"(max-width: 150px) 100vw, 150px\" \/>\t\t\t\t\t\t\t\t\t\t\t\t\t\t\t<\/div>\n\t\t\t\t<\/div>\n\t\t\t\t<\/div>\n\t\t<div class=\"elementor-element elementor-element-02f604c e-con-full e-flex e-con e-parent\" data-id=\"02f604c\" data-element_type=\"container\">\n\t\t\t\t<div class=\"elementor-element elementor-element-7941b74 elementor-widget elementor-widget-text-editor\" data-id=\"7941b74\" data-element_type=\"widget\" data-widget_type=\"text-editor.default\">\n\t\t\t\t<div class=\"elementor-widget-container\">\n\t\t\t\t\t\t\t\t\t<p>MSB technology is located in Silicon Valley, a place of top technology in this case a place of top sound. Its engineers and production experts are dedicated to one mission only - to provide you, the user, with the very best in premium sound.<\/p><p>Combining elegant design thinking with a passion for realistic reproduction, our tight-knit team, led by brothers Jonathan and Daniel Gullman, builds and nurtures a wide array of hi-fi products\u2014DACs, transports, and amplifiers\u2014setting an undeniable industry standard. Relying on tight integration between electrical, mechanical and consumer needs, MSB strives to enhance the listening experience. At the end of the day, our joy comes from innovating and sharing our leading technologies with the world.<\/p><p>Over 25 years of DAC design experience \u2013 providing excellent guidance for future finished products. Now, more than ever, our product portfolio has the most flexible architecture yet. Developed and manufactured in-house in California \u2013 taking the digital front-end to a new level of reproduction.<\/p>\t\t\t\t\t\t\t\t<\/div>\n\t\t\t\t<\/div>\n\t\t\t\t<\/div>\n\t\t<div class=\"elementor-element elementor-element-49bca4d e-con-full e-flex e-con e-parent\" data-id=\"49bca4d\" data-element_type=\"container\">\n\t\t\t\t<div class=\"elementor-element elementor-element-def445e elementor-widget elementor-widget-text-editor\" data-id=\"def445e\" data-element_type=\"widget\" data-widget_type=\"text-editor.default\">\n\t\t\t\t<div class=\"elementor-widget-container\">\n\t\t\t\t\t\t\t\t\t<p style=\"text-align: center;\"><strong>MSB technology\u00a0<\/strong><\/p><p style=\"text-align: center;\"><strong><a href=\"https:\/\/hd-multimedia.com\/en\/zastupstva\/\" target=\"_blank\" rel=\"noopener\">PRODUCT PRICE LIST<\/a><\/strong><\/p><p style=\"text-align: center;\"><strong><a href=\"https:\/\/msbtechnology-com.translate.goog\/about-msb\/reviews\/?_x_tr_sl=en&amp;_x_tr_tl=hr&amp;_x_tr_hl=hr&amp;_x_tr_pto=wapp\" target=\"_blank\" rel=\"noopener\">PRODUCT REVIEWS<\/a><\/strong><\/p><p style=\"text-align: center;\"><a href=\"https:\/\/msbtechnology-com.translate.goog\/dacs\/?_x_tr_sl=en&amp;_x_tr_tl=hr&amp;_x_tr_hl=hr&amp;_x_tr_pto=wapp\" target=\"_blank\" rel=\"noopener\"><strong>DAC<\/strong><\/a><\/p><p style=\"text-align: center;\"><a href=\"https:\/\/msbtechnology-com.translate.goog\/amplifiers\/?_x_tr_sl=en&amp;_x_tr_tl=hr&amp;_x_tr_hl=hr&amp;_x_tr_pto=wapp\" target=\"_blank\" rel=\"noopener\"><strong>AMPLIFIERS<\/strong><\/a><\/p><p style=\"text-align: center;\"><strong><a href=\"https:\/\/msbtechnology-com.translate.goog\/accessories\/?_x_tr_sl=en&amp;_x_tr_tl=hr&amp;_x_tr_hl=hr&amp;_x_tr_pto=wapp\" target=\"_blank\" rel=\"noopener\">ADDITIONS<\/a><\/strong><\/p><p style=\"text-align: center;\"><a href=\"https:\/\/msbtechnology-com.translate.goog\/about-msb\/reviews\/?_x_tr_sl=en&amp;_x_tr_tl=hr&amp;_x_tr_hl=hr&amp;_x_tr_pto=wapp\" target=\"_blank\" rel=\"noopener\"><strong>Reviews<\/strong><\/a><\/p><p style=\"text-align: center;\">Webshop<\/p>\t\t\t\t\t\t\t\t<\/div>\n\t\t\t\t<\/div>\n\t\t\t\t<\/div>\n\t\t\t\t\t<\/div>\n\t\t\t\t<\/div>\n\t\t<div class=\"elementor-element elementor-element-a3fb8dd e-flex e-con-boxed e-con e-parent\" data-id=\"a3fb8dd\" data-element_type=\"container\">\n\t\t\t\t\t<div class=\"e-con-inner\">\n\t\t\t\t<div class=\"elementor-element elementor-element-3ae5ea6 elementor-widget elementor-widget-image\" data-id=\"3ae5ea6\" data-element_type=\"widget\" data-widget_type=\"image.default\">\n\t\t\t\t<div class=\"elementor-widget-container\">\n\t\t\t\t\t\t\t\t\t\t\t\t\t\t\t<img fetchpriority=\"high\" decoding=\"async\" width=\"1536\" height=\"574\" src=\"https:\/\/hd-multimedia.com\/hdm_media\/Daniel-and-Jonathan-CNC-Shop-1731px-1536x574.jpg\" class=\"attachment-1536x1536 size-1536x1536 wp-image-11507\" alt=\"\" srcset=\"https:\/\/hd-multimedia.com\/hdm_media\/Daniel-and-Jonathan-CNC-Shop-1731px-1536x574.jpg 1536w, https:\/\/hd-multimedia.com\/hdm_media\/Daniel-and-Jonathan-CNC-Shop-1731px-300x112.jpg 300w, https:\/\/hd-multimedia.com\/hdm_media\/Daniel-and-Jonathan-CNC-Shop-1731px-1024x383.jpg 1024w, https:\/\/hd-multimedia.com\/hdm_media\/Daniel-and-Jonathan-CNC-Shop-1731px-768x287.jpg 768w, https:\/\/hd-multimedia.com\/hdm_media\/Daniel-and-Jonathan-CNC-Shop-1731px-600x224.jpg 600w, https:\/\/hd-multimedia.com\/hdm_media\/Daniel-and-Jonathan-CNC-Shop-1731px.jpg 1731w\" sizes=\"(max-width: 1536px) 100vw, 1536px\" \/>\t\t\t\t\t\t\t\t\t\t\t\t\t\t\t<\/div>\n\t\t\t\t<\/div>\n\t\t\t\t\t<\/div>\n\t\t\t\t<\/div>\n\t\t<div class=\"elementor-element elementor-element-9a02e82 e-flex e-con-boxed e-con e-parent\" data-id=\"9a02e82\" data-element_type=\"container\">\n\t\t\t\t\t<div class=\"e-con-inner\">\n\t\t\t\t<div class=\"elementor-element elementor-element-4eb4580 elementor-widget-divider--view-line elementor-widget elementor-widget-divider\" data-id=\"4eb4580\" data-element_type=\"widget\" data-widget_type=\"divider.default\">\n\t\t\t\t<div class=\"elementor-widget-container\">\n\t\t\t\t\t\t\t<div class=\"elementor-divider\">\n\t\t\t<span class=\"elementor-divider-separator\">\n\t\t\t\t\t\t<\/span>\n\t\t<\/div>\n\t\t\t\t\t\t<\/div>\n\t\t\t\t<\/div>\n\t\t\t\t<div class=\"elementor-element elementor-element-ac53f7e elementor-widget elementor-widget-heading\" data-id=\"ac53f7e\" data-element_type=\"widget\" data-widget_type=\"heading.default\">\n\t\t\t\t<div class=\"elementor-widget-container\">\n\t\t\t\t\t<h2 class=\"elementor-heading-title elementor-size-default\">MSB devices in our SHOW ROOM!<\/h2>\t\t\t\t<\/div>\n\t\t\t\t<\/div>\n\t\t\t\t<div class=\"elementor-element elementor-element-3939180 elementor-widget elementor-widget-text-editor\" data-id=\"3939180\" data-element_type=\"widget\" data-widget_type=\"text-editor.default\">\n\t\t\t\t<div class=\"elementor-widget-container\">\n\t\t\t\t\t\t\t\t\t<h5 style=\"text-align: center;\">On weekdays from 5-7 pm and on Saturdays from 10 am-1 pm - you can arrange a meeting and listen to MSB DAC in our space:\u00a0<\/h5><div style=\"text-align: center;\"><strong>HD-multimedia \u2013 Trg JJ Strossmayera 5, HR-10000 Zagreb. tel:.+385 99 806 0160<\/strong><\/div>\t\t\t\t\t\t\t\t<\/div>\n\t\t\t\t<\/div>\n\t\t\t\t<div class=\"elementor-element elementor-element-0b4b6c6 elementor-align-center elementor-widget elementor-widget-button\" data-id=\"0b4b6c6\" data-element_type=\"widget\" data-widget_type=\"button.default\">\n\t\t\t\t<div class=\"elementor-widget-container\">\n\t\t\t\t\t\t\t\t\t<div class=\"elementor-button-wrapper\">\n\t\t\t\t\t<a class=\"elementor-button elementor-button-link elementor-size-sm\" href=\"https:\/\/hd-multimedia.com\/en\/kontakt\/\">\n\t\t\t\t\t\t<span class=\"elementor-button-content-wrapper\">\n\t\t\t\t\t\t\t\t\t<span class=\"elementor-button-text\">arrange a meeting<\/span>\n\t\t\t\t\t<\/span>\n\t\t\t\t\t<\/a>\n\t\t\t\t<\/div>\n\t\t\t\t\t\t\t\t<\/div>\n\t\t\t\t<\/div>\n\t\t\t\t\t<\/div>\n\t\t\t\t<\/div>\n\t\t\t\t<\/div>","protected":false},"excerpt":{"rendered":"<p>Previous Next MSB technology je smje\u0161ten u Silicijskoj dolini, mjesto vrhunske tehnologije u ovom slu\u010daju mjesto vrhunskog zvuka. Njegovi\u00a0 in\u017eenjeri i stru\u010dnjaci za proizvodnju dedicirani su samo za jednu misiju &#8211; pru\u017eili vam korisnicima &#8211; najbolje u vrhunskom zvuku. Kombiniraju\u0107i elegantno razmi\u0161ljanje o dizajnu sa stra\u0161\u0107u za realisti\u010dnom reprodukcijom, na\u0161 usko povezani tim, predvo\u0111en bra\u0107om [&hellip;]<\/p>","protected":false},"author":1,"featured_media":1220,"parent":0,"menu_order":0,"comment_status":"closed","ping_status":"closed","template":"","meta":{"site-sidebar-layout":"no-sidebar","site-content-layout":"page-builder","ast-site-content-layout":"","site-content-style":"default","site-sidebar-style":"default","ast-global-header-display":"","ast-banner-title-visibility":"","ast-main-header-display":"","ast-hfb-above-header-display":"","ast-hfb-below-header-display":"","ast-hfb-mobile-header-display":"","site-post-title":"disabled","ast-breadcrumbs-content":"","ast-featured-img":"disabled","footer-sml-layout":"","theme-transparent-header-meta":"default","adv-header-id-meta":"","stick-header-meta":"default","header-above-stick-meta":"","header-main-stick-meta":"","header-below-stick-meta":"","astra-migrate-meta-layouts":"default","ast-page-background-enabled":"default","ast-page-background-meta":{"desktop":{"background-color":"","background-image":"","background-repeat":"repeat","background-position":"center center","background-size":"auto","background-attachment":"scroll","background-type":"","background-media":"","overlay-type":"","overlay-color":"","overlay-opacity":"","overlay-gradient":""},"tablet":{"background-color":"","background-image":"","background-repeat":"repeat","background-position":"center center","background-size":"auto","background-attachment":"scroll","background-type":"","background-media":"","overlay-type":"","overlay-color":"","overlay-opacity":"","overlay-gradient":""},"mobile":{"background-color":"","background-image":"","background-repeat":"repeat","background-position":"center center","background-size":"auto","background-attachment":"scroll","background-type":"","background-media":"","overlay-type":"","overlay-color":"","overlay-opacity":"","overlay-gradient":""}},"ast-content-background-meta":{"desktop":{"background-color":"var(--ast-global-color-5)","background-image":"","background-repeat":"repeat","background-position":"center center","background-size":"auto","background-attachment":"scroll","background-type":"","background-media":"","overlay-type":"","overlay-color":"","overlay-opacity":"","overlay-gradient":""},"tablet":{"background-color":"var(--ast-global-color-5)","background-image":"","background-repeat":"repeat","background-position":"center center","background-size":"auto","background-attachment":"scroll","background-type":"","background-media":"","overlay-type":"","overlay-color":"","overlay-opacity":"","overlay-gradient":""},"mobile":{"background-color":"var(--ast-global-color-5)","background-image":"","background-repeat":"repeat","background-position":"center center","background-size":"auto","background-attachment":"scroll","background-type":"","background-media":"","overlay-type":"","overlay-color":"","overlay-opacity":"","overlay-gradient":""}},"footnotes":""},"class_list":["post-11498","page","type-page","status-publish","has-post-thumbnail","hentry"],"yoast_head":"<!-- This site is optimized with the Yoast SEO plugin v21.4 - https:\/\/yoast.com\/wordpress\/plugins\/seo\/ -->\n<title>MSB-technology - hd-multimedia<\/title>\n<meta name=\"description\" content=\"Proizvo\u0111a\u010d vrhunske elektronike, Digitalno analognih konvertera (DAC) i audio poja\u010dala.\" \/>\n<meta name=\"robots\" content=\"index, follow, max-snippet:-1, max-image-preview:large, max-video-preview:-1\" \/>\n<link rel=\"canonical\" href=\"https:\/\/hd-multimedia.com\/en\/msb-technology\/\" \/>\n<meta property=\"og:locale\" content=\"en_GB\" \/>\n<meta property=\"og:type\" content=\"article\" \/>\n<meta property=\"og:title\" content=\"MSB-technology - hd-multimedia\" \/>\n<meta property=\"og:description\" content=\"Proizvo\u0111a\u010d vrhunske elektronike, Digitalno analognih konvertera (DAC) i audio poja\u010dala.\" \/>\n<meta property=\"og:url\" content=\"https:\/\/hd-multimedia.com\/en\/msb-technology\/\" \/>\n<meta property=\"og:site_name\" content=\"hd-multimedia\" \/>\n<meta property=\"article:modified_time\" content=\"2023-05-26T14:43:06+00:00\" \/>\n<meta property=\"og:image\" content=\"https:\/\/hd-multimedia.com\/hdm_media\/msb-tech.png\" \/>\n\t<meta property=\"og:image:width\" content=\"600\" \/>\n\t<meta property=\"og:image:height\" content=\"600\" \/>\n\t<meta property=\"og:image:type\" content=\"image\/png\" \/>\n<meta name=\"twitter:card\" content=\"summary_large_image\" \/>\n<meta name=\"twitter:label1\" content=\"Estimated reading time\" \/>\n\t<meta name=\"twitter:data1\" content=\"2 minutes\" \/>\n<script type=\"application\/ld+json\" class=\"yoast-schema-graph\">{\"@context\":\"https:\/\/schema.org\",\"@graph\":[{\"@type\":\"WebPage\",\"@id\":\"https:\/\/hd-multimedia.com\/msb-technology\/\",\"url\":\"https:\/\/hd-multimedia.com\/msb-technology\/\",\"name\":\"MSB-technology - hd-multimedia\",\"isPartOf\":{\"@id\":\"https:\/\/hd-multimedia.com\/#website\"},\"datePublished\":\"2023-05-26T14:25:09+00:00\",\"dateModified\":\"2023-05-26T14:43:06+00:00\",\"description\":\"Proizvo\u0111a\u010d vrhunske elektronike, Digitalno analognih konvertera (DAC) i audio poja\u010dala.\",\"breadcrumb\":{\"@id\":\"https:\/\/hd-multimedia.com\/msb-technology\/#breadcrumb\"},\"inLanguage\":\"en-GB\",\"potentialAction\":[{\"@type\":\"ReadAction\",\"target\":[\"https:\/\/hd-multimedia.com\/msb-technology\/\"]}]},{\"@type\":\"BreadcrumbList\",\"@id\":\"https:\/\/hd-multimedia.com\/msb-technology\/#breadcrumb\",\"itemListElement\":[{\"@type\":\"ListItem\",\"position\":1,\"name\":\"Po\u010detna stranica\",\"item\":\"https:\/\/hd-multimedia.com\/\"},{\"@type\":\"ListItem\",\"position\":2,\"name\":\"MSB-technology\"}]},{\"@type\":\"WebSite\",\"@id\":\"https:\/\/hd-multimedia.com\/#website\",\"url\":\"https:\/\/hd-multimedia.com\/\",\"name\":\"hd-multimedia\",\"description\":\"\",\"publisher\":{\"@id\":\"https:\/\/hd-multimedia.com\/#organization\"},\"potentialAction\":[{\"@type\":\"SearchAction\",\"target\":{\"@type\":\"EntryPoint\",\"urlTemplate\":\"https:\/\/hd-multimedia.com\/?s={search_term_string}\"},\"query-input\":\"required name=search_term_string\"}],\"inLanguage\":\"en-GB\"},{\"@type\":\"Organization\",\"@id\":\"https:\/\/hd-multimedia.com\/#organization\",\"name\":\"hd-multimedia\",\"url\":\"https:\/\/hd-multimedia.com\/\",\"logo\":{\"@type\":\"ImageObject\",\"inLanguage\":\"en-GB\",\"@id\":\"https:\/\/hd-multimedia.com\/#\/schema\/logo\/image\/\",\"url\":\"https:\/\/hd-multimedia.com\/hdm_media\/HD-curves-ok-196-56px-alpha-1.png\",\"contentUrl\":\"https:\/\/hd-multimedia.com\/hdm_media\/HD-curves-ok-196-56px-alpha-1.png\",\"width\":196,\"height\":53,\"caption\":\"hd-multimedia\"},\"image\":{\"@id\":\"https:\/\/hd-multimedia.com\/#\/schema\/logo\/image\/\"}}]}<\/script>\n<!-- \/ Yoast SEO plugin. -->","yoast_head_json":{"title":"MSB-technology - hd-multimedia","description":"Proizvo\u0111a\u010d vrhunske elektronike, Digitalno analognih konvertera (DAC) i audio poja\u010dala.","robots":{"index":"index","follow":"follow","max-snippet":"max-snippet:-1","max-image-preview":"max-image-preview:large","max-video-preview":"max-video-preview:-1"},"canonical":"https:\/\/hd-multimedia.com\/en\/msb-technology\/","og_locale":"en_GB","og_type":"article","og_title":"MSB-technology - hd-multimedia","og_description":"Proizvo\u0111a\u010d vrhunske elektronike, Digitalno analognih konvertera (DAC) i audio poja\u010dala.","og_url":"https:\/\/hd-multimedia.com\/en\/msb-technology\/","og_site_name":"hd-multimedia","article_modified_time":"2023-05-26T14:43:06+00:00","og_image":[{"width":600,"height":600,"url":"https:\/\/hd-multimedia.com\/hdm_media\/msb-tech.png","type":"image\/png"}],"twitter_card":"summary_large_image","twitter_misc":{"Estimated reading time":"2 minutes"},"schema":{"@context":"https:\/\/schema.org","@graph":[{"@type":"WebPage","@id":"https:\/\/hd-multimedia.com\/msb-technology\/","url":"https:\/\/hd-multimedia.com\/msb-technology\/","name":"MSB-technology - hd-multimedia","isPartOf":{"@id":"https:\/\/hd-multimedia.com\/#website"},"datePublished":"2023-05-26T14:25:09+00:00","dateModified":"2023-05-26T14:43:06+00:00","description":"Proizvo\u0111a\u010d vrhunske elektronike, Digitalno analognih konvertera (DAC) i audio poja\u010dala.","breadcrumb":{"@id":"https:\/\/hd-multimedia.com\/msb-technology\/#breadcrumb"},"inLanguage":"en-GB","potentialAction":[{"@type":"ReadAction","target":["https:\/\/hd-multimedia.com\/msb-technology\/"]}]},{"@type":"BreadcrumbList","@id":"https:\/\/hd-multimedia.com\/msb-technology\/#breadcrumb","itemListElement":[{"@type":"ListItem","position":1,"name":"Po\u010detna stranica","item":"https:\/\/hd-multimedia.com\/"},{"@type":"ListItem","position":2,"name":"MSB-technology"}]},{"@type":"WebSite","@id":"https:\/\/hd-multimedia.com\/#website","url":"https:\/\/hd-multimedia.com\/","name":"hd-multimedia","description":"","publisher":{"@id":"https:\/\/hd-multimedia.com\/#organization"},"potentialAction":[{"@type":"SearchAction","target":{"@type":"EntryPoint","urlTemplate":"https:\/\/hd-multimedia.com\/?s={search_term_string}"},"query-input":"required name=search_term_string"}],"inLanguage":"en-GB"},{"@type":"Organization","@id":"https:\/\/hd-multimedia.com\/#organization","name":"hd-multimedia","url":"https:\/\/hd-multimedia.com\/","logo":{"@type":"ImageObject","inLanguage":"en-GB","@id":"https:\/\/hd-multimedia.com\/#\/schema\/logo\/image\/","url":"https:\/\/hd-multimedia.com\/hdm_media\/HD-curves-ok-196-56px-alpha-1.png","contentUrl":"https:\/\/hd-multimedia.com\/hdm_media\/HD-curves-ok-196-56px-alpha-1.png","width":196,"height":53,"caption":"hd-multimedia"},"image":{"@id":"https:\/\/hd-multimedia.com\/#\/schema\/logo\/image\/"}}]}},"post_mailing_queue_ids":[],"_links":{"self":[{"href":"https:\/\/hd-multimedia.com\/en\/wp-json\/wp\/v2\/pages\/11498","targetHints":{"allow":["GET"]}}],"collection":[{"href":"https:\/\/hd-multimedia.com\/en\/wp-json\/wp\/v2\/pages"}],"about":[{"href":"https:\/\/hd-multimedia.com\/en\/wp-json\/wp\/v2\/types\/page"}],"author":[{"embeddable":true,"href":"https:\/\/hd-multimedia.com\/en\/wp-json\/wp\/v2\/users\/1"}],"replies":[{"embeddable":true,"href":"https:\/\/hd-multimedia.com\/en\/wp-json\/wp\/v2\/comments?post=11498"}],"version-history":[{"count":10,"href":"https:\/\/hd-multimedia.com\/en\/wp-json\/wp\/v2\/pages\/11498\/revisions"}],"predecessor-version":[{"id":11516,"href":"https:\/\/hd-multimedia.com\/en\/wp-json\/wp\/v2\/pages\/11498\/revisions\/11516"}],"wp:featuredmedia":[{"embeddable":true,"href":"https:\/\/hd-multimedia.com\/en\/wp-json\/wp\/v2\/media\/1220"}],"wp:attachment":[{"href":"https:\/\/hd-multimedia.com\/en\/wp-json\/wp\/v2\/media?parent=11498"}],"curies":[{"name":"wp","href":"https:\/\/api.w.org\/{rel}","templated":true}]}}